{"id":38569,"date":"2024-04-04T16:22:46","date_gmt":"2024-04-04T16:22:46","guid":{"rendered":"https:\/\/stella-pss.eu\/?page_id=38569"},"modified":"2025-07-08T15:46:40","modified_gmt":"2025-07-08T15:46:40","slug":"ucp-1-vineyard-france","status":"publish","type":"page","link":"https:\/\/stella-pss.eu\/de\/use-case-pilots\/ucp-1-vineyard-france\/","title":{"rendered":"UCP 1 - Weingarten || FRANKREICH"},"content":{"rendered":"<div data-elementor-type=\"wp-page\" data-elementor-id=\"38569\" class=\"elementor elementor-38569\" data-elementor-post-type=\"page\">\n\t\t\t\t<div class=\"elementor-element elementor-element-10834f3 e-flex e-con-boxed sc_layouts_column_icons_position_left e-con e-parent\" data-id=\"10834f3\" data-element_type=\"container\">\n\t\t\t\t\t<div class=\"e-con-inner\">\n\t\t<div class=\"elementor-element elementor-element-73fe6fe e-con-full e-flex sc_layouts_column_icons_position_left e-con e-child\" data-id=\"73fe6fe\" data-element_type=\"container\">\n\t\t<div class=\"elementor-element elementor-element-bc73912 e-flex e-con-boxed sc_layouts_column_icons_position_left e-con e-child\" data-id=\"bc73912\" data-element_type=\"container\" data-settings=\"{&quot;position&quot;:&quot;sticky&quot;}\">\n\t\t\t\t\t<div class=\"e-con-inner\">\n\t\t\t\t<div class=\"elementor-element elementor-element-5303cbf sc_fly_static elementor-widget elementor-widget-heading\" data-id=\"5303cbf\" data-element_type=\"widget\" data-widget_type=\"heading.default\">\n\t\t\t\t<div class=\"elementor-widget-container\">\n\t\t\t\t\t<h3 class=\"elementor-heading-title elementor-size-default\">UCP 1 - Weingarten | FRANKREICH<\/h3>\t\t\t\t<\/div>\n\t\t\t\t<\/div>\n\t\t\t\t<div class=\"elementor-element elementor-element-6e678ff sc_fly_static elementor-widget elementor-widget-heading\" data-id=\"6e678ff\" data-element_type=\"widget\" data-widget_type=\"heading.default\">\n\t\t\t\t<div class=\"elementor-widget-container\">\n\t\t\t\t\t<h5 class=\"elementor-heading-title elementor-size-default translation-block\">Grapevine Leafroll Disease (<i>GLRaV-1<\/i> &amp; <i>GLRaV-3<\/i> - Virus)\n&amp;\nBois Noir (<i>Candidatus<\/i> Phytoplasma solani - Bakterium)<\/h5>\t\t\t\t<\/div>\n\t\t\t\t<\/div>\n\t\t\t\t<div class=\"elementor-element elementor-element-144c031 sc_fly_static elementor-widget elementor-widget-image\" data-id=\"144c031\" data-element_type=\"widget\" data-settings=\"{&quot;motion_fx_motion_fx_scrolling&quot;:&quot;yes&quot;,&quot;motion_fx_devices&quot;:[&quot;desktop&quot;,&quot;tablet&quot;,&quot;mobile&quot;]}\" data-widget_type=\"image.default\">\n\t\t\t\t<div class=\"elementor-widget-container\">\n\t\t\t\t\t\t\t\t\t\t\t\t\t\t\t<img fetchpriority=\"high\" decoding=\"async\" width=\"500\" height=\"333\" src=\"https:\/\/stella-pss.eu\/wp-content\/uploads\/2024\/01\/grapes-vineyards-plant-sunny-day.jpg\" class=\"attachment-large size-large wp-image-37506\" alt=\"\" srcset=\"https:\/\/stella-pss.eu\/wp-content\/uploads\/2024\/01\/grapes-vineyards-plant-sunny-day.jpg 500w, https:\/\/stella-pss.eu\/wp-content\/uploads\/2024\/01\/grapes-vineyards-plant-sunny-day-370x246.jpg 370w, https:\/\/stella-pss.eu\/wp-content\/uploads\/2024\/01\/grapes-vineyards-plant-sunny-day-410x273.jpg 410w\" sizes=\"(max-width: 600px) 100vw, 500px\" \/>\t\t\t\t\t\t\t\t\t\t\t\t\t\t\t<\/div>\n\t\t\t\t<\/div>\n\t\t\t\t\t<\/div>\n\t\t\t\t<\/div>\n\t\t\t\t<\/div>\n\t\t<div class=\"elementor-element elementor-element-a5cf2b5 e-con-full e-flex sc_layouts_column_icons_position_left e-con e-child\" data-id=\"a5cf2b5\" data-element_type=\"container\">\n\t\t<div class=\"trx_addons_has_bg_text elementor-element elementor-element-1984c71 e-flex e-con-boxed sc_layouts_column_icons_position_left e-con e-child\" data-bg-text=\"{&quot;bg_text&quot;:&quot;Pest Challenges&quot;,&quot;bg_text_effect&quot;:&quot;slide&quot;,&quot;bg_text_overlay&quot;:{&quot;url&quot;:&quot;&quot;},&quot;bg_text_left&quot;:{&quot;unit&quot;:&quot;%&quot;,&quot;size&quot;:0,&quot;sizes&quot;:[]},&quot;bg_text_top&quot;:{&quot;unit&quot;:&quot;%&quot;,&quot;size&quot;:-3,&quot;sizes&quot;:[]},&quot;bg_text_z_index&quot;:{&quot;size&quot;:&quot;0&quot;,&quot;unit&quot;:&quot;px&quot;},&quot;bg_text_marquee&quot;:{&quot;unit&quot;:&quot;px&quot;,&quot;size&quot;:0,&quot;sizes&quot;:[]},&quot;bg_text_marquee_hover&quot;:&quot;&quot;,&quot;bg_text_marquee_margin&quot;:{&quot;unit&quot;:&quot;px&quot;,&quot;size&quot;:50,&quot;sizes&quot;:[]},&quot;bg_text_reverse&quot;:0,&quot;bg_text_accelerate&quot;:0,&quot;bg_text_delimiter_icon&quot;:&quot;&quot;,&quot;bg_text_delimiter_image&quot;:&quot;&quot;,&quot;bg_text_delimiter_svg&quot;:&quot;&quot;,&quot;bg_text_delimiter_rotation&quot;:0}\" data-id=\"1984c71\" data-element_type=\"container\">\n\t\t\t\t\t<div class=\"e-con-inner\">\n\t\t\t\t<div class=\"elementor-element elementor-element-2266481 sc_fly_static elementor-widget elementor-widget-heading\" data-id=\"2266481\" data-element_type=\"widget\" data-widget_type=\"heading.default\">\n\t\t\t\t<div class=\"elementor-widget-container\">\n\t\t\t\t\t<h3 class=\"elementor-heading-title elementor-size-default\">Sch\u00e4dlingsherausforde-rungen<\/h3>\t\t\t\t<\/div>\n\t\t\t\t<\/div>\n\t\t\t\t<div class=\"elementor-element elementor-element-fd54fb3 sc_fly_static elementor-widget elementor-widget-text-editor\" data-id=\"fd54fb3\" data-element_type=\"widget\" data-widget_type=\"text-editor.default\">\n\t\t\t\t<div class=\"elementor-widget-container\">\n\t\t\t\t\t\t\t\t\t<p class=\"translation-block\"><b>Grapevine Leafroll Disease (GLD)<\/b> ist eine Virusinfektion, die durch das Grapevine Leafroll-assoziierte Virus (GLRaV) verursacht und haupts\u00e4chlich durch Schmierl\u00e4use verbreitet wird. Die GLD-Symptome variieren je nach GLRaV-Spezies, wobei GLRaV-1 und GLRaV-3 am schwerwiegendsten sind und von den Beh\u00f6rden gezielt erfasst werden. Zu den Symptomen geh\u00f6ren Blattverf\u00e4rbungen, die die Photosynthese und den Ertrag um 15 bis 30 % verringern, wobei in schweren F\u00e4llen bis zu 60 % Verlust drohen. Infizierte Rebst\u00f6cke zeigen eine verminderte Wuchskraft und erholen sich nur schwer von Wintersch\u00e4den, da die Kohlenhydratspeicher aufgebraucht sind. Die Erntequalit\u00e4t ist beeintr\u00e4chtigt, was sich in einer sp\u00e4ten und unregelm\u00e4\u00dfigen Reifung, einem geringeren Zuckergehalt, einem erh\u00f6hten S\u00e4uregehalt und einem niedrigen Polyphenolgehalt \u00e4u\u00dfert. GLD stellt weltweit ein erhebliches wirtschaftliches Problem dar und f\u00fchrt h\u00e4ufig zum vorzeitigen Roden der Rebst\u00f6cke aufgrund der geringeren Rentabilit\u00e4t. Dar\u00fcber hinaus behindern kontaminierte Baumschulparzellen die Pflanzenproduktion. Die Identifizierung von GLD ist aufgrund der Variabilit\u00e4t der Symptome bei verschiedenen Rebsorten und Umweltfaktoren schwierig.<\/p><p class=\"translation-block\"><b>Bois Noir (BN)<\/b> ist eine Rebenkrankheit, die durch Candidatus Phytoplasma solani verursacht wird, ein RNQP-Bakterium, das in Frankreich haupts\u00e4chlich durch wurzelfressende Fulgores wie Hyalesthes obsoletus \u00fcbertragen wird. BN f\u00fchrt zu Sterilit\u00e4t in symptomatischen Zweigen, die durch Blattverf\u00e4rbung und fehlende Verholzung gekennzeichnet ist, was unmittelbar zu Ernteverlusten und wirtschaftlicher Belastung der Weinberge f\u00fchrt. Quantitative Modelle deuten darauf hin, dass BN die Wein- und Tafeltraubenproduktion in der Europ\u00e4ischen Union um 4-8 % verringern kann. Dar\u00fcber hinaus erschwert BY das Krankheitsmanagement, da es die Erkennung anderer gelber Krankheiten wie Flavescence Dor\u00e9e \u00fcberdeckt, die Erhebungskosten in die H\u00f6he treibt und umfangreiche Anstrengungen f\u00fcr eine genaue Bewertung erforderlich macht. Eine Fehldiagnose aufgrund des Vorhandenseins von BY kann zu unwirksamen Bek\u00e4mpfungsma\u00dfnahmen f\u00fchren, wodurch die Auswirkungen auf die Gesundheit und Produktivit\u00e4t der Weinberge verl\u00e4ngert werden. Einige franz\u00f6sische Regionen stellen j\u00e4hrlich erhebliche Mittel in H\u00f6he von \u00fcber 600.000 Euro f\u00fcr die Bek\u00e4mpfung von BN bereit, was die dringende Notwendigkeit verbesserter Erkennungsstrategien und wirksamer Bek\u00e4mpfungsma\u00dfnahmen unterstreicht<\/p>\t\t\t\t\t\t\t\t<\/div>\n\t\t\t\t<\/div>\n\t\t\t\t\t<\/div>\n\t\t\t\t<\/div>\n\t\t<div class=\"elementor-element elementor-element-576445e e-flex e-con-boxed sc_layouts_column_icons_position_left e-con e-child\" data-id=\"576445e\" data-element_type=\"container\">\n\t\t\t\t\t<div class=\"e-con-inner\">\n\t\t\t\t<div class=\"elementor-element elementor-element-4995bb7 sc_fly_static elementor-widget elementor-widget-heading\" data-id=\"4995bb7\" data-element_type=\"widget\" data-widget_type=\"heading.default\">\n\t\t\t\t<div class=\"elementor-widget-container\">\n\t\t\t\t\t<h3 class=\"elementor-heading-title elementor-size-default\">Herausforderungen der Region<\/h3>\t\t\t\t<\/div>\n\t\t\t\t<\/div>\n\t\t\t\t<div class=\"elementor-element elementor-element-fc05638 sc_fly_static elementor-widget elementor-widget-text-editor\" data-id=\"fc05638\" data-element_type=\"widget\" data-widget_type=\"text-editor.default\">\n\t\t\t\t<div class=\"elementor-widget-container\">\n\t\t\t\t\t\t\t\t\t<p>Das Weingut befindet sich in der Region Elsass mit einer Fl\u00e4che von 15.000 ha und einer Produktion von 1 Million Hektoliter\/Jahr. Es werden haupts\u00e4chlich Qualit\u00e4tswei\u00dfweine und -schaumweine mit der gesch\u00fctzten Ursprungsbezeichnung (g.U.) Elsass erzeugt.<\/p>\n<p>In den els\u00e4ssischen Weinbergen ist die Bek\u00e4mpfung der Grapevine Leafroll Disease (GLD) und der Bois Noir (BN) von entscheidender Bedeutung f\u00fcr die Erhaltung der Gesundheit der Reben, der Produktivit\u00e4t und der Lebensf\u00e4higkeit der Weinindustrie. Die Besorgnis \u00fcber GLD erfordert die Bek\u00e4mpfung von GLRaV-1 und -3 in Mutterreben, die das Angebot an Pflanzmaterial f\u00fcr die Erneuerung von Weinbergen im Elsass bedrohen.<\/p>\t\t\t\t\t\t\t\t<\/div>\n\t\t\t\t<\/div>\n\t\t\t\t\t<\/div>\n\t\t\t\t<\/div>\n\t\t<div class=\"elementor-element elementor-element-9d081f9 e-flex e-con-boxed sc_layouts_column_icons_position_left e-con e-child\" data-id=\"9d081f9\" data-element_type=\"container\" data-settings=\"{&quot;motion_fx_motion_fx_scrolling&quot;:&quot;yes&quot;,&quot;motion_fx_scale_effect&quot;:&quot;yes&quot;,&quot;motion_fx_scale_range&quot;:{&quot;unit&quot;:&quot;%&quot;,&quot;size&quot;:&quot;&quot;,&quot;sizes&quot;:{&quot;start&quot;:31,&quot;end&quot;:75}},&quot;motion_fx_devices&quot;:[&quot;desktop&quot;,&quot;tablet&quot;],&quot;motion_fx_scale_direction&quot;:&quot;out-in&quot;,&quot;motion_fx_scale_speed&quot;:{&quot;unit&quot;:&quot;px&quot;,&quot;size&quot;:4,&quot;sizes&quot;:[]}}\">\n\t\t\t\t\t<div class=\"e-con-inner\">\n\t\t\t\t<div class=\"elementor-element elementor-element-0a0b798 sc_fly_static elementor-widget elementor-widget-heading\" data-id=\"0a0b798\" data-element_type=\"widget\" data-widget_type=\"heading.default\">\n\t\t\t\t<div class=\"elementor-widget-container\">\n\t\t\t\t\t<h3 class=\"elementor-heading-title elementor-size-default\">UCP plan<\/h3>\t\t\t\t<\/div>\n\t\t\t\t<\/div>\n\t\t\t\t<div class=\"elementor-element elementor-element-699fb60 sc_fly_static elementor-widget elementor-widget-text-editor\" data-id=\"699fb60\" data-element_type=\"widget\" data-widget_type=\"text-editor.default\">\n\t\t\t\t<div class=\"elementor-widget-container\">\n\t\t\t\t\t\t\t\t\t<p><strong>F\u00fcr das franz\u00f6sische UCP in der Region Elsass (Weinbau) werden mindestens drei verschiedene Betriebe in verschiedenen Zonen ausgew\u00e4hlt, um das potenzielle Vorhandensein und den Grad des Ausbruchs des Sch\u00e4dlings zu untersuchen.<\/strong><\/p>\t\t\t\t\t\t\t\t<\/div>\n\t\t\t\t<\/div>\n\t\t\t\t\t<\/div>\n\t\t\t\t<\/div>\n\t\t\t\t<\/div>\n\t\t\t\t\t<\/div>\n\t\t\t\t<\/div>\n\t\t\t\t<\/div>","protected":false},"excerpt":{"rendered":"<p>UCP 1 &#8211; Vineyard | FRANCE Grapevine Leafroll Disease (GLRaV-1 &amp; GLRaV-3 &#8211; Virus) &amp;&hellip;<\/p>","protected":false},"author":1,"featured_media":37506,"parent":38487,"menu_order":1,"comment_status":"closed","ping_status":"closed","template":"","meta":{"iawp_total_views":99,"footnotes":""},"class_list":["post-38569","page","type-page","status-publish","has-post-thumbnail","hentry"],"_links":{"self":[{"href":"https:\/\/stella-pss.eu\/de\/wp-json\/wp\/v2\/pages\/38569","targetHints":{"allow":["GET"]}}],"collection":[{"href":"https:\/\/stella-pss.eu\/de\/wp-json\/wp\/v2\/pages"}],"about":[{"href":"https:\/\/stella-pss.eu\/de\/wp-json\/wp\/v2\/types\/page"}],"author":[{"embeddable":true,"href":"https:\/\/stella-pss.eu\/de\/wp-json\/wp\/v2\/users\/1"}],"replies":[{"embeddable":true,"href":"https:\/\/stella-pss.eu\/de\/wp-json\/wp\/v2\/comments?post=38569"}],"version-history":[{"count":0,"href":"https:\/\/stella-pss.eu\/de\/wp-json\/wp\/v2\/pages\/38569\/revisions"}],"up":[{"embeddable":true,"href":"https:\/\/stella-pss.eu\/de\/wp-json\/wp\/v2\/pages\/38487"}],"wp:featuredmedia":[{"embeddable":true,"href":"https:\/\/stella-pss.eu\/de\/wp-json\/wp\/v2\/media\/37506"}],"wp:attachment":[{"href":"https:\/\/stella-pss.eu\/de\/wp-json\/wp\/v2\/media?parent=38569"}],"curies":[{"name":"wp","href":"https:\/\/api.w.org\/{rel}","templated":true}]}}