{"id":39052,"date":"2024-04-08T06:34:57","date_gmt":"2024-04-08T06:34:57","guid":{"rendered":"https:\/\/stella-pss.eu\/?page_id=39052"},"modified":"2026-02-20T09:14:27","modified_gmt":"2026-02-20T09:14:27","slug":"pessl","status":"publish","type":"page","link":"https:\/\/stella-pss.eu\/de\/partners\/pessl\/","title":{"rendered":"PESSL"},"content":{"rendered":"<div data-elementor-type=\"wp-page\" data-elementor-id=\"39052\" class=\"elementor elementor-39052\" data-elementor-post-type=\"page\">\n\t\t\t\t<div class=\"elementor-element elementor-element-c2f56cf e-flex e-con-boxed sc_layouts_column_icons_position_left e-con e-parent\" data-id=\"c2f56cf\" data-element_type=\"container\">\n\t\t\t\t\t<div class=\"e-con-inner\">\n\t\t\t\t<div class=\"elementor-element elementor-element-c34ab3d sc_fly_static elementor-widget elementor-widget-trx_sc_promo\" data-id=\"c34ab3d\" data-element_type=\"widget\" data-widget_type=\"trx_sc_promo.default\">\n\t\t\t\t<div class=\"elementor-widget-container\">\n\t\t\t\t\t<div  \n\tclass=\"sc_promo sc_promo_default sc_promo_size_small sc_promo_image_position_left\" ><div class=\"sc_promo_image\" style=\"background-image:url(\/\/stella-pss.eu\/wp-content\/uploads\/2024\/01\/9.METOS_.jpg);width:50%;left: 0;\" ><\/div><div class=\"sc_promo_text\" style=\"width: 50%;float: right;\" >\n\t\t\t<div class=\"sc_promo_text_inner\"><span class=\"sc_item_subtitle sc_promo_subtitle sc_align_left sc_item_subtitle_above sc_item_title_style_shadow\">PESSL<\/span><h3 class=\"sc_item_title sc_promo_title sc_align_left sc_item_title_style_shadow trx_addons_inline_1043467836\"\n\t\t\t><span class=\"sc_item_title_text\">PESSL<\/span><\/h3><\/div>\n\t\t<\/div><\/div>\t\t\t\t<\/div>\n\t\t\t\t<\/div>\n\t\t\t\t\t<\/div>\n\t\t\t\t<\/div>\n\t\t<div class=\"elementor-element elementor-element-5d528bc e-flex e-con-boxed sc_layouts_column_icons_position_left e-con e-parent\" data-id=\"5d528bc\" data-element_type=\"container\">\n\t\t\t\t\t<div class=\"e-con-inner\">\n\t\t\t\t<div class=\"elementor-element elementor-element-b373842 sc_fly_static elementor-widget elementor-widget-spacer\" data-id=\"b373842\" data-element_type=\"widget\" data-widget_type=\"spacer.default\">\n\t\t\t\t<div class=\"elementor-widget-container\">\n\t\t\t\t\t\t\t<div class=\"elementor-spacer\">\n\t\t\t<div class=\"elementor-spacer-inner\"><\/div>\n\t\t<\/div>\n\t\t\t\t\t\t<\/div>\n\t\t\t\t<\/div>\n\t\t\t\t<div class=\"elementor-element elementor-element-5fcfa1a sc_fly_static elementor-widget elementor-widget-heading\" data-id=\"5fcfa1a\" data-element_type=\"widget\" data-widget_type=\"heading.default\">\n\t\t\t\t<div class=\"elementor-widget-container\">\n\t\t\t\t\t<h4 class=\"elementor-heading-title elementor-size-default translation-block\">\u00dcber PESSL<\/h4>\t\t\t\t<\/div>\n\t\t\t\t<\/div>\n\t\t\t\t<div class=\"elementor-element elementor-element-aa5f5e8 sc_fly_static elementor-widget elementor-widget-text-editor\" data-id=\"aa5f5e8\" data-element_type=\"widget\" data-widget_type=\"text-editor.default\">\n\t\t\t\t<div class=\"elementor-widget-container\">\n\t\t\t\t\t\t\t\t\t<p class=\"translation-block\">Die <strong>PESSL Instruments GmbH<\/strong>, mit Sitz in Weiz, \u00d6sterreich, stellt seit 40 Jahren zuverl\u00e4ssige Messger\u00e4te her. Sie ist spezialisiert auf die Entwicklung innovativer Produkte im Bereich der landwirtschaftlichen \u00dcberwachung und Pr\u00e4zisionslandwirtschaft. PESSL hat verschiedene Ger\u00e4te f\u00fcr die Messung und \u00dcberwachung unterschiedlicher landwirtschaftlicher Parameter entwickelt.\nMehr als 40.000 Stationen in 86 L\u00e4ndern auf der ganzen Welt wurden von mehr als 150 Vertriebspartnern mit den Produkten von PESSL beliefert. Zusammen besch\u00e4ftigen PESSL und seine Tochtergesellschaften 155 Mitarbeiter, die hochwertige Produkte entwickeln und herstellen und den weltweiten Vertrieb organisieren.\nDie Instrumente von PESSL sind unter ihrem Markennamen METOS\u00ae erh\u00e4ltlich. Die Instrumente werden in einer Vielzahl von Bereichen eingesetzt, von der Landwirtschaft bis zur Logistik, von der Forschung bis zu gro\u00dfen Unternehmen. \nBasierend auf der PESSL-Kettenschnittstelle ist der Anschluss von verschiedenen Sensoren m\u00f6glich. Die Produkte sammeln Daten, melden sie an die Webplattform und die mobile Anwendung FieldClimate (ng.fieldclimate.com) und stellen sie f\u00fcr ein optimiertes Umweltmanagement einschlie\u00dflich bedarfsgerechter Bew\u00e4sserung, Pflanzenschutz, Pflanzen- und Insekten\u00fcberwachung zur Verf\u00fcgung.<\/p><p>Angesichts der umfassenden Erfahrung von PESSL in den Bereichen Forschung, Technologieentwicklung, Herstellung von Prototypen und Tests sowie der technischen und wirtschaftlichen Bewertung innovativer Technologien bietet das Unternehmen die richtigen F\u00e4higkeiten, Kenntnisse und Infrastrukturen, um das STELLA-Projekt zu unterst\u00fctzen.<\/p><p>PESSL ist einer der f\u00fchrenden IoT-Anbieter f\u00fcr die Landwirtschaft und bietet innovative und kosteng\u00fcnstige L\u00f6sungen f\u00fcr eine effizientere Betriebsf\u00fchrung. Die Teilnahme am STELLA-Projekt gibt PESSL die M\u00f6glichkeit, den Landwirt:innen sein gesamtes Fachwissen \u00fcber nachhaltige Landwirtschaft zur Verf\u00fcgung zu stellen und seine Mission zu erf\u00fcllen, einen hohen Mehrwert und ma\u00dfgeschneiderte, kosteneffiziente L\u00f6sungen anzubieten und zum globalen Umweltschutz beizutragen.<\/p>\t\t\t\t\t\t\t\t<\/div>\n\t\t\t\t<\/div>\n\t\t\t\t\t<\/div>\n\t\t\t\t<\/div>\n\t\t<div class=\"elementor-element elementor-element-ed530dc e-flex e-con-boxed sc_layouts_column_icons_position_left e-con e-parent\" data-id=\"ed530dc\" data-element_type=\"container\">\n\t\t\t\t\t<div class=\"e-con-inner\">\n\t\t\t\t<div class=\"elementor-element elementor-element-ed5dede sc_fly_static elementor-widget elementor-widget-spacer\" data-id=\"ed5dede\" data-element_type=\"widget\" data-widget_type=\"spacer.default\">\n\t\t\t\t<div class=\"elementor-widget-container\">\n\t\t\t\t\t\t\t<div class=\"elementor-spacer\">\n\t\t\t<div class=\"elementor-spacer-inner\"><\/div>\n\t\t<\/div>\n\t\t\t\t\t\t<\/div>\n\t\t\t\t<\/div>\n\t\t\t\t<div class=\"elementor-element elementor-element-e65e3ed sc_fly_static elementor-widget elementor-widget-heading\" data-id=\"e65e3ed\" data-element_type=\"widget\" data-widget_type=\"heading.default\">\n\t\t\t\t<div class=\"elementor-widget-container\">\n\t\t\t\t\t<h4 class=\"elementor-heading-title elementor-size-default\">PESSL'S ROLE AT STELLA<\/h4>\t\t\t\t<\/div>\n\t\t\t\t<\/div>\n\t\t\t\t<div class=\"elementor-element elementor-element-ffcc32d sc_fly_static elementor-widget elementor-widget-text-editor\" data-id=\"ffcc32d\" data-element_type=\"widget\" data-widget_type=\"text-editor.default\">\n\t\t\t\t<div class=\"elementor-widget-container\">\n\t\t\t\t\t\t\t\t\t<p>Die Hauptaufgaben von Pessl Instruments sind:<\/p>\t\t\t\t\t\t\t\t<\/div>\n\t\t\t\t<\/div>\n\t\t\t\t<div class=\"elementor-element elementor-element-ed65c03 sc_fly_static elementor-widget elementor-widget-text-editor\" data-id=\"ed65c03\" data-element_type=\"widget\" data-widget_type=\"text-editor.default\">\n\t\t\t\t<div class=\"elementor-widget-container\">\n\t\t\t\t\t\t\t\t\t<p><strong>1. Nutzung von IoT-Ger\u00e4ten zur Datenerfassung:<\/strong><\/p>\t\t\t\t\t\t\t\t<\/div>\n\t\t\t\t<\/div>\n\t\t\t\t<div class=\"elementor-element elementor-element-b91b8f4 sc_fly_static elementor-widget elementor-widget-text-editor\" data-id=\"b91b8f4\" data-element_type=\"widget\" data-widget_type=\"text-editor.default\">\n\t\t\t\t<div class=\"elementor-widget-container\">\n\t\t\t\t\t\t\t\t\t<ul><li>Pessl Instruments tr\u00e4gt zu Aufgabe 2.1 (Datenerfassungsprotokolle) bei, indem es drei IoT-Protokolle f\u00fcr die Datenerfassung auf Feldebene mit verschiedenen Sensoren mitentwickelt. Diese IoT-Protokolle gew\u00e4hrleisten eine standardisierte und effiziente Datenerfassung, die an die geografische Variabilit\u00e4t und den Pflanzentyp angepasst ist.<\/li><li>Pessl Instruments wird f\u00fcr das Projekt neuartige intelligente Insektenfallen entwickeln und bereitstellen, um die Insektenvektoren der untersuchten Pflanzenkrankheiten zu erkennen und zu \u00fcberwachen. Diese Fallen werden verschiedene Lockstoffe (Schall, Farbe oder Pheromone) verwenden, die auf den Besonderheiten der verschiedenen Insekten-Vektoren basieren, um eine maximale Fangeffizienz zu erreichen.<\/li><li>Dar\u00fcber hinaus wird Pessl Instruments Sporenfallen zur \u00dcberwachung der Konzentration von Pilzsporen in der Luft bereitstellen, um das Auftreten von Pilzkrankheiten zu identifizieren und deren zeitlichen Verlauf zu beobachten. Die Sporenfallen werden mit molekularen Analysemethoden (PCR, ELISA) untersucht, um die Art und Konzentration der Pilze zu bestimmen.<\/li><li>Die Erfassung, Extraktion und Vorverarbeitung aller gesammelten IoT- und Fallen-Daten (Insekten und Sporen) geh\u00f6rt zu den Aufgaben von Pessl Instruments. Beide Fallen (Insekten und Sporen) helfen bei der Entwicklung von genauen Sch\u00e4dlingsmodellen f\u00fcr Pflanzen aus Aufgabe T2.3.<\/li><li>Die gesammelten Daten flie\u00dfen in die STELLA-Datenbank (Aufgabe T2.5 und WP3) zur weiteren Verwendung bei der Modellierung und Analyse ein.<\/li><\/ul>\t\t\t\t\t\t\t\t<\/div>\n\t\t\t\t<\/div>\n\t\t\t\t<div class=\"elementor-element elementor-element-1bc0c57 sc_fly_static elementor-widget elementor-widget-text-editor\" data-id=\"1bc0c57\" data-element_type=\"widget\" data-widget_type=\"text-editor.default\">\n\t\t\t\t<div class=\"elementor-widget-container\">\n\t\t\t\t\t\t\t\t\t<p><strong>2. Entwickeln und Bereitstellen einer mobilen Anwendung:<\/strong><\/p>\t\t\t\t\t\t\t\t<\/div>\n\t\t\t\t<\/div>\n\t\t\t\t<div class=\"elementor-element elementor-element-5e01649 sc_fly_static elementor-widget elementor-widget-text-editor\" data-id=\"5e01649\" data-element_type=\"widget\" data-widget_type=\"text-editor.default\">\n\t\t\t\t<div class=\"elementor-widget-container\">\n\t\t\t\t\t\t\t\t\t<ul><li>Pessl Instruments leitet die Aufgabe 2.4, die sich auf die Entwicklung und Modifizierung der Smartphone-Anwendung f\u00fcr die Crowdsourcing-Datenerfassung konzentriert.<\/li><li>Die App erleichtert die Datenerfassung von UCP-Feldern und globalen Feldern, erkennt ausgew\u00e4hlte Sch\u00e4dlinge und nutzt GPS-Funktionen zum Verst\u00e4ndnis der r\u00e4umlichen Verteilung.<\/li><li>Die App ist mit iOS- und Android-Ger\u00e4ten kompatibel und erm\u00f6glicht es den Beteiligten, Bilder von gesunden und gesch\u00e4digten Pflanzen zu erfassen und zur weiteren Verarbeitung auf die STELLA-Plattform hochzuladen.<\/li><li>Pessl Instruments ist f\u00fcr die \u00dcberwachung der App, Updates und die Implementierung von Protokollen verantwortlich<\/li><\/ul>\t\t\t\t\t\t\t\t<\/div>\n\t\t\t\t<\/div>\n\t\t\t\t\t<\/div>\n\t\t\t\t<\/div>\n\t\t<div class=\"trx_addons_has_bg_text elementor-element elementor-element-30c618f e-flex e-con-boxed sc_layouts_column_icons_position_left e-con e-parent\" data-bg-text=\"{&quot;bg_text&quot;:&quot;MORE INFO&quot;,&quot;bg_text_effect&quot;:&quot;slide&quot;,&quot;bg_text_overlay&quot;:{&quot;url&quot;:&quot;&quot;},&quot;bg_text_left&quot;:{&quot;size&quot;:&quot;&quot;,&quot;unit&quot;:&quot;%&quot;},&quot;bg_text_top&quot;:{&quot;size&quot;:&quot;&quot;,&quot;unit&quot;:&quot;%&quot;},&quot;bg_text_z_index&quot;:{&quot;size&quot;:&quot;0&quot;,&quot;unit&quot;:&quot;px&quot;},&quot;bg_text_marquee&quot;:{&quot;unit&quot;:&quot;px&quot;,&quot;size&quot;:&quot;&quot;,&quot;sizes&quot;:[]},&quot;bg_text_marquee_hover&quot;:&quot;&quot;,&quot;bg_text_marquee_margin&quot;:{&quot;size&quot;:&quot;50&quot;,&quot;unit&quot;:&quot;px&quot;},&quot;bg_text_reverse&quot;:0,&quot;bg_text_accelerate&quot;:0,&quot;bg_text_delimiter_icon&quot;:&quot;&quot;,&quot;bg_text_delimiter_image&quot;:&quot;&quot;,&quot;bg_text_delimiter_svg&quot;:&quot;&quot;,&quot;bg_text_delimiter_rotation&quot;:0}\" data-id=\"30c618f\" data-element_type=\"container\">\n\t\t\t\t\t<div class=\"e-con-inner\">\n\t\t<div class=\"trx_addons_has_bg_text elementor-element elementor-element-7eabae8 e-con-full e-flex sc_layouts_column_icons_position_left e-con e-child\" data-bg-text=\"{&quot;bg_text&quot;:&quot;MORE INFO&quot;,&quot;bg_text_effect&quot;:&quot;slide&quot;,&quot;bg_text_overlay&quot;:{&quot;url&quot;:&quot;&quot;},&quot;bg_text_left&quot;:{&quot;size&quot;:&quot;&quot;,&quot;unit&quot;:&quot;%&quot;},&quot;bg_text_top&quot;:{&quot;unit&quot;:&quot;%&quot;,&quot;size&quot;:-3,&quot;sizes&quot;:[]},&quot;bg_text_z_index&quot;:{&quot;unit&quot;:&quot;px&quot;,&quot;size&quot;:&quot;&quot;,&quot;sizes&quot;:[]},&quot;bg_text_marquee&quot;:{&quot;unit&quot;:&quot;px&quot;,&quot;size&quot;:&quot;&quot;,&quot;sizes&quot;:[]},&quot;bg_text_marquee_hover&quot;:&quot;&quot;,&quot;bg_text_marquee_margin&quot;:{&quot;size&quot;:&quot;50&quot;,&quot;unit&quot;:&quot;px&quot;},&quot;bg_text_reverse&quot;:0,&quot;bg_text_accelerate&quot;:0,&quot;bg_text_delimiter_icon&quot;:&quot;&quot;,&quot;bg_text_delimiter_image&quot;:&quot;&quot;,&quot;bg_text_delimiter_svg&quot;:&quot;&quot;,&quot;bg_text_delimiter_rotation&quot;:0}\" data-id=\"7eabae8\" data-element_type=\"container\">\n\t\t\t\t<div class=\"elementor-element elementor-element-3d0903c sc_fly_static elementor-widget elementor-widget-heading\" data-id=\"3d0903c\" data-element_type=\"widget\" data-widget_type=\"heading.default\">\n\t\t\t\t<div class=\"elementor-widget-container\">\n\t\t\t\t\t<h6 class=\"elementor-heading-title elementor-size-default\">Mehr Informationen<\/h6>\t\t\t\t<\/div>\n\t\t\t\t<\/div>\n\t\t\t\t<div class=\"elementor-element elementor-element-d793a25 sc_fly_static elementor-widget elementor-widget-trx_sc_layouts_iconed_text\" data-id=\"d793a25\" data-element_type=\"widget\" data-widget_type=\"trx_sc_layouts_iconed_text.default\">\n\t\t\t\t<div class=\"elementor-widget-container\">\n\t\t\t\t\t<div class=\"sc_layouts_iconed_text\" ><span class=\"sc_layouts_item_icon sc_layouts_iconed_text_icon icon-locator sc_icon_type_icons\"><\/span><span class=\"sc_layouts_item_details sc_layouts_iconed_text_details\"><span class=\"sc_layouts_item_details_line1 sc_layouts_iconed_text_line1\">\u00d6sterreich<\/span><\/span><\/div>\t\t\t\t<\/div>\n\t\t\t\t<\/div>\n\t\t\t\t<div class=\"elementor-element elementor-element-a27e7ba sc_fly_static elementor-widget elementor-widget-trx_sc_layouts_iconed_text\" data-id=\"a27e7ba\" data-element_type=\"widget\" data-widget_type=\"trx_sc_layouts_iconed_text.default\">\n\t\t\t\t<div class=\"elementor-widget-container\">\n\t\t\t\t\t<div class=\"sc_layouts_iconed_text\" ><a href=\"https:\/\/metos.global\/en\/\" class=\"sc_layouts_item_link sc_layouts_iconed_text_link\" target=\"_blank\" rel=\"noopener noreferrer nofollow\"><span class=\"sc_layouts_item_icon sc_layouts_iconed_text_icon icon-sphere sc_icon_type_icons\"><\/span><span class=\"sc_layouts_item_details sc_layouts_iconed_text_details\"><span class=\"sc_layouts_item_details_line1 sc_layouts_iconed_text_line1\">metos.global<\/span><\/span><\/a><\/div>\t\t\t\t<\/div>\n\t\t\t\t<\/div>\n\t\t\t\t<div class=\"elementor-element elementor-element-e9852ed sc_fly_static elementor-widget elementor-widget-trx_sc_socials\" data-id=\"e9852ed\" data-element_type=\"widget\" data-widget_type=\"trx_sc_socials.default\">\n\t\t\t\t<div class=\"elementor-widget-container\">\n\t\t\t\t\t<div  \n\t\tclass=\"sc_socials sc_socials_default sc_align_none\" ><div class=\"socials_wrap sc_item_content\"><a target=\"_blank\" rel=\"nofollow\" href=\"https:\/\/www.linkedin.com\/company\/pesslinstruments\/\" class=\"social_item social_item_style_icons sc_icon_type_icons social_item_type_icons\"><span class=\"social_icon social_icon_linkedin\" style=\"\"><span class=\"screen-reader-text\">linkedin<\/span><span class=\"icon-linkedin\"><\/span><\/span><\/a><a target=\"_blank\" rel=\"nofollow\" href=\"https:\/\/www.facebook.com\/pesslinstruments\/\" class=\"social_item social_item_style_icons sc_icon_type_icons social_item_type_icons\"><span class=\"social_icon social_icon_facebook\" style=\"\"><span class=\"screen-reader-text\">facebook<\/span><span class=\"icon-facebook\"><\/span><\/span><\/a><a target=\"_blank\" rel=\"nofollow\" href=\"https:\/\/twitter.com\/metos_austria\" class=\"social_item social_item_style_icons sc_icon_type_icons social_item_type_icons\"><span class=\"social_icon social_icon_twitter-x\" style=\"\"><span class=\"screen-reader-text\">twitter-x<\/span><span class=\"trx_addons_icon-twitter-x\"><\/span><\/span><\/a><a target=\"_blank\" rel=\"nofollow\" href=\"https:\/\/www.instagram.com\/pesslinstruments_pi\/\" class=\"social_item social_item_style_icons sc_icon_type_icons social_item_type_icons\"><span class=\"social_icon social_icon_instagram\" style=\"\"><span class=\"screen-reader-text\">instagram<\/span><span class=\"icon-instagram\"><\/span><\/span><\/a><a target=\"_blank\" rel=\"nofollow\" href=\"https:\/\/www.youtube.com\/channel\/UCai0VFEu-x34flR_GzbLGfg\" class=\"social_item social_item_style_icons sc_icon_type_icons social_item_type_icons\"><span class=\"social_icon social_icon_youtube2\" style=\"\"><span class=\"screen-reader-text\">youtube2<\/span><span class=\"trx_addons_icon-youtube2\"><\/span><\/span><\/a><\/div><\/div>\t\t\t\t<\/div>\n\t\t\t\t<\/div>\n\t\t\t\t<\/div>\n\t\t<div class=\"elementor-element elementor-element-e49ca50 e-con-full e-flex sc_layouts_column_icons_position_left e-con e-child\" data-id=\"e49ca50\" data-element_type=\"container\">\n\t\t\t\t<div class=\"elementor-element elementor-element-e73c340 sc_fly_static elementor-widget elementor-widget-heading\" data-id=\"e73c340\" data-element_type=\"widget\" data-widget_type=\"heading.default\">\n\t\t\t\t<div class=\"elementor-widget-container\">\n\t\t\t\t\t<h6 class=\"elementor-heading-title elementor-size-default\">Kontaktperson<\/h6>\t\t\t\t<\/div>\n\t\t\t\t<\/div>\n\t\t\t\t<div class=\"elementor-element elementor-element-4378ec5 elementor-author-box--align-left sc_fly_static elementor-widget elementor-widget-author-box\" data-id=\"4378ec5\" data-element_type=\"widget\" data-widget_type=\"author-box.default\">\n\t\t\t\t<div class=\"elementor-widget-container\">\n\t\t\t\t\t\t\t<div class=\"elementor-author-box\">\n\t\t\t\n\t\t\t<div class=\"elementor-author-box__text\">\n\t\t\t\t\t\t\t\t\t<div >\n\t\t\t\t\t\t<h4 class=\"elementor-author-box__name\">\n\t\t\t\t\t\t\tDr. Heinrich Walter Denzer\t\t\t\t\t\t<\/h4>\n\t\t\t\t\t<\/div>\n\t\t\t\t\n\t\t\t\t\n\t\t\t\t\t\t\t\t\t<a class=\"elementor-author-box__button elementor-button elementor-size-xs\" href=\"mailto:heiner.denzer@metos.at\">\n\t\t\t\t\t\tKontakt\t\t\t\t\t<\/a>\n\t\t\t\t\t\t\t<\/div>\n\t\t<\/div>\n\t\t\t\t\t\t<\/div>\n\t\t\t\t<\/div>\n\t\t\t\t<\/div>\n\t\t\t\t\t<\/div>\n\t\t\t\t<\/div>\n\t\t\t\t<\/div>","protected":false},"excerpt":{"rendered":"<p>PESSL PESSL PESSL Instruments GmbH, located in Weiz, Austria, has been producing reliable measuring instruments&hellip;<\/p>","protected":false},"author":2,"featured_media":37314,"parent":4047,"menu_order":9,"comment_status":"closed","ping_status":"closed","template":"","meta":{"iawp_total_views":47,"footnotes":""},"class_list":["post-39052","page","type-page","status-publish","has-post-thumbnail","hentry"],"_links":{"self":[{"href":"https:\/\/stella-pss.eu\/de\/wp-json\/wp\/v2\/pages\/39052","targetHints":{"allow":["GET"]}}],"collection":[{"href":"https:\/\/stella-pss.eu\/de\/wp-json\/wp\/v2\/pages"}],"about":[{"href":"https:\/\/stella-pss.eu\/de\/wp-json\/wp\/v2\/types\/page"}],"author":[{"embeddable":true,"href":"https:\/\/stella-pss.eu\/de\/wp-json\/wp\/v2\/users\/2"}],"replies":[{"embeddable":true,"href":"https:\/\/stella-pss.eu\/de\/wp-json\/wp\/v2\/comments?post=39052"}],"version-history":[{"count":0,"href":"https:\/\/stella-pss.eu\/de\/wp-json\/wp\/v2\/pages\/39052\/revisions"}],"up":[{"embeddable":true,"href":"https:\/\/stella-pss.eu\/de\/wp-json\/wp\/v2\/pages\/4047"}],"wp:featuredmedia":[{"embeddable":true,"href":"https:\/\/stella-pss.eu\/de\/wp-json\/wp\/v2\/media\/37314"}],"wp:attachment":[{"href":"https:\/\/stella-pss.eu\/de\/wp-json\/wp\/v2\/media?parent=39052"}],"curies":[{"name":"wp","href":"https:\/\/api.w.org\/{rel}","templated":true}]}}