{"id":39090,"date":"2024-04-08T06:55:21","date_gmt":"2024-04-08T06:55:21","guid":{"rendered":"https:\/\/stella-pss.eu\/?page_id=39090"},"modified":"2026-02-20T09:15:35","modified_gmt":"2026-02-20T09:15:35","slug":"edencore","status":"publish","type":"page","link":"https:\/\/stella-pss.eu\/de\/partners\/edencore\/","title":{"rendered":"EDENCORE"},"content":{"rendered":"<div data-elementor-type=\"wp-page\" data-elementor-id=\"39090\" class=\"elementor elementor-39090\" data-elementor-post-type=\"page\">\n\t\t\t\t<div class=\"elementor-element elementor-element-c2f56cf e-flex e-con-boxed sc_layouts_column_icons_position_left e-con e-parent\" data-id=\"c2f56cf\" data-element_type=\"container\">\n\t\t\t\t\t<div class=\"e-con-inner\">\n\t\t\t\t<div class=\"elementor-element elementor-element-c34ab3d sc_fly_static elementor-widget elementor-widget-trx_sc_promo\" data-id=\"c34ab3d\" data-element_type=\"widget\" data-widget_type=\"trx_sc_promo.default\">\n\t\t\t\t<div class=\"elementor-widget-container\">\n\t\t\t\t\t<div  \n\tclass=\"sc_promo sc_promo_default sc_promo_size_small sc_promo_image_position_left\" ><div class=\"sc_promo_image\" style=\"background-image:url(\/\/stella-pss.eu\/wp-content\/uploads\/2024\/01\/12.EDENCORE.jpg);width:50%;left: 0;\" ><\/div><div class=\"sc_promo_text\" style=\"width: 50%;float: right;\" >\n\t\t\t<div class=\"sc_promo_text_inner\"><span class=\"sc_item_subtitle sc_promo_subtitle sc_align_left sc_item_subtitle_above sc_item_title_style_shadow\">EDENCORE<\/span><h3 class=\"sc_item_title sc_promo_title sc_align_left sc_item_title_style_shadow trx_addons_inline_1756035728\"\n\t\t\t><span class=\"sc_item_title_text\">EDENCORE TECHNOLOGIES IKE<\/span><\/h3><\/div>\n\t\t<\/div><\/div>\t\t\t\t<\/div>\n\t\t\t\t<\/div>\n\t\t\t\t\t<\/div>\n\t\t\t\t<\/div>\n\t\t<div class=\"elementor-element elementor-element-5d528bc e-flex e-con-boxed sc_layouts_column_icons_position_left e-con e-parent\" data-id=\"5d528bc\" data-element_type=\"container\">\n\t\t\t\t\t<div class=\"e-con-inner\">\n\t\t\t\t<div class=\"elementor-element elementor-element-b373842 sc_fly_static elementor-widget elementor-widget-spacer\" data-id=\"b373842\" data-element_type=\"widget\" data-widget_type=\"spacer.default\">\n\t\t\t\t<div class=\"elementor-widget-container\">\n\t\t\t\t\t\t\t<div class=\"elementor-spacer\">\n\t\t\t<div class=\"elementor-spacer-inner\"><\/div>\n\t\t<\/div>\n\t\t\t\t\t\t<\/div>\n\t\t\t\t<\/div>\n\t\t\t\t<div class=\"elementor-element elementor-element-5fcfa1a sc_fly_static elementor-widget elementor-widget-heading\" data-id=\"5fcfa1a\" data-element_type=\"widget\" data-widget_type=\"heading.default\">\n\t\t\t\t<div class=\"elementor-widget-container\">\n\t\t\t\t\t<h4 class=\"elementor-heading-title elementor-size-default translation-block\">\u00dcber EDENCORE<\/h4>\t\t\t\t<\/div>\n\t\t\t\t<\/div>\n\t\t\t\t<div class=\"elementor-element elementor-element-aa5f5e8 sc_fly_static elementor-widget elementor-widget-text-editor\" data-id=\"aa5f5e8\" data-element_type=\"widget\" data-widget_type=\"text-editor.default\">\n\t\t\t\t<div class=\"elementor-widget-container\">\n\t\t\t\t\t\t\t\t\t<p class=\"translation-block\"><strong>EdenCore Technologies PC<\/strong> \n\nist ein im Jahr 2021 gegr\u00fcndetes Spin-off-Unternehmen der Landwirtschaftlichen Universit\u00e4t von Athen. Eden Library ( <a class=\"waffle-rich-text-link\" href=\"https:\/\/edenlibrary.ai\/about-us\" target=\"_blank\" rel=\"noopener noreferrer nofollow\">https:\/\/edenlibrary.ai\/about-us<\/a> ) \n\nist eine Projektinitiative, die KI-Experten, Agronomen und Software-Ingenieure zusammenbringt und wirkungsvolle L\u00f6sungen in den Bereichen Smart Farming, Agrar-Robotik, k\u00fcnstliche Intelligenz und Pflanzenpflege liefert. Um die Landwirtschaft durch KI zu ver\u00e4ndern, bietet EdenCore Dienstleistungen an, die von gebrauchsfertigen Datens\u00e4tzen f\u00fcr KI-Projekte bis hin zu einem kamerabasierten Ger\u00e4t zur Erkennung von Sch\u00e4dlingen und Feinden (Eden Library Viewer) reichen. Unser Ziel ist es, Technologien zur Verbesserung der Pflanzenpflege voranzutreiben. EdenCore hat es sich zur Aufgabe gemacht, die L\u00fccke zwischen Computer Vision und den realen Herausforderungen in der Agrar- und Ern\u00e4hrungswirtschaft mit Hilfe modernster Modelle und Tools zu schlie\u00dfen.<\/p>\t\t\t\t\t\t\t\t<\/div>\n\t\t\t\t<\/div>\n\t\t\t\t\t<\/div>\n\t\t\t\t<\/div>\n\t\t<div class=\"elementor-element elementor-element-ed530dc e-flex e-con-boxed sc_layouts_column_icons_position_left e-con e-parent\" data-id=\"ed530dc\" data-element_type=\"container\">\n\t\t\t\t\t<div class=\"e-con-inner\">\n\t\t\t\t<div class=\"elementor-element elementor-element-ed5dede sc_fly_static elementor-widget elementor-widget-spacer\" data-id=\"ed5dede\" data-element_type=\"widget\" data-widget_type=\"spacer.default\">\n\t\t\t\t<div class=\"elementor-widget-container\">\n\t\t\t\t\t\t\t<div class=\"elementor-spacer\">\n\t\t\t<div class=\"elementor-spacer-inner\"><\/div>\n\t\t<\/div>\n\t\t\t\t\t\t<\/div>\n\t\t\t\t<\/div>\n\t\t\t\t<div class=\"elementor-element elementor-element-e65e3ed sc_fly_static elementor-widget elementor-widget-heading\" data-id=\"e65e3ed\" data-element_type=\"widget\" data-widget_type=\"heading.default\">\n\t\t\t\t<div class=\"elementor-widget-container\">\n\t\t\t\t\t<h4 class=\"elementor-heading-title elementor-size-default\">EDENCORE'S ROLE AT STELLA<\/h4>\t\t\t\t<\/div>\n\t\t\t\t<\/div>\n\t\t\t\t<div class=\"elementor-element elementor-element-ffcc32d sc_fly_static elementor-widget elementor-widget-text-editor\" data-id=\"ffcc32d\" data-element_type=\"widget\" data-widget_type=\"text-editor.default\">\n\t\t\t\t<div class=\"elementor-widget-container\">\n\t\t\t\t\t\t\t\t\t<p>EDEN wird zu den verschiedenen Aufgaben in verschiedenen Arbeitspaketen beitragen:<\/p><p><strong>WP2:<\/strong> EDEN wird drei Proximal-Protokolle f\u00fcr die Erfassung von Bildern aus n\u00e4chster N\u00e4he entwickeln (T2.1) und den EDEN Viewer T2.2) einsetzen, ein kamerabasiertes Scouting-System, das auf Traktoren in allen europ\u00e4ischen UCPs und auf einem Husky-Roboter (AGV) in der griechischen UCP (AUA-SF) montiert wird, und wird auch in T2.4 durch die Bereitstellung von Crowdsourcing-Daten beitragen. EDEN wird T2.5 leiten, das darauf abzielt, hochmoderne KI-Technologien f\u00fcr die Erkennung von Sch\u00e4dlingen unter Verwendung von Nah- und Fernerkundungsger\u00e4ten zu entwickeln und einzusetzen.<\/p><p class=\"translation-block\"><strong> WP3:<\/strong> EDEN wird die STELLA-Subsysteme in EdenViewer testen und zu deren Entwicklung und Einsatz beitragen und die neuartigen KI-Modelle in STELLA PSS bereitstellen.<\/p><p><strong>WP6:<\/strong> EDEN wird das STELLA-Projekt durch die Teilnahme an kommerziellen Veranstaltungen (EIMA, AGROTICA, AGRITECHNIKA) und durch Aktivit\u00e4ten in den sozialen Medien verbreiten und kommunizieren, um den Aufbau des \u00d6kosystems und das Engagement verschiedener Interessengruppen zu f\u00f6rdern.\"<\/p>\t\t\t\t\t\t\t\t<\/div>\n\t\t\t\t<\/div>\n\t\t\t\t\t<\/div>\n\t\t\t\t<\/div>\n\t\t<div class=\"trx_addons_has_bg_text elementor-element elementor-element-30c618f e-flex e-con-boxed sc_layouts_column_icons_position_left e-con e-parent\" data-bg-text=\"{&quot;bg_text&quot;:&quot;MORE INFO&quot;,&quot;bg_text_effect&quot;:&quot;slide&quot;,&quot;bg_text_overlay&quot;:{&quot;url&quot;:&quot;&quot;},&quot;bg_text_left&quot;:{&quot;size&quot;:&quot;&quot;,&quot;unit&quot;:&quot;%&quot;},&quot;bg_text_top&quot;:{&quot;size&quot;:&quot;&quot;,&quot;unit&quot;:&quot;%&quot;},&quot;bg_text_z_index&quot;:{&quot;size&quot;:&quot;0&quot;,&quot;unit&quot;:&quot;px&quot;},&quot;bg_text_marquee&quot;:{&quot;unit&quot;:&quot;px&quot;,&quot;size&quot;:&quot;&quot;,&quot;sizes&quot;:[]},&quot;bg_text_marquee_hover&quot;:&quot;&quot;,&quot;bg_text_marquee_margin&quot;:{&quot;size&quot;:&quot;50&quot;,&quot;unit&quot;:&quot;px&quot;},&quot;bg_text_reverse&quot;:0,&quot;bg_text_accelerate&quot;:0,&quot;bg_text_delimiter_icon&quot;:&quot;&quot;,&quot;bg_text_delimiter_image&quot;:&quot;&quot;,&quot;bg_text_delimiter_svg&quot;:&quot;&quot;,&quot;bg_text_delimiter_rotation&quot;:0}\" data-id=\"30c618f\" data-element_type=\"container\">\n\t\t\t\t\t<div class=\"e-con-inner\">\n\t\t<div class=\"trx_addons_has_bg_text elementor-element elementor-element-7eabae8 e-con-full e-flex sc_layouts_column_icons_position_left e-con e-child\" data-bg-text=\"{&quot;bg_text&quot;:&quot;MORE INFO&quot;,&quot;bg_text_effect&quot;:&quot;slide&quot;,&quot;bg_text_overlay&quot;:{&quot;url&quot;:&quot;&quot;},&quot;bg_text_left&quot;:{&quot;size&quot;:&quot;&quot;,&quot;unit&quot;:&quot;%&quot;},&quot;bg_text_top&quot;:{&quot;unit&quot;:&quot;%&quot;,&quot;size&quot;:-3,&quot;sizes&quot;:[]},&quot;bg_text_z_index&quot;:{&quot;unit&quot;:&quot;px&quot;,&quot;size&quot;:&quot;&quot;,&quot;sizes&quot;:[]},&quot;bg_text_marquee&quot;:{&quot;unit&quot;:&quot;px&quot;,&quot;size&quot;:&quot;&quot;,&quot;sizes&quot;:[]},&quot;bg_text_marquee_hover&quot;:&quot;&quot;,&quot;bg_text_marquee_margin&quot;:{&quot;size&quot;:&quot;50&quot;,&quot;unit&quot;:&quot;px&quot;},&quot;bg_text_reverse&quot;:0,&quot;bg_text_accelerate&quot;:0,&quot;bg_text_delimiter_icon&quot;:&quot;&quot;,&quot;bg_text_delimiter_image&quot;:&quot;&quot;,&quot;bg_text_delimiter_svg&quot;:&quot;&quot;,&quot;bg_text_delimiter_rotation&quot;:0}\" data-id=\"7eabae8\" data-element_type=\"container\">\n\t\t\t\t<div class=\"elementor-element elementor-element-3d0903c sc_fly_static elementor-widget elementor-widget-heading\" data-id=\"3d0903c\" data-element_type=\"widget\" data-widget_type=\"heading.default\">\n\t\t\t\t<div class=\"elementor-widget-container\">\n\t\t\t\t\t<h6 class=\"elementor-heading-title elementor-size-default\">Mehr Informationen<\/h6>\t\t\t\t<\/div>\n\t\t\t\t<\/div>\n\t\t\t\t<div class=\"elementor-element elementor-element-d793a25 sc_fly_static elementor-widget elementor-widget-trx_sc_layouts_iconed_text\" data-id=\"d793a25\" data-element_type=\"widget\" data-widget_type=\"trx_sc_layouts_iconed_text.default\">\n\t\t\t\t<div class=\"elementor-widget-container\">\n\t\t\t\t\t<div class=\"sc_layouts_iconed_text\" ><span class=\"sc_layouts_item_icon sc_layouts_iconed_text_icon icon-locator sc_icon_type_icons\"><\/span><span class=\"sc_layouts_item_details sc_layouts_iconed_text_details\"><span class=\"sc_layouts_item_details_line1 sc_layouts_iconed_text_line1\">Griechenland<\/span><\/span><\/div>\t\t\t\t<\/div>\n\t\t\t\t<\/div>\n\t\t\t\t<div class=\"elementor-element elementor-element-a27e7ba sc_fly_static elementor-widget elementor-widget-trx_sc_layouts_iconed_text\" data-id=\"a27e7ba\" data-element_type=\"widget\" data-widget_type=\"trx_sc_layouts_iconed_text.default\">\n\t\t\t\t<div class=\"elementor-widget-container\">\n\t\t\t\t\t<div class=\"sc_layouts_iconed_text\" ><a href=\"https:\/\/edenlibrary.ai\/\" class=\"sc_layouts_item_link sc_layouts_iconed_text_link\" target=\"_blank\" rel=\"noopener noreferrer nofollow\"><span class=\"sc_layouts_item_icon sc_layouts_iconed_text_icon icon-sphere sc_icon_type_icons\"><\/span><span class=\"sc_layouts_item_details sc_layouts_iconed_text_details\"><span class=\"sc_layouts_item_details_line1 sc_layouts_iconed_text_line1\">edenlibrary.ai<\/span><\/span><\/a><\/div>\t\t\t\t<\/div>\n\t\t\t\t<\/div>\n\t\t\t\t<div class=\"elementor-element elementor-element-e9852ed sc_fly_static elementor-widget elementor-widget-trx_sc_socials\" data-id=\"e9852ed\" data-element_type=\"widget\" data-widget_type=\"trx_sc_socials.default\">\n\t\t\t\t<div class=\"elementor-widget-container\">\n\t\t\t\t\t<div  \n\t\tclass=\"sc_socials sc_socials_default sc_align_none\" ><div class=\"socials_wrap sc_item_content\"><a target=\"_blank\" rel=\"nofollow\" href=\"https:\/\/www.linkedin.com\/company\/edenlib\/\" class=\"social_item social_item_style_icons sc_icon_type_icons social_item_type_icons\"><span class=\"social_icon social_icon_linkedin\" style=\"\"><span class=\"screen-reader-text\">linkedin<\/span><span class=\"icon-linkedin\"><\/span><\/span><\/a><a target=\"_blank\" rel=\"nofollow\" href=\"https:\/\/www.facebook.com\/EdenLibraryAI\/\" class=\"social_item social_item_style_icons sc_icon_type_icons social_item_type_icons\"><span class=\"social_icon social_icon_facebook\" style=\"\"><span class=\"screen-reader-text\">facebook<\/span><span class=\"icon-facebook\"><\/span><\/span><\/a><a target=\"_blank\" rel=\"nofollow\" href=\"https:\/\/www.instagram.com\/edenlibraryai\/\" class=\"social_item social_item_style_icons sc_icon_type_icons social_item_type_icons\"><span class=\"social_icon social_icon_instagram\" style=\"\"><span class=\"screen-reader-text\">instagram<\/span><span class=\"icon-instagram\"><\/span><\/span><\/a><a target=\"_blank\" rel=\"nofollow\" href=\"https:\/\/www.youtube.com\/@edenlibrary\" class=\"social_item social_item_style_icons sc_icon_type_icons social_item_type_icons\"><span class=\"social_icon social_icon_youtube2\" style=\"\"><span class=\"screen-reader-text\">youtube2<\/span><span class=\"trx_addons_icon-youtube2\"><\/span><\/span><\/a><\/div><\/div>\t\t\t\t<\/div>\n\t\t\t\t<\/div>\n\t\t\t\t<\/div>\n\t\t<div class=\"elementor-element elementor-element-e49ca50 e-con-full e-flex sc_layouts_column_icons_position_left e-con e-child\" data-id=\"e49ca50\" data-element_type=\"container\">\n\t\t\t\t<div class=\"elementor-element elementor-element-e73c340 sc_fly_static elementor-widget elementor-widget-heading\" data-id=\"e73c340\" data-element_type=\"widget\" data-widget_type=\"heading.default\">\n\t\t\t\t<div class=\"elementor-widget-container\">\n\t\t\t\t\t<h6 class=\"elementor-heading-title elementor-size-default\">Kontaktperson<\/h6>\t\t\t\t<\/div>\n\t\t\t\t<\/div>\n\t\t\t\t<div class=\"elementor-element elementor-element-4378ec5 elementor-author-box--align-left sc_fly_static elementor-widget elementor-widget-author-box\" data-id=\"4378ec5\" data-element_type=\"widget\" data-widget_type=\"author-box.default\">\n\t\t\t\t<div class=\"elementor-widget-container\">\n\t\t\t\t\t\t\t<div class=\"elementor-author-box\">\n\t\t\t\n\t\t\t<div class=\"elementor-author-box__text\">\n\t\t\t\t\t\t\t\t\t<div >\n\t\t\t\t\t\t<h4 class=\"elementor-author-box__name\">\n\t\t\t\t\t\t\tMr. Nikos Mylonas\t\t\t\t\t\t<\/h4>\n\t\t\t\t\t<\/div>\n\t\t\t\t\n\t\t\t\t\n\t\t\t\t\t\t\t\t\t<a class=\"elementor-author-box__button elementor-button elementor-size-xs\" href=\"mailto:nikosm@edenlibrary.com\">\n\t\t\t\t\t\tKontakt\t\t\t\t\t<\/a>\n\t\t\t\t\t\t\t<\/div>\n\t\t<\/div>\n\t\t\t\t\t\t<\/div>\n\t\t\t\t<\/div>\n\t\t\t\t<\/div>\n\t\t\t\t\t<\/div>\n\t\t\t\t<\/div>\n\t\t\t\t<\/div>","protected":false},"excerpt":{"rendered":"<p>EDENCORE EDENCORE TECHNOLOGIES IKE EdenCore Technologies PC is a spin off company of the Agricultural&hellip;<\/p>","protected":false},"author":2,"featured_media":37317,"parent":4047,"menu_order":12,"comment_status":"closed","ping_status":"closed","template":"","meta":{"iawp_total_views":40,"footnotes":""},"class_list":["post-39090","page","type-page","status-publish","has-post-thumbnail","hentry"],"_links":{"self":[{"href":"https:\/\/stella-pss.eu\/de\/wp-json\/wp\/v2\/pages\/39090","targetHints":{"allow":["GET"]}}],"collection":[{"href":"https:\/\/stella-pss.eu\/de\/wp-json\/wp\/v2\/pages"}],"about":[{"href":"https:\/\/stella-pss.eu\/de\/wp-json\/wp\/v2\/types\/page"}],"author":[{"embeddable":true,"href":"https:\/\/stella-pss.eu\/de\/wp-json\/wp\/v2\/users\/2"}],"replies":[{"embeddable":true,"href":"https:\/\/stella-pss.eu\/de\/wp-json\/wp\/v2\/comments?post=39090"}],"version-history":[{"count":0,"href":"https:\/\/stella-pss.eu\/de\/wp-json\/wp\/v2\/pages\/39090\/revisions"}],"up":[{"embeddable":true,"href":"https:\/\/stella-pss.eu\/de\/wp-json\/wp\/v2\/pages\/4047"}],"wp:featuredmedia":[{"embeddable":true,"href":"https:\/\/stella-pss.eu\/de\/wp-json\/wp\/v2\/media\/37317"}],"wp:attachment":[{"href":"https:\/\/stella-pss.eu\/de\/wp-json\/wp\/v2\/media?parent=39090"}],"curies":[{"name":"wp","href":"https:\/\/api.w.org\/{rel}","templated":true}]}}