{"id":39119,"date":"2024-04-08T07:06:54","date_gmt":"2024-04-08T07:06:54","guid":{"rendered":"https:\/\/stella-pss.eu\/?page_id=39119"},"modified":"2026-02-20T09:16:22","modified_gmt":"2026-02-20T09:16:22","slug":"linkolnagritech","status":"publish","type":"page","link":"https:\/\/stella-pss.eu\/de\/partners\/linkolnagritech\/","title":{"rendered":"Lincoln Agritech"},"content":{"rendered":"<div data-elementor-type=\"wp-page\" data-elementor-id=\"39119\" class=\"elementor elementor-39119\" data-elementor-post-type=\"page\">\n\t\t\t\t<div class=\"elementor-element elementor-element-c2f56cf e-flex e-con-boxed sc_layouts_column_icons_position_left e-con e-parent\" data-id=\"c2f56cf\" data-element_type=\"container\">\n\t\t\t\t\t<div class=\"e-con-inner\">\n\t\t\t\t<div class=\"elementor-element elementor-element-c34ab3d sc_fly_static elementor-widget elementor-widget-trx_sc_promo\" data-id=\"c34ab3d\" data-element_type=\"widget\" data-widget_type=\"trx_sc_promo.default\">\n\t\t\t\t<div class=\"elementor-widget-container\">\n\t\t\t\t\t<div  \n\tclass=\"sc_promo sc_promo_default sc_promo_size_small sc_promo_image_position_left\" ><div class=\"sc_promo_image\" style=\"background-image:url(\/\/stella-pss.eu\/wp-content\/uploads\/2024\/01\/14.LINKOLNAGRITECH.jpg);width:50%;left: 0;\" ><\/div><div class=\"sc_promo_text\" style=\"width: 50%;float: right;\" >\n\t\t\t<div class=\"sc_promo_text_inner\"><span class=\"sc_item_subtitle sc_promo_subtitle sc_align_left sc_item_subtitle_above sc_item_title_style_shadow\">LAL<\/span><h3 class=\"sc_item_title sc_promo_title sc_align_left sc_item_title_style_shadow trx_addons_inline_2033344608\"\n\t\t\t><span class=\"sc_item_title_text\">Lincoln Agritech Ltd<\/span><\/h3><\/div>\n\t\t<\/div><\/div>\t\t\t\t<\/div>\n\t\t\t\t<\/div>\n\t\t\t\t\t<\/div>\n\t\t\t\t<\/div>\n\t\t<div class=\"elementor-element elementor-element-5d528bc e-flex e-con-boxed sc_layouts_column_icons_position_left e-con e-parent\" data-id=\"5d528bc\" data-element_type=\"container\">\n\t\t\t\t\t<div class=\"e-con-inner\">\n\t\t\t\t<div class=\"elementor-element elementor-element-b373842 sc_fly_static elementor-widget elementor-widget-spacer\" data-id=\"b373842\" data-element_type=\"widget\" data-widget_type=\"spacer.default\">\n\t\t\t\t<div class=\"elementor-widget-container\">\n\t\t\t\t\t\t\t<div class=\"elementor-spacer\">\n\t\t\t<div class=\"elementor-spacer-inner\"><\/div>\n\t\t<\/div>\n\t\t\t\t\t\t<\/div>\n\t\t\t\t<\/div>\n\t\t\t\t<div class=\"elementor-element elementor-element-5fcfa1a sc_fly_static elementor-widget elementor-widget-heading\" data-id=\"5fcfa1a\" data-element_type=\"widget\" data-widget_type=\"heading.default\">\n\t\t\t\t<div class=\"elementor-widget-container\">\n\t\t\t\t\t<h4 class=\"elementor-heading-title elementor-size-default translation-block\">\u00dcber Lincoln Agritech<\/h4>\t\t\t\t<\/div>\n\t\t\t\t<\/div>\n\t\t\t\t<div class=\"elementor-element elementor-element-aa5f5e8 sc_fly_static elementor-widget elementor-widget-text-editor\" data-id=\"aa5f5e8\" data-element_type=\"widget\" data-widget_type=\"text-editor.default\">\n\t\t\t\t<div class=\"elementor-widget-container\">\n\t\t\t\t\t\t\t\t\t<p class=\"translation-block\"><strong>Lincoln Agritech<\/strong> ist ein zweckorientiertes, f\u00fchrendes Forschungs- und Entwicklungsunternehmen mit einer 60-j\u00e4hrigen Erfolgsgeschichte in der Anwendung neuer und innovativer technischer und wissenschaftlicher Technologien zur Unterst\u00fctzung von Landwirtschaft, Industrie und Umwelt. Wir befinden uns im Besitz der Universit\u00e4t Lincoln, Neuseeland, und vermarkten unsere vielversprechende Arbeit mit externen Partnern; einige wenige Produkte verkaufen wir selbst weltweit (z. B. f\u00fcr die Bew\u00e4sserungsplanung und Nitratmessung).<\/p><p>Auftrag:Unser Ziel ist es, dass Industrie und Gemeinden in einer gesunden Umwelt gedeihen. Unsere Aufgabe ist die innovative Forschung und Entwicklung nachhaltiger L\u00f6sungen in Zusammenarbeit mit der Prim\u00e4rindustrie, den M\u0101ori und der Regierung.<\/p><p>Unser Fachwissen: \nMit mehr als 80 Mitarbeitern haben wir Wissenschaftler:innen, die in folgenden Bereichen arbeiten:<\/p><ul><li>Fortgeschrittene Technik: Unsere Forschung im Bereich Hochtechnologie umfasst Mikrowellen, Radar, Robotik, Hardware und Elektronik sowie medizinische Bildgebung.<\/li><li>Biotechnologie: Unsere biotechnologische Forschung konzentriert sich auf den Einsatz von Mikroorganismen zur Steigerung des Pflanzenwachstums, zur Bek\u00e4mpfung von Krankheiten und zur Verbesserung der Landwirtschaft und Abfallverarbeitung.<\/li><li>Data Science: F\u00fcr Verarbeitung, Modellierung, Visualisierung, maschinelles Lernen, statistische Analyse und Datenbankmanagement zur Entscheidungsunterst\u00fctzung oder Maschinensteuerung.<\/li><li>GreenTech: Die wissenschaftliche Forschung befasst sich mit neuen Methoden und Techniken zur technischen Reduzierung von Emissionen in der Landwirtschaft und Abfallwirtschaft - Methan, Kohlendioxid, Lachgas.<\/li><li>Neue Materialien: (I) basierend auf der Manipulation und Rekonstruktion nat\u00fcrlicher Fasern und Materialien; und (II) k\u00fcnstliche Materialien mit Eigenschaften, die in der Natur nicht vorkommen (z. B. Metamaterialien). (I) based on manipulation and reconstruction of natural fibres and materials; and (II) artificial materials with properties that don\u2019t occur in nature (e.g. metamaterials).<\/li><li>Wasserwissenschaft: Unser Umweltteam konzentriert sich auf Grundwassersysteme und die breitere Umwelt, mit der diese Systeme interagieren. Standort &amp; Einrichtungen.<\/li><li>Pr\u00e4zisionslandwirtschaft: Entwicklung, Weiterentwicklung und Einsatz von digitalen Werkzeugen, Entscheidungshilfen und Aktoren\/Robotern in der Industrie und Ermittlung der Vorteile f\u00fcr die Produktion und die Umwelt.<\/li><\/ul><p>Rolle &amp; Auswirkung: Wir konzentrieren uns auf F&amp;E in den Bereichen Wasserschutz, nachhaltige Produktion, hochwertige nat\u00fcrliche Materialien und Klimaschutz, und stimmen damit mit den UN-Nachhaltigkeitszielen 3, 6, 9 und 12 \u00fcberein. Wir tragen zu globalen Auswirkungen durch Partnerschaften mit Forschungs- und Entwicklungsnutzern bei.<\/p><p>Unsere Standorte: Das Hauptquartier von LAL befindet sich auf dem Campus der Lincoln University, etwas au\u00dferhalb von Christchurch, Neuseeland, wo wir vier Laboratorien betreiben: GreenTech, Mikrowelle, Biotechnologie und Pr\u00e4zisionslandwirtschaft. Au\u00dferdem haben wir ein B\u00fcro in Ruakura, Hamilton, Neuseeland.<\/p>\t\t\t\t\t\t\t\t<\/div>\n\t\t\t\t<\/div>\n\t\t\t\t\t<\/div>\n\t\t\t\t<\/div>\n\t\t<div class=\"elementor-element elementor-element-ed530dc e-flex e-con-boxed sc_layouts_column_icons_position_left e-con e-parent\" data-id=\"ed530dc\" data-element_type=\"container\">\n\t\t\t\t\t<div class=\"e-con-inner\">\n\t\t\t\t<div class=\"elementor-element elementor-element-ed5dede sc_fly_static elementor-widget elementor-widget-spacer\" data-id=\"ed5dede\" data-element_type=\"widget\" data-widget_type=\"spacer.default\">\n\t\t\t\t<div class=\"elementor-widget-container\">\n\t\t\t\t\t\t\t<div class=\"elementor-spacer\">\n\t\t\t<div class=\"elementor-spacer-inner\"><\/div>\n\t\t<\/div>\n\t\t\t\t\t\t<\/div>\n\t\t\t\t<\/div>\n\t\t\t\t<div class=\"elementor-element elementor-element-e65e3ed sc_fly_static elementor-widget elementor-widget-heading\" data-id=\"e65e3ed\" data-element_type=\"widget\" data-widget_type=\"heading.default\">\n\t\t\t\t<div class=\"elementor-widget-container\">\n\t\t\t\t\t<h4 class=\"elementor-heading-title elementor-size-default\">Lincoln Agritech'S ROLE AT STELLA<\/h4>\t\t\t\t<\/div>\n\t\t\t\t<\/div>\n\t\t\t\t<div class=\"elementor-element elementor-element-ffcc32d sc_fly_static elementor-widget elementor-widget-text-editor\" data-id=\"ffcc32d\" data-element_type=\"widget\" data-widget_type=\"text-editor.default\">\n\t\t\t\t<div class=\"elementor-widget-container\">\n\t\t\t\t\t\t\t\t\t<p>LincolnAgritech tr\u00e4gt zu den verschiedenen Arbeitspaketen des STELLA-Projekts bei. Eine Zusammenarbeit mit dem nationalen Projekt der neuseel\u00e4ndischen Apfelindustrie und der neuseel\u00e4ndischen Regierung (\"Smart &amp; Sustainable\") sorgt f\u00fcr Win-Win-Effekte f\u00fcr beide Projekte.<\/p><p><strong> WP2: Datenerfassung, -verarbeitung und -modellierung:<\/strong> LincolnAgritech steuert Fachwissen zu den Aufgaben bei:\nT2.1 - zur Erstellung von Versuchsprotokollen und Datenerhebungsprotokollen f\u00fcr die Use Case Pilots (UCP) in Neuseeland und zur Sammlung von Daten f\u00fcr die Erstellung von KI-Algorithmen zur Erkennung von Krankheiten (\"Neofabraea alba\" - Bull's Eyes Rot von \u00c4pfeln).\nT2.2 Proximal-, IoT- und Fernerkundungsdatenerfassung - umfasst die Erfassung von Daten, die f\u00fcr die Risikomodellierung in WP2 des Projekts erforderlich sind (Wetter, Pflanzenmanagement, R\u00fcckstandsmanagement), Daten \u00fcber die Kultur selbst (z. B. Bewertung der Baumkronen mit dem \"Viewer\" von Edencore) sowie die Probenahme von Sporen der Krankheit (z. B. mit dem Sporensammler von Pessl Instruments) zur \u00dcberwachung der Konzentration von Pilzsporen in der Luft, um den Ausbruch der Pilzkrankheiten (Neofabraea alba in Neuseeland) zu identifizieren und ihr Fortschreiten im Laufe der Zeit zu \u00fcberwachen.\nT2.4 - Crowdsourcing (B\u00fcrgerwissenschaft), z. B. mit B\u00fcrgerwissenschaft, die interessierte Menschen in der Anbauregion anleitet und einbezieht, auf der Grundlage von Schulungen in Workshops in Neuseeland (1 pro Jahr) Aktivit\u00e4ten unter Verwendung der Smartphone-App des Projekts und praktische Schulungen zur Verwendung der App zum Sammeln und Hochladen von Bildern von Sch\u00e4dlingen und Krankheiten, die ihre Kulturen betreffen.<\/p><p><strong>WP3: STELLA-Plattform:<\/strong> LincolnAgritech beteiligt sich an der Aufgabe\nT3.5 - Platform Evaluation and Exploitation (Bewertung und Nutzung der Plattform) und unterst\u00fctzt die Entwicklung und Bewertung der STELLA PSS Plattform.<\/p><p><strong>WP4: Use Case Pilots (UCPs):<\/strong> Verwaltung und Durchf\u00fchrung von Forschungsarbeiten zum Use Case Pilot des Projekts, Durchf\u00fchrung von Tests und Evaluierungen des STELLA PSS \u00fcber drei Jahre zur N. alba-Krankheit in Apfelplantagen in Neuseelands gr\u00f6\u00dfter Obstanbauregion (Hawkes Bay). dies umfasst die Aufgaben: T4.1 - Vorbereitung, Planung und Evaluierungsprotokoll Definition der UCP N. alba in Neuseeland\nT4.2 -  UCP-Ausf\u00fchrung und -\u00dcberwachung unter Verwendung des STELLA-Systems (Anwendungen, Material) wird getestet und liefert Input und Anleitung f\u00fcr nachfolgende Versionen\nT4.3 -  UCP-Evaluierung nach Ma\u00dfgabe von Genauigkeit, Informationsgehalt und Zuverl\u00e4ssigkeit.<\/p><p><strong>WP5: Politikempfehlungen und Kosten-Nutzen-Analyse.<\/strong> LincolnAgritech (UCP5: 'New Zealand', \u00c4pfel) liefert nationale oder branchenbezogene politische Empfehlungen, insbesondere f\u00fcr die Aufgabe:\nT5.2 - Politische Empfehlungen zur Einf\u00fchrung digitaler Technologien mit Schwerpunkt auf der Einf\u00fchrung digitaler Technologien im neuseel\u00e4ndischen Apfelobstsektor\".<\/p>\t\t\t\t\t\t\t\t<\/div>\n\t\t\t\t<\/div>\n\t\t\t\t\t<\/div>\n\t\t\t\t<\/div>\n\t\t<div class=\"trx_addons_has_bg_text elementor-element elementor-element-30c618f e-flex e-con-boxed sc_layouts_column_icons_position_left e-con e-parent\" data-bg-text=\"{&quot;bg_text&quot;:&quot;MORE INFO&quot;,&quot;bg_text_effect&quot;:&quot;slide&quot;,&quot;bg_text_overlay&quot;:{&quot;url&quot;:&quot;&quot;},&quot;bg_text_left&quot;:{&quot;size&quot;:&quot;&quot;,&quot;unit&quot;:&quot;%&quot;},&quot;bg_text_top&quot;:{&quot;size&quot;:&quot;&quot;,&quot;unit&quot;:&quot;%&quot;},&quot;bg_text_z_index&quot;:{&quot;size&quot;:&quot;0&quot;,&quot;unit&quot;:&quot;px&quot;},&quot;bg_text_marquee&quot;:{&quot;unit&quot;:&quot;px&quot;,&quot;size&quot;:&quot;&quot;,&quot;sizes&quot;:[]},&quot;bg_text_marquee_hover&quot;:&quot;&quot;,&quot;bg_text_marquee_margin&quot;:{&quot;size&quot;:&quot;50&quot;,&quot;unit&quot;:&quot;px&quot;},&quot;bg_text_reverse&quot;:0,&quot;bg_text_accelerate&quot;:0,&quot;bg_text_delimiter_icon&quot;:&quot;&quot;,&quot;bg_text_delimiter_image&quot;:&quot;&quot;,&quot;bg_text_delimiter_svg&quot;:&quot;&quot;,&quot;bg_text_delimiter_rotation&quot;:0}\" data-id=\"30c618f\" data-element_type=\"container\">\n\t\t\t\t\t<div class=\"e-con-inner\">\n\t\t<div class=\"trx_addons_has_bg_text elementor-element elementor-element-7eabae8 e-con-full e-flex sc_layouts_column_icons_position_left e-con e-child\" data-bg-text=\"{&quot;bg_text&quot;:&quot;MORE INFO&quot;,&quot;bg_text_effect&quot;:&quot;slide&quot;,&quot;bg_text_overlay&quot;:{&quot;url&quot;:&quot;&quot;},&quot;bg_text_left&quot;:{&quot;size&quot;:&quot;&quot;,&quot;unit&quot;:&quot;%&quot;},&quot;bg_text_top&quot;:{&quot;unit&quot;:&quot;%&quot;,&quot;size&quot;:-3,&quot;sizes&quot;:[]},&quot;bg_text_z_index&quot;:{&quot;unit&quot;:&quot;px&quot;,&quot;size&quot;:&quot;&quot;,&quot;sizes&quot;:[]},&quot;bg_text_marquee&quot;:{&quot;unit&quot;:&quot;px&quot;,&quot;size&quot;:&quot;&quot;,&quot;sizes&quot;:[]},&quot;bg_text_marquee_hover&quot;:&quot;&quot;,&quot;bg_text_marquee_margin&quot;:{&quot;size&quot;:&quot;50&quot;,&quot;unit&quot;:&quot;px&quot;},&quot;bg_text_reverse&quot;:0,&quot;bg_text_accelerate&quot;:0,&quot;bg_text_delimiter_icon&quot;:&quot;&quot;,&quot;bg_text_delimiter_image&quot;:&quot;&quot;,&quot;bg_text_delimiter_svg&quot;:&quot;&quot;,&quot;bg_text_delimiter_rotation&quot;:0}\" data-id=\"7eabae8\" data-element_type=\"container\">\n\t\t\t\t<div class=\"elementor-element elementor-element-3d0903c sc_fly_static elementor-widget elementor-widget-heading\" data-id=\"3d0903c\" data-element_type=\"widget\" data-widget_type=\"heading.default\">\n\t\t\t\t<div class=\"elementor-widget-container\">\n\t\t\t\t\t<h6 class=\"elementor-heading-title elementor-size-default\">Mehr Informationen<\/h6>\t\t\t\t<\/div>\n\t\t\t\t<\/div>\n\t\t\t\t<div class=\"elementor-element elementor-element-d793a25 sc_fly_static elementor-widget elementor-widget-trx_sc_layouts_iconed_text\" data-id=\"d793a25\" data-element_type=\"widget\" data-widget_type=\"trx_sc_layouts_iconed_text.default\">\n\t\t\t\t<div class=\"elementor-widget-container\">\n\t\t\t\t\t<div class=\"sc_layouts_iconed_text\" ><span class=\"sc_layouts_item_icon sc_layouts_iconed_text_icon icon-locator sc_icon_type_icons\"><\/span><span class=\"sc_layouts_item_details sc_layouts_iconed_text_details\"><span class=\"sc_layouts_item_details_line1 sc_layouts_iconed_text_line1\">Neuseeland<\/span><\/span><\/div>\t\t\t\t<\/div>\n\t\t\t\t<\/div>\n\t\t\t\t<div class=\"elementor-element elementor-element-a27e7ba sc_fly_static elementor-widget elementor-widget-trx_sc_layouts_iconed_text\" data-id=\"a27e7ba\" data-element_type=\"widget\" data-widget_type=\"trx_sc_layouts_iconed_text.default\">\n\t\t\t\t<div class=\"elementor-widget-container\">\n\t\t\t\t\t<div class=\"sc_layouts_iconed_text\" ><a href=\"https:\/\/lincolnagritech.co.nz\/\" class=\"sc_layouts_item_link sc_layouts_iconed_text_link\" target=\"_blank\" rel=\"noopener noreferrer nofollow\"><span class=\"sc_layouts_item_icon sc_layouts_iconed_text_icon icon-sphere sc_icon_type_icons\"><\/span><span class=\"sc_layouts_item_details sc_layouts_iconed_text_details\"><span class=\"sc_layouts_item_details_line1 sc_layouts_iconed_text_line1\">lincolnagritech.co.nz<\/span><\/span><\/a><\/div>\t\t\t\t<\/div>\n\t\t\t\t<\/div>\n\t\t\t\t<div class=\"elementor-element elementor-element-e9852ed sc_fly_static elementor-widget elementor-widget-trx_sc_socials\" data-id=\"e9852ed\" data-element_type=\"widget\" data-widget_type=\"trx_sc_socials.default\">\n\t\t\t\t<div class=\"elementor-widget-container\">\n\t\t\t\t\t<div  \n\t\tclass=\"sc_socials sc_socials_default sc_align_none\" ><div class=\"socials_wrap sc_item_content\"><a target=\"_blank\" rel=\"nofollow\" href=\"https:\/\/www.linkedin.com\/company\/lincoln-agritech-limited\/\" class=\"social_item social_item_style_icons sc_icon_type_icons social_item_type_icons\"><span class=\"social_icon social_icon_linkedin\" style=\"\"><span class=\"screen-reader-text\">linkedin<\/span><span class=\"icon-linkedin\"><\/span><\/span><\/a><a target=\"_blank\" rel=\"nofollow\" href=\"https:\/\/www.facebook.com\/LincolnAgritech\" class=\"social_item social_item_style_icons sc_icon_type_icons social_item_type_icons\"><span class=\"social_icon social_icon_facebook\" style=\"\"><span class=\"screen-reader-text\">facebook<\/span><span class=\"icon-facebook\"><\/span><\/span><\/a><a target=\"_blank\" rel=\"nofollow\" href=\"https:\/\/twitter.com\/LincolnAgritech\" class=\"social_item social_item_style_icons sc_icon_type_icons social_item_type_icons\"><span class=\"social_icon social_icon_twitter-x\" style=\"\"><span class=\"screen-reader-text\">twitter-x<\/span><span class=\"trx_addons_icon-twitter-x\"><\/span><\/span><\/a><a target=\"_blank\" rel=\"nofollow\" href=\"https:\/\/www.youtube.com\/channel\/UCchc2JG3ITc62d01Ya4LEFg\" class=\"social_item social_item_style_icons sc_icon_type_icons social_item_type_icons\"><span class=\"social_icon social_icon_youtube2\" style=\"\"><span class=\"screen-reader-text\">youtube2<\/span><span class=\"trx_addons_icon-youtube2\"><\/span><\/span><\/a><\/div><\/div>\t\t\t\t<\/div>\n\t\t\t\t<\/div>\n\t\t\t\t<\/div>\n\t\t<div class=\"elementor-element elementor-element-e49ca50 e-con-full e-flex sc_layouts_column_icons_position_left e-con e-child\" data-id=\"e49ca50\" data-element_type=\"container\">\n\t\t\t\t<div class=\"elementor-element elementor-element-e73c340 sc_fly_static elementor-widget elementor-widget-heading\" data-id=\"e73c340\" data-element_type=\"widget\" data-widget_type=\"heading.default\">\n\t\t\t\t<div class=\"elementor-widget-container\">\n\t\t\t\t\t<h6 class=\"elementor-heading-title elementor-size-default\">Kontaktperson<\/h6>\t\t\t\t<\/div>\n\t\t\t\t<\/div>\n\t\t\t\t<div class=\"elementor-element elementor-element-4378ec5 elementor-author-box--align-left sc_fly_static elementor-widget elementor-widget-author-box\" data-id=\"4378ec5\" data-element_type=\"widget\" data-widget_type=\"author-box.default\">\n\t\t\t\t<div class=\"elementor-widget-container\">\n\t\t\t\t\t\t\t<div class=\"elementor-author-box\">\n\t\t\t\n\t\t\t<div class=\"elementor-author-box__text\">\n\t\t\t\t\t\t\t\t\t<div >\n\t\t\t\t\t\t<h4 class=\"elementor-author-box__name\">\n\t\t\t\t\t\t\tDr. Armin Werner\t\t\t\t\t\t<\/h4>\n\t\t\t\t\t<\/div>\n\t\t\t\t\n\t\t\t\t\n\t\t\t\t\t\t\t\t\t<a class=\"elementor-author-box__button elementor-button elementor-size-xs\" href=\"mailto:Armin.Werner@LincolnAgritech.co.nz\">\n\t\t\t\t\t\tKontakt\t\t\t\t\t<\/a>\n\t\t\t\t\t\t\t<\/div>\n\t\t<\/div>\n\t\t\t\t\t\t<\/div>\n\t\t\t\t<\/div>\n\t\t\t\t<\/div>\n\t\t\t\t\t<\/div>\n\t\t\t\t<\/div>\n\t\t\t\t<\/div>","protected":false},"excerpt":{"rendered":"<p>LAL LINCOLN AGRITECH LIMITED Lincoln Agritech Ltd (LAL) is a for-purpose, leading-edge research and development&hellip;<\/p>","protected":false},"author":2,"featured_media":37319,"parent":4047,"menu_order":14,"comment_status":"closed","ping_status":"closed","template":"","meta":{"iawp_total_views":57,"footnotes":""},"class_list":["post-39119","page","type-page","status-publish","has-post-thumbnail","hentry"],"_links":{"self":[{"href":"https:\/\/stella-pss.eu\/de\/wp-json\/wp\/v2\/pages\/39119","targetHints":{"allow":["GET"]}}],"collection":[{"href":"https:\/\/stella-pss.eu\/de\/wp-json\/wp\/v2\/pages"}],"about":[{"href":"https:\/\/stella-pss.eu\/de\/wp-json\/wp\/v2\/types\/page"}],"author":[{"embeddable":true,"href":"https:\/\/stella-pss.eu\/de\/wp-json\/wp\/v2\/users\/2"}],"replies":[{"embeddable":true,"href":"https:\/\/stella-pss.eu\/de\/wp-json\/wp\/v2\/comments?post=39119"}],"version-history":[{"count":0,"href":"https:\/\/stella-pss.eu\/de\/wp-json\/wp\/v2\/pages\/39119\/revisions"}],"up":[{"embeddable":true,"href":"https:\/\/stella-pss.eu\/de\/wp-json\/wp\/v2\/pages\/4047"}],"wp:featuredmedia":[{"embeddable":true,"href":"https:\/\/stella-pss.eu\/de\/wp-json\/wp\/v2\/media\/37319"}],"wp:attachment":[{"href":"https:\/\/stella-pss.eu\/de\/wp-json\/wp\/v2\/media?parent=39119"}],"curies":[{"name":"wp","href":"https:\/\/api.w.org\/{rel}","templated":true}]}}