{"id":38726,"date":"2024-04-05T09:52:33","date_gmt":"2024-04-05T09:52:33","guid":{"rendered":"https:\/\/stella-pss.eu\/?page_id=38726"},"modified":"2024-04-22T09:33:36","modified_gmt":"2024-04-22T09:33:36","slug":"ucp-3-arable-lithuania","status":"publish","type":"page","link":"https:\/\/stella-pss.eu\/fr\/use-case-pilots\/ucp-3-arable-lithuania\/","title":{"rendered":"UCP 3 - Culture arable || LITUANIE"},"content":{"rendered":"<div data-elementor-type=\"wp-page\" data-elementor-id=\"38726\" class=\"elementor elementor-38726\" data-elementor-post-type=\"page\">\n\t\t\t\t<div class=\"elementor-element elementor-element-10834f3 e-flex e-con-boxed sc_layouts_column_icons_position_left e-con e-parent\" data-id=\"10834f3\" data-element_type=\"container\">\n\t\t\t\t\t<div class=\"e-con-inner\">\n\t\t<div class=\"elementor-element elementor-element-73fe6fe e-con-full e-flex sc_layouts_column_icons_position_left e-con e-child\" data-id=\"73fe6fe\" data-element_type=\"container\">\n\t\t<div class=\"elementor-element elementor-element-bc73912 e-flex e-con-boxed sc_layouts_column_icons_position_left e-con e-child\" data-id=\"bc73912\" data-element_type=\"container\" data-settings=\"{&quot;position&quot;:&quot;sticky&quot;}\">\n\t\t\t\t\t<div class=\"e-con-inner\">\n\t\t\t\t<div class=\"elementor-element elementor-element-5303cbf sc_fly_static elementor-widget elementor-widget-heading\" data-id=\"5303cbf\" data-element_type=\"widget\" data-widget_type=\"heading.default\">\n\t\t\t\t<div class=\"elementor-widget-container\">\n\t\t\t\t\t<h3 class=\"elementor-heading-title elementor-size-default\">UCP 3 - Culture arable | LITUANIE<\/h3>\t\t\t\t<\/div>\n\t\t\t\t<\/div>\n\t\t\t\t<div class=\"elementor-element elementor-element-6e678ff sc_fly_static elementor-widget elementor-widget-heading\" data-id=\"6e678ff\" data-element_type=\"widget\" data-widget_type=\"heading.default\">\n\t\t\t\t<div class=\"elementor-widget-container\">\n\t\t\t\t\t<h5 class=\"elementor-heading-title elementor-size-default\">Virus de l\u2019enroulement de la Pomme de terre (PLRV)<\/h5>\t\t\t\t<\/div>\n\t\t\t\t<\/div>\n\t\t\t\t<div class=\"elementor-element elementor-element-144c031 sc_fly_static elementor-widget elementor-widget-image\" data-id=\"144c031\" data-element_type=\"widget\" data-settings=\"{&quot;motion_fx_motion_fx_scrolling&quot;:&quot;yes&quot;,&quot;motion_fx_devices&quot;:[&quot;desktop&quot;,&quot;tablet&quot;,&quot;mobile&quot;]}\" data-widget_type=\"image.default\">\n\t\t\t\t<div class=\"elementor-widget-container\">\n\t\t\t\t\t\t\t\t\t\t\t\t\t\t\t<img fetchpriority=\"high\" decoding=\"async\" width=\"500\" height=\"347\" src=\"https:\/\/stella-pss.eu\/wp-content\/uploads\/2024\/01\/potatoes-ground.jpg\" class=\"attachment-large size-large wp-image-37502\" alt=\"\" srcset=\"https:\/\/stella-pss.eu\/wp-content\/uploads\/2024\/01\/potatoes-ground.jpg 500w, https:\/\/stella-pss.eu\/wp-content\/uploads\/2024\/01\/potatoes-ground-370x257.jpg 370w, https:\/\/stella-pss.eu\/wp-content\/uploads\/2024\/01\/potatoes-ground-410x285.jpg 410w\" sizes=\"(max-width: 600px) 100vw, 500px\" \/>\t\t\t\t\t\t\t\t\t\t\t\t\t\t\t<\/div>\n\t\t\t\t<\/div>\n\t\t\t\t\t<\/div>\n\t\t\t\t<\/div>\n\t\t\t\t<\/div>\n\t\t<div class=\"elementor-element elementor-element-a5cf2b5 e-con-full e-flex sc_layouts_column_icons_position_left e-con e-child\" data-id=\"a5cf2b5\" data-element_type=\"container\">\n\t\t<div class=\"trx_addons_has_bg_text elementor-element elementor-element-1984c71 e-flex e-con-boxed sc_layouts_column_icons_position_left e-con e-child\" data-bg-text=\"{&quot;bg_text&quot;:&quot;Pest Challenges&quot;,&quot;bg_text_effect&quot;:&quot;slide&quot;,&quot;bg_text_overlay&quot;:{&quot;url&quot;:&quot;&quot;},&quot;bg_text_left&quot;:{&quot;unit&quot;:&quot;%&quot;,&quot;size&quot;:0,&quot;sizes&quot;:[]},&quot;bg_text_top&quot;:{&quot;unit&quot;:&quot;%&quot;,&quot;size&quot;:-3,&quot;sizes&quot;:[]},&quot;bg_text_z_index&quot;:{&quot;size&quot;:&quot;0&quot;,&quot;unit&quot;:&quot;px&quot;},&quot;bg_text_marquee&quot;:{&quot;unit&quot;:&quot;px&quot;,&quot;size&quot;:0,&quot;sizes&quot;:[]},&quot;bg_text_marquee_hover&quot;:&quot;&quot;,&quot;bg_text_marquee_margin&quot;:{&quot;unit&quot;:&quot;px&quot;,&quot;size&quot;:50,&quot;sizes&quot;:[]},&quot;bg_text_reverse&quot;:0,&quot;bg_text_accelerate&quot;:0,&quot;bg_text_delimiter_icon&quot;:&quot;&quot;,&quot;bg_text_delimiter_image&quot;:&quot;&quot;,&quot;bg_text_delimiter_svg&quot;:&quot;&quot;,&quot;bg_text_delimiter_rotation&quot;:0}\" data-id=\"1984c71\" data-element_type=\"container\">\n\t\t\t\t\t<div class=\"e-con-inner\">\n\t\t\t\t<div class=\"elementor-element elementor-element-2266481 sc_fly_static elementor-widget elementor-widget-heading\" data-id=\"2266481\" data-element_type=\"widget\" data-widget_type=\"heading.default\">\n\t\t\t\t<div class=\"elementor-widget-container\">\n\t\t\t\t\t<h3 class=\"elementor-heading-title elementor-size-default\">D\u00e9fis sanitaires<\/h3>\t\t\t\t<\/div>\n\t\t\t\t<\/div>\n\t\t\t\t<div class=\"elementor-element elementor-element-fd54fb3 sc_fly_static elementor-widget elementor-widget-text-editor\" data-id=\"fd54fb3\" data-element_type=\"widget\" data-widget_type=\"text-editor.default\">\n\t\t\t\t<div class=\"elementor-widget-container\">\n\t\t\t\t\t\t\t\t\t<p class=\"translation-block\">Le<span style=\"font-weight: 400\"><strong> virus de l\u2019enroulement de la pomme de terre (PLRV)<\/strong> peut causer jusqu'\u00e0 50% de pertes de rendement dans les cultures de pommes de terre en r\u00e9duisant la qualit\u00e9 et la quantit\u00e9 de la r\u00e9colte. Le virus est transmis par les pucerons, et le contr\u00f4le de la propagation de la maladie d\u00e9pend fortement de leurs cycles de vie. Les mesures de contr\u00f4le efficaces comprennent la surveillance des ravageurs, la d\u00e9tection pr\u00e9coce et la pr\u00e9vention au bon endroit et au bon moment, ainsi que l'\u00e9levage et la gestion des conditions environnementales. La d\u00e9tection pr\u00e9coce et les mesures pr\u00e9ventives sont cruciales pour contr\u00f4ler la propagation du PLRV. <\/span><\/p>\t\t\t\t\t\t\t\t<\/div>\n\t\t\t\t<\/div>\n\t\t\t\t\t<\/div>\n\t\t\t\t<\/div>\n\t\t<div class=\"elementor-element elementor-element-576445e e-flex e-con-boxed sc_layouts_column_icons_position_left e-con e-child\" data-id=\"576445e\" data-element_type=\"container\">\n\t\t\t\t\t<div class=\"e-con-inner\">\n\t\t\t\t<div class=\"elementor-element elementor-element-4995bb7 sc_fly_static elementor-widget elementor-widget-heading\" data-id=\"4995bb7\" data-element_type=\"widget\" data-widget_type=\"heading.default\">\n\t\t\t\t<div class=\"elementor-widget-container\">\n\t\t\t\t\t<h3 class=\"elementor-heading-title elementor-size-default\">D\u00e9fis r\u00e9gionaux<\/h3>\t\t\t\t<\/div>\n\t\t\t\t<\/div>\n\t\t\t\t<div class=\"elementor-element elementor-element-fc05638 sc_fly_static elementor-widget elementor-widget-text-editor\" data-id=\"fc05638\" data-element_type=\"widget\" data-widget_type=\"text-editor.default\">\n\t\t\t\t<div class=\"elementor-widget-container\">\n\t\t\t\t\t\t\t\t\t<p><span style=\"font-weight: 400;\">La culture de la pomme de terre est une activit\u00e9 agricole traditionnelle importante qui joue un r\u00f4le important dans la communaut\u00e9 locale et l'\u00e9conomie de la r\u00e9gion de Vilkavi\u0161kis en Lituanie, avec 500 hectares de pommes de terre cultiv\u00e9s chaque ann\u00e9e.<\/span><\/p>\t\t\t\t\t\t\t\t<\/div>\n\t\t\t\t<\/div>\n\t\t\t\t\t<\/div>\n\t\t\t\t<\/div>\n\t\t<div class=\"elementor-element elementor-element-9d081f9 e-flex e-con-boxed sc_layouts_column_icons_position_left e-con e-child\" data-id=\"9d081f9\" data-element_type=\"container\" data-settings=\"{&quot;motion_fx_motion_fx_scrolling&quot;:&quot;yes&quot;,&quot;motion_fx_scale_effect&quot;:&quot;yes&quot;,&quot;motion_fx_scale_range&quot;:{&quot;unit&quot;:&quot;%&quot;,&quot;size&quot;:&quot;&quot;,&quot;sizes&quot;:{&quot;start&quot;:31,&quot;end&quot;:75}},&quot;motion_fx_devices&quot;:[&quot;desktop&quot;,&quot;tablet&quot;],&quot;motion_fx_scale_direction&quot;:&quot;out-in&quot;,&quot;motion_fx_scale_speed&quot;:{&quot;unit&quot;:&quot;px&quot;,&quot;size&quot;:4,&quot;sizes&quot;:[]}}\">\n\t\t\t\t\t<div class=\"e-con-inner\">\n\t\t\t\t<div class=\"elementor-element elementor-element-0a0b798 sc_fly_static elementor-widget elementor-widget-heading\" data-id=\"0a0b798\" data-element_type=\"widget\" data-widget_type=\"heading.default\">\n\t\t\t\t<div class=\"elementor-widget-container\">\n\t\t\t\t\t<h3 class=\"elementor-heading-title elementor-size-default\">Planification de l\u2019UCP<\/h3>\t\t\t\t<\/div>\n\t\t\t\t<\/div>\n\t\t\t\t<div class=\"elementor-element elementor-element-699fb60 sc_fly_static elementor-widget elementor-widget-text-editor\" data-id=\"699fb60\" data-element_type=\"widget\" data-widget_type=\"text-editor.default\">\n\t\t\t\t<div class=\"elementor-widget-container\">\n\t\t\t\t\t\t\t\t\t<p><strong>Pour l'UCP Lituanien dans la r\u00e9gion de Vilkavi\u0161kis (pomme de terre), un minimum de deux exploitations agricoles de pommes de terre seront s\u00e9lectionn\u00e9es pour tester en continu les solutions STELLA. En raison d'une \u00e9tendue assez faible de cette r\u00e9gion (1.259 km\u00b2), avec des sites de production de pommes de terre proche et des variabilit\u00e9s climatiques faibles dans la r\u00e9gion, il est possible de faire une s\u00e9lection bien dispers\u00e9e d\u2019exploitations, permettant de s'affranchir de barri\u00e8res logistiques et de main-d'\u0153uvre significatives, en terme de surveillance continu du bioagresseur s\u00e9lectionn\u00e9.<\/strong><\/p>\t\t\t\t\t\t\t\t<\/div>\n\t\t\t\t<\/div>\n\t\t\t\t\t<\/div>\n\t\t\t\t<\/div>\n\t\t\t\t<\/div>\n\t\t\t\t\t<\/div>\n\t\t\t\t<\/div>\n\t\t\t\t<\/div>","protected":false},"excerpt":{"rendered":"<p>UCP 3 &#8211; Arable | LITHUANIA Potato Leafroll Virus (PLRV) Pest Challenges Potato leafroll virus&hellip;<\/p>","protected":false},"author":2,"featured_media":37502,"parent":38487,"menu_order":3,"comment_status":"closed","ping_status":"closed","template":"","meta":{"iawp_total_views":35,"footnotes":""},"class_list":["post-38726","page","type-page","status-publish","has-post-thumbnail","hentry"],"_links":{"self":[{"href":"https:\/\/stella-pss.eu\/fr\/wp-json\/wp\/v2\/pages\/38726","targetHints":{"allow":["GET"]}}],"collection":[{"href":"https:\/\/stella-pss.eu\/fr\/wp-json\/wp\/v2\/pages"}],"about":[{"href":"https:\/\/stella-pss.eu\/fr\/wp-json\/wp\/v2\/types\/page"}],"author":[{"embeddable":true,"href":"https:\/\/stella-pss.eu\/fr\/wp-json\/wp\/v2\/users\/2"}],"replies":[{"embeddable":true,"href":"https:\/\/stella-pss.eu\/fr\/wp-json\/wp\/v2\/comments?post=38726"}],"version-history":[{"count":0,"href":"https:\/\/stella-pss.eu\/fr\/wp-json\/wp\/v2\/pages\/38726\/revisions"}],"up":[{"embeddable":true,"href":"https:\/\/stella-pss.eu\/fr\/wp-json\/wp\/v2\/pages\/38487"}],"wp:featuredmedia":[{"embeddable":true,"href":"https:\/\/stella-pss.eu\/fr\/wp-json\/wp\/v2\/media\/37502"}],"wp:attachment":[{"href":"https:\/\/stella-pss.eu\/fr\/wp-json\/wp\/v2\/media?parent=38726"}],"curies":[{"name":"wp","href":"https:\/\/api.w.org\/{rel}","templated":true}]}}