{"id":38747,"date":"2024-04-05T10:13:22","date_gmt":"2024-04-05T10:13:22","guid":{"rendered":"https:\/\/stella-pss.eu\/?page_id=38747"},"modified":"2024-05-01T10:09:56","modified_gmt":"2024-05-01T10:09:56","slug":"ucp-6-orchard-greece","status":"publish","type":"page","link":"https:\/\/stella-pss.eu\/fr\/use-case-pilots\/ucp-6-orchard-greece\/","title":{"rendered":"UCP 6 - Olivier || GR\u00c8CE"},"content":{"rendered":"<div data-elementor-type=\"wp-page\" data-elementor-id=\"38747\" class=\"elementor elementor-38747\" data-elementor-post-type=\"page\">\n\t\t\t\t<div class=\"elementor-element elementor-element-10834f3 e-flex e-con-boxed sc_layouts_column_icons_position_left e-con e-parent\" data-id=\"10834f3\" data-element_type=\"container\">\n\t\t\t\t\t<div class=\"e-con-inner\">\n\t\t<div class=\"elementor-element elementor-element-73fe6fe e-con-full e-flex sc_layouts_column_icons_position_left e-con e-child\" data-id=\"73fe6fe\" data-element_type=\"container\">\n\t\t<div class=\"elementor-element elementor-element-bc73912 e-flex e-con-boxed sc_layouts_column_icons_position_left e-con e-child\" data-id=\"bc73912\" data-element_type=\"container\" data-settings=\"{&quot;position&quot;:&quot;sticky&quot;}\">\n\t\t\t\t\t<div class=\"e-con-inner\">\n\t\t\t\t<div class=\"elementor-element elementor-element-5303cbf sc_fly_static elementor-widget elementor-widget-heading\" data-id=\"5303cbf\" data-element_type=\"widget\" data-widget_type=\"heading.default\">\n\t\t\t\t<div class=\"elementor-widget-container\">\n\t\t\t\t\t<h3 class=\"elementor-heading-title elementor-size-default\">UCP 6 - Olivier | GR\u00c8CE<\/h3>\t\t\t\t<\/div>\n\t\t\t\t<\/div>\n\t\t\t\t<div class=\"elementor-element elementor-element-6e678ff sc_fly_static elementor-widget elementor-widget-heading\" data-id=\"6e678ff\" data-element_type=\"widget\" data-widget_type=\"heading.default\">\n\t\t\t\t<div class=\"elementor-widget-container\">\n\t\t\t\t\t<h5 class=\"elementor-heading-title elementor-size-default translation-block\"><i>Verticillium dahliae<\/i> (champignon) &amp; <i>Pseudomonas savastanoi<\/i> (bact\u00e9rie)<\/h5>\t\t\t\t<\/div>\n\t\t\t\t<\/div>\n\t\t\t\t<div class=\"elementor-element elementor-element-144c031 sc_fly_static elementor-widget elementor-widget-image\" data-id=\"144c031\" data-element_type=\"widget\" data-settings=\"{&quot;motion_fx_motion_fx_scrolling&quot;:&quot;yes&quot;,&quot;motion_fx_devices&quot;:[&quot;desktop&quot;,&quot;tablet&quot;,&quot;mobile&quot;]}\" data-widget_type=\"image.default\">\n\t\t\t\t<div class=\"elementor-widget-container\">\n\t\t\t\t\t\t\t\t\t\t\t\t\t\t\t<img fetchpriority=\"high\" decoding=\"async\" width=\"500\" height=\"333\" src=\"https:\/\/stella-pss.eu\/wp-content\/uploads\/2024\/01\/olive-trees.jpg\" class=\"attachment-large size-large wp-image-37505\" alt=\"\" srcset=\"https:\/\/stella-pss.eu\/wp-content\/uploads\/2024\/01\/olive-trees.jpg 500w, https:\/\/stella-pss.eu\/wp-content\/uploads\/2024\/01\/olive-trees-370x246.jpg 370w, https:\/\/stella-pss.eu\/wp-content\/uploads\/2024\/01\/olive-trees-410x273.jpg 410w\" sizes=\"(max-width: 600px) 100vw, 500px\" \/>\t\t\t\t\t\t\t\t\t\t\t\t\t\t\t<\/div>\n\t\t\t\t<\/div>\n\t\t\t\t\t<\/div>\n\t\t\t\t<\/div>\n\t\t\t\t<\/div>\n\t\t<div class=\"elementor-element elementor-element-a5cf2b5 e-con-full e-flex sc_layouts_column_icons_position_left e-con e-child\" data-id=\"a5cf2b5\" data-element_type=\"container\">\n\t\t<div class=\"trx_addons_has_bg_text elementor-element elementor-element-1984c71 e-flex e-con-boxed sc_layouts_column_icons_position_left e-con e-child\" data-bg-text=\"{&quot;bg_text&quot;:&quot;Pest Challenges&quot;,&quot;bg_text_effect&quot;:&quot;slide&quot;,&quot;bg_text_overlay&quot;:{&quot;url&quot;:&quot;&quot;},&quot;bg_text_left&quot;:{&quot;unit&quot;:&quot;%&quot;,&quot;size&quot;:0,&quot;sizes&quot;:[]},&quot;bg_text_top&quot;:{&quot;unit&quot;:&quot;%&quot;,&quot;size&quot;:-3,&quot;sizes&quot;:[]},&quot;bg_text_z_index&quot;:{&quot;size&quot;:&quot;0&quot;,&quot;unit&quot;:&quot;px&quot;},&quot;bg_text_marquee&quot;:{&quot;unit&quot;:&quot;px&quot;,&quot;size&quot;:0,&quot;sizes&quot;:[]},&quot;bg_text_marquee_hover&quot;:&quot;&quot;,&quot;bg_text_marquee_margin&quot;:{&quot;unit&quot;:&quot;px&quot;,&quot;size&quot;:50,&quot;sizes&quot;:[]},&quot;bg_text_reverse&quot;:0,&quot;bg_text_accelerate&quot;:0,&quot;bg_text_delimiter_icon&quot;:&quot;&quot;,&quot;bg_text_delimiter_image&quot;:&quot;&quot;,&quot;bg_text_delimiter_svg&quot;:&quot;&quot;,&quot;bg_text_delimiter_rotation&quot;:0}\" data-id=\"1984c71\" data-element_type=\"container\">\n\t\t\t\t\t<div class=\"e-con-inner\">\n\t\t\t\t<div class=\"elementor-element elementor-element-2266481 sc_fly_static elementor-widget elementor-widget-heading\" data-id=\"2266481\" data-element_type=\"widget\" data-widget_type=\"heading.default\">\n\t\t\t\t<div class=\"elementor-widget-container\">\n\t\t\t\t\t<h3 class=\"elementor-heading-title elementor-size-default\">D\u00e9fis sanitaires<\/h3>\t\t\t\t<\/div>\n\t\t\t\t<\/div>\n\t\t\t\t<div class=\"elementor-element elementor-element-fd54fb3 sc_fly_static elementor-widget elementor-widget-text-editor\" data-id=\"fd54fb3\" data-element_type=\"widget\" data-widget_type=\"text-editor.default\">\n\t\t\t\t<div class=\"elementor-widget-container translation-block\"><em><strong>Verticillium dahliae<\/strong><\/em><span style=\"font-weight: 400\"> est consid\u00e9r\u00e9 comme l'un des agents pathog\u00e8nes les plus d\u00e9vastateurs pour les oliviers dans le monde, causant la maladie de fl\u00e9trissement verticillien et constituant un facteur limitant majeur pour la production d'huile d'olive. Le champignon, tr\u00e8s difficile \u00e0 contr\u00f4ler, peut provoquer la mort des arbres. Outre les pertes \u00e9conomiques dues \u00e0 la mortalit\u00e9 des arbres et \u00e0 la r\u00e9duction du rendement des fruits, l'effet n\u00e9gatif sur la valeur commerciale de l'huile d'olive vierge a \u00e9t\u00e9 r\u00e9cemment d\u00e9montr\u00e9 en raison des mauvaises propri\u00e9t\u00e9s organoleptiques des fruits des arbres infect\u00e9s par <\/span><i><span style=\"font-weight: 400\">V. dahliae<\/span><\/i><span style=\"font-weight: 400\">. <br><\/span><strong><i>Pseudomonas savastanoi<\/i> pv. <\/strong><i><span style=\"font-weight: 400\"><strong>savastanoi<\/strong> <\/span><\/i><span style=\"font-weight: 400\">est l'agent bact\u00e9rien responsable de la maladie bact\u00e9riose de l'olivier, dont les sympt\u00f4mes comprennent des croissances hyperplasiques (galles ou n\u0153uds tumoraux) sur les tiges et les branches de la plante h\u00f4te, et parfois sur les feuilles et les fruits. La pr\u00e9sence de n\u0153uds dans m\u00eame un seul arbre conduit normalement \u00e0 l'infection rapide de tout le verger, car le pathog\u00e8ne est tr\u00e8s rapidement et efficacement diss\u00e9min\u00e9, avec une colonisation significative des arbres sains en seulement un an.<\/span><\/div>\n\t\t\t\t<\/div>\n\t\t\t\t\t<\/div>\n\t\t\t\t<\/div>\n\t\t<div class=\"elementor-element elementor-element-576445e e-flex e-con-boxed sc_layouts_column_icons_position_left e-con e-child\" data-id=\"576445e\" data-element_type=\"container\">\n\t\t\t\t\t<div class=\"e-con-inner\">\n\t\t\t\t<div class=\"elementor-element elementor-element-4995bb7 sc_fly_static elementor-widget elementor-widget-heading\" data-id=\"4995bb7\" data-element_type=\"widget\" data-widget_type=\"heading.default\">\n\t\t\t\t<div class=\"elementor-widget-container\">\n\t\t\t\t\t<h3 class=\"elementor-heading-title elementor-size-default\">D\u00e9fis r\u00e9gionaux<\/h3>\t\t\t\t<\/div>\n\t\t\t\t<\/div>\n\t\t\t\t<div class=\"elementor-element elementor-element-fc05638 sc_fly_static elementor-widget elementor-widget-text-editor\" data-id=\"fc05638\" data-element_type=\"widget\" data-widget_type=\"text-editor.default\">\n\t\t\t\t<div class=\"elementor-widget-container\">\n\t\t\t\t\t\t\t\t\t<p><span style=\"font-weight: 400;\">Les oliviers sont une culture particuli\u00e8rement importante pour la r\u00e9gion de l'Attique en Gr\u00e8ce o\u00f9 diverses vari\u00e9t\u00e9s d'oliviers sont cultiv\u00e9es. Plus de 9.500 producteurs sont engag\u00e9s dans la culture des oliviers et la production d'huile d'olive dans cette r\u00e9gion, produisant environ 2.700 tonnes d'huile d'olive.<\/span><\/p>\t\t\t\t\t\t\t\t<\/div>\n\t\t\t\t<\/div>\n\t\t\t\t\t<\/div>\n\t\t\t\t<\/div>\n\t\t<div class=\"elementor-element elementor-element-9d081f9 e-flex e-con-boxed sc_layouts_column_icons_position_left e-con e-child\" data-id=\"9d081f9\" data-element_type=\"container\" data-settings=\"{&quot;motion_fx_motion_fx_scrolling&quot;:&quot;yes&quot;,&quot;motion_fx_scale_effect&quot;:&quot;yes&quot;,&quot;motion_fx_scale_range&quot;:{&quot;unit&quot;:&quot;%&quot;,&quot;size&quot;:&quot;&quot;,&quot;sizes&quot;:{&quot;start&quot;:31,&quot;end&quot;:75}},&quot;motion_fx_devices&quot;:[&quot;desktop&quot;,&quot;tablet&quot;],&quot;motion_fx_scale_direction&quot;:&quot;out-in&quot;,&quot;motion_fx_scale_speed&quot;:{&quot;unit&quot;:&quot;px&quot;,&quot;size&quot;:4,&quot;sizes&quot;:[]}}\">\n\t\t\t\t\t<div class=\"e-con-inner\">\n\t\t\t\t<div class=\"elementor-element elementor-element-0a0b798 sc_fly_static elementor-widget elementor-widget-heading\" data-id=\"0a0b798\" data-element_type=\"widget\" data-widget_type=\"heading.default\">\n\t\t\t\t<div class=\"elementor-widget-container\">\n\t\t\t\t\t<h3 class=\"elementor-heading-title elementor-size-default\">Planification de l\u2019UCP<\/h3>\t\t\t\t<\/div>\n\t\t\t\t<\/div>\n\t\t\t\t<div class=\"elementor-element elementor-element-699fb60 sc_fly_static elementor-widget elementor-widget-text-editor\" data-id=\"699fb60\" data-element_type=\"widget\" data-widget_type=\"text-editor.default\">\n\t\t\t\t<div class=\"elementor-widget-container\">\n\t\t\t\t\t\t\t\t\t<p><strong>Pour l'UCP grec dans la r\u00e9gion de l'Attique (oliviers), il y aura une planification pilote compl\u00e8te au cours de la premi\u00e8re ann\u00e9e du projet pour commencer le d\u00e9ploiement des solutions STELLA. Les donn\u00e9es historiques et les observations seront cruciales pour s\u00e9lectionner le site pilote appropri\u00e9. Cet emplacement servira de terrain d'essai n\u00e9cessaire pour les technologies STELLA et les points de contr\u00f4le de la surveillance des bioagresseurs au niveau r\u00e9gional.<\/strong><\/p>\t\t\t\t\t\t\t\t<\/div>\n\t\t\t\t<\/div>\n\t\t\t\t\t<\/div>\n\t\t\t\t<\/div>\n\t\t\t\t<\/div>\n\t\t\t\t\t<\/div>\n\t\t\t\t<\/div>\n\t\t\t\t<\/div>","protected":false},"excerpt":{"rendered":"<p>UCP 6 &#8211; Orchard | GREECE Verticillium dahliae (Fungus) &#038; Pseudomonas savastanoi (Bacterium) Pest Challenges&hellip;<\/p>","protected":false},"author":2,"featured_media":37505,"parent":38487,"menu_order":6,"comment_status":"closed","ping_status":"closed","template":"","meta":{"iawp_total_views":56,"footnotes":""},"class_list":["post-38747","page","type-page","status-publish","has-post-thumbnail","hentry"],"_links":{"self":[{"href":"https:\/\/stella-pss.eu\/fr\/wp-json\/wp\/v2\/pages\/38747","targetHints":{"allow":["GET"]}}],"collection":[{"href":"https:\/\/stella-pss.eu\/fr\/wp-json\/wp\/v2\/pages"}],"about":[{"href":"https:\/\/stella-pss.eu\/fr\/wp-json\/wp\/v2\/types\/page"}],"author":[{"embeddable":true,"href":"https:\/\/stella-pss.eu\/fr\/wp-json\/wp\/v2\/users\/2"}],"replies":[{"embeddable":true,"href":"https:\/\/stella-pss.eu\/fr\/wp-json\/wp\/v2\/comments?post=38747"}],"version-history":[{"count":0,"href":"https:\/\/stella-pss.eu\/fr\/wp-json\/wp\/v2\/pages\/38747\/revisions"}],"up":[{"embeddable":true,"href":"https:\/\/stella-pss.eu\/fr\/wp-json\/wp\/v2\/pages\/38487"}],"wp:featuredmedia":[{"embeddable":true,"href":"https:\/\/stella-pss.eu\/fr\/wp-json\/wp\/v2\/media\/37505"}],"wp:attachment":[{"href":"https:\/\/stella-pss.eu\/fr\/wp-json\/wp\/v2\/media?parent=38747"}],"curies":[{"name":"wp","href":"https:\/\/api.w.org\/{rel}","templated":true}]}}