{"id":39090,"date":"2024-04-08T06:55:21","date_gmt":"2024-04-08T06:55:21","guid":{"rendered":"https:\/\/stella-pss.eu\/?page_id=39090"},"modified":"2026-02-20T09:15:35","modified_gmt":"2026-02-20T09:15:35","slug":"edencore","status":"publish","type":"page","link":"https:\/\/stella-pss.eu\/fr\/partners\/edencore\/","title":{"rendered":"EDENCORE"},"content":{"rendered":"<div data-elementor-type=\"wp-page\" data-elementor-id=\"39090\" class=\"elementor elementor-39090\" data-elementor-post-type=\"page\">\n\t\t\t\t<div class=\"elementor-element elementor-element-c2f56cf e-flex e-con-boxed sc_layouts_column_icons_position_left e-con e-parent\" data-id=\"c2f56cf\" data-element_type=\"container\">\n\t\t\t\t\t<div class=\"e-con-inner\">\n\t\t\t\t<div class=\"elementor-element elementor-element-c34ab3d sc_fly_static elementor-widget elementor-widget-trx_sc_promo\" data-id=\"c34ab3d\" data-element_type=\"widget\" data-widget_type=\"trx_sc_promo.default\">\n\t\t\t\t<div class=\"elementor-widget-container\">\n\t\t\t\t\t<div  \n\tclass=\"sc_promo sc_promo_default sc_promo_size_small sc_promo_image_position_left\" ><div class=\"sc_promo_image\" style=\"background-image:url(\/\/stella-pss.eu\/wp-content\/uploads\/2024\/01\/12.EDENCORE.jpg);width:50%;left: 0;\" ><\/div><div class=\"sc_promo_text\" style=\"width: 50%;float: right;\" >\n\t\t\t<div class=\"sc_promo_text_inner\"><span class=\"sc_item_subtitle sc_promo_subtitle sc_align_left sc_item_subtitle_above sc_item_title_style_shadow\">EDENCORE<\/span><h3 class=\"sc_item_title sc_promo_title sc_align_left sc_item_title_style_shadow trx_addons_inline_292640704\"\n\t\t\t><span class=\"sc_item_title_text\">EDENCORE TECHNOLOGIES IKE<\/span><\/h3><\/div>\n\t\t<\/div><\/div>\t\t\t\t<\/div>\n\t\t\t\t<\/div>\n\t\t\t\t\t<\/div>\n\t\t\t\t<\/div>\n\t\t<div class=\"elementor-element elementor-element-5d528bc e-flex e-con-boxed sc_layouts_column_icons_position_left e-con e-parent\" data-id=\"5d528bc\" data-element_type=\"container\">\n\t\t\t\t\t<div class=\"e-con-inner\">\n\t\t\t\t<div class=\"elementor-element elementor-element-b373842 sc_fly_static elementor-widget elementor-widget-spacer\" data-id=\"b373842\" data-element_type=\"widget\" data-widget_type=\"spacer.default\">\n\t\t\t\t<div class=\"elementor-widget-container\">\n\t\t\t\t\t\t\t<div class=\"elementor-spacer\">\n\t\t\t<div class=\"elementor-spacer-inner\"><\/div>\n\t\t<\/div>\n\t\t\t\t\t\t<\/div>\n\t\t\t\t<\/div>\n\t\t\t\t<div class=\"elementor-element elementor-element-5fcfa1a sc_fly_static elementor-widget elementor-widget-heading\" data-id=\"5fcfa1a\" data-element_type=\"widget\" data-widget_type=\"heading.default\">\n\t\t\t\t<div class=\"elementor-widget-container\">\n\t\t\t\t\t<h4 class=\"elementor-heading-title elementor-size-default translation-block\">\u00c0 propos de EDENCORE<\/h4>\t\t\t\t<\/div>\n\t\t\t\t<\/div>\n\t\t\t\t<div class=\"elementor-element elementor-element-aa5f5e8 sc_fly_static elementor-widget elementor-widget-text-editor\" data-id=\"aa5f5e8\" data-element_type=\"widget\" data-widget_type=\"text-editor.default\">\n\t\t\t\t<div class=\"elementor-widget-container\">\n\t\t\t\t\t\t\t\t\t<p class=\"translation-block\"><strong>EdenCore Technologies PC<\/strong> fond\u00e9e en 2021, est une entreprise d\u00e9riv\u00e9e de l'Universit\u00e9 Agricole d'Ath\u00e8nes. Eden Library ( <a class=\"waffle-rich-text-link\" href=\"https:\/\/edenlibrary.ai\/about-us\" target=\"_blank\" rel=\"noopener noreferrer nofollow\">https:\/\/edenlibrary.ai\/about-us<\/a>) est notre initiative de projet visant \u00e0 r\u00e9unir des experts en IA, des agronomes et des ing\u00e9nieurs logiciels et \u00e0 fournir des solutions impactantes dans le domaine de l'agriculture intelligente, de l'agro-robotique, de l'intelligence artificielle et des soins aux plantes. Dans le but de bouleverser l'agriculture gr\u00e2ce \u00e0 l'IA, EdenCore propose des services allant de jeux de donn\u00e9es pr\u00eats \u00e0 l'emploi pour des projets d'IA \u00e0 un dispositif de d\u00e9tection des bioagresseurs bas\u00e9 sur une cam\u00e9ra (Eden Library Viewer). Nous aspirons \u00e0 faire avancer les technologies qui am\u00e9liorent la surveillance des cultures. La mission d'EdenCore est de combler l'\u00e9cart entre la vision par ordinateur et les d\u00e9fis agroalimentaires du monde r\u00e9el, en utilisant des mod\u00e8les et des outils avec des technologies de pointe.<\/p>\t\t\t\t\t\t\t\t<\/div>\n\t\t\t\t<\/div>\n\t\t\t\t\t<\/div>\n\t\t\t\t<\/div>\n\t\t<div class=\"elementor-element elementor-element-ed530dc e-flex e-con-boxed sc_layouts_column_icons_position_left e-con e-parent\" data-id=\"ed530dc\" data-element_type=\"container\">\n\t\t\t\t\t<div class=\"e-con-inner\">\n\t\t\t\t<div class=\"elementor-element elementor-element-ed5dede sc_fly_static elementor-widget elementor-widget-spacer\" data-id=\"ed5dede\" data-element_type=\"widget\" data-widget_type=\"spacer.default\">\n\t\t\t\t<div class=\"elementor-widget-container\">\n\t\t\t\t\t\t\t<div class=\"elementor-spacer\">\n\t\t\t<div class=\"elementor-spacer-inner\"><\/div>\n\t\t<\/div>\n\t\t\t\t\t\t<\/div>\n\t\t\t\t<\/div>\n\t\t\t\t<div class=\"elementor-element elementor-element-e65e3ed sc_fly_static elementor-widget elementor-widget-heading\" data-id=\"e65e3ed\" data-element_type=\"widget\" data-widget_type=\"heading.default\">\n\t\t\t\t<div class=\"elementor-widget-container\">\n\t\t\t\t\t<h4 class=\"elementor-heading-title elementor-size-default\">EDENCORE'S ROLE AT STELLA<\/h4>\t\t\t\t<\/div>\n\t\t\t\t<\/div>\n\t\t\t\t<div class=\"elementor-element elementor-element-ffcc32d sc_fly_static elementor-widget elementor-widget-text-editor\" data-id=\"ffcc32d\" data-element_type=\"widget\" data-widget_type=\"text-editor.default\">\n\t\t\t\t<div class=\"elementor-widget-container\">\n\t\t\t\t\t\t\t\t\t<p>EDEN contribuera aux diff\u00e9rentes t\u00e2ches des diff\u00e9rents package de travail:<\/p><p><strong>WP2:<\/strong> EDEN d\u00e9veloppera 3 protocoles de Proxi-d\u00e9tection pour capturer des images \u00e0 courte distance (T2.1) et d\u00e9ploiera EDEN Viewer T2.2), un syst\u00e8me de prospection bas\u00e9 sur une cam\u00e9ra qui sera mont\u00e9e sur des tracteurs dans tous les cas d\u2019usages pilotes (UCPs) europ\u00e9ens et sur un robot Husky (AGV) dans l'UCP grecque (AUA-SF) et contribuera \u00e9galement \u00e0 T2.4 en fournissant des donn\u00e9es de sciences participatives. EDEN dirigera T2.5 qui vise \u00e0 d\u00e9velopper et d\u00e9ployer des technologies d'IA de pointe pour la d\u00e9tection des bioagresseurs en utilisant des dispositifs de Proxi-d\u00e9tection et de  t\u00e9l\u00e9d\u00e9tection.<\/p><p class=\"translation-block\"><strong> WP3:<\/strong> EDEN will test and contribute to the development and deployment of the STELLA subsystems in EdenViewer and provide the novel AI models in STELLA PSS.<\/p><p><strong>WP6:<\/strong> EDEN diffusera et communiquera le projet STELLA en participant aux Affaires commerciales (EIMA, AGROTICA, AGRITECHNIKA) et sur les r\u00e9seaux sociaux afin de renforcer la construction de l'\u00e9cosyst\u00e8me et l'engagement des diverses parties prenantes.<\/p>\t\t\t\t\t\t\t\t<\/div>\n\t\t\t\t<\/div>\n\t\t\t\t\t<\/div>\n\t\t\t\t<\/div>\n\t\t<div class=\"trx_addons_has_bg_text elementor-element elementor-element-30c618f e-flex e-con-boxed sc_layouts_column_icons_position_left e-con e-parent\" data-bg-text=\"{&quot;bg_text&quot;:&quot;MORE INFO&quot;,&quot;bg_text_effect&quot;:&quot;slide&quot;,&quot;bg_text_overlay&quot;:{&quot;url&quot;:&quot;&quot;},&quot;bg_text_left&quot;:{&quot;size&quot;:&quot;&quot;,&quot;unit&quot;:&quot;%&quot;},&quot;bg_text_top&quot;:{&quot;size&quot;:&quot;&quot;,&quot;unit&quot;:&quot;%&quot;},&quot;bg_text_z_index&quot;:{&quot;size&quot;:&quot;0&quot;,&quot;unit&quot;:&quot;px&quot;},&quot;bg_text_marquee&quot;:{&quot;unit&quot;:&quot;px&quot;,&quot;size&quot;:&quot;&quot;,&quot;sizes&quot;:[]},&quot;bg_text_marquee_hover&quot;:&quot;&quot;,&quot;bg_text_marquee_margin&quot;:{&quot;size&quot;:&quot;50&quot;,&quot;unit&quot;:&quot;px&quot;},&quot;bg_text_reverse&quot;:0,&quot;bg_text_accelerate&quot;:0,&quot;bg_text_delimiter_icon&quot;:&quot;&quot;,&quot;bg_text_delimiter_image&quot;:&quot;&quot;,&quot;bg_text_delimiter_svg&quot;:&quot;&quot;,&quot;bg_text_delimiter_rotation&quot;:0}\" data-id=\"30c618f\" data-element_type=\"container\">\n\t\t\t\t\t<div class=\"e-con-inner\">\n\t\t<div class=\"trx_addons_has_bg_text elementor-element elementor-element-7eabae8 e-con-full e-flex sc_layouts_column_icons_position_left e-con e-child\" data-bg-text=\"{&quot;bg_text&quot;:&quot;MORE INFO&quot;,&quot;bg_text_effect&quot;:&quot;slide&quot;,&quot;bg_text_overlay&quot;:{&quot;url&quot;:&quot;&quot;},&quot;bg_text_left&quot;:{&quot;size&quot;:&quot;&quot;,&quot;unit&quot;:&quot;%&quot;},&quot;bg_text_top&quot;:{&quot;unit&quot;:&quot;%&quot;,&quot;size&quot;:-3,&quot;sizes&quot;:[]},&quot;bg_text_z_index&quot;:{&quot;unit&quot;:&quot;px&quot;,&quot;size&quot;:&quot;&quot;,&quot;sizes&quot;:[]},&quot;bg_text_marquee&quot;:{&quot;unit&quot;:&quot;px&quot;,&quot;size&quot;:&quot;&quot;,&quot;sizes&quot;:[]},&quot;bg_text_marquee_hover&quot;:&quot;&quot;,&quot;bg_text_marquee_margin&quot;:{&quot;size&quot;:&quot;50&quot;,&quot;unit&quot;:&quot;px&quot;},&quot;bg_text_reverse&quot;:0,&quot;bg_text_accelerate&quot;:0,&quot;bg_text_delimiter_icon&quot;:&quot;&quot;,&quot;bg_text_delimiter_image&quot;:&quot;&quot;,&quot;bg_text_delimiter_svg&quot;:&quot;&quot;,&quot;bg_text_delimiter_rotation&quot;:0}\" data-id=\"7eabae8\" data-element_type=\"container\">\n\t\t\t\t<div class=\"elementor-element elementor-element-3d0903c sc_fly_static elementor-widget elementor-widget-heading\" data-id=\"3d0903c\" data-element_type=\"widget\" data-widget_type=\"heading.default\">\n\t\t\t\t<div class=\"elementor-widget-container\">\n\t\t\t\t\t<h6 class=\"elementor-heading-title elementor-size-default\">Plus d'informations<\/h6>\t\t\t\t<\/div>\n\t\t\t\t<\/div>\n\t\t\t\t<div class=\"elementor-element elementor-element-d793a25 sc_fly_static elementor-widget elementor-widget-trx_sc_layouts_iconed_text\" data-id=\"d793a25\" data-element_type=\"widget\" data-widget_type=\"trx_sc_layouts_iconed_text.default\">\n\t\t\t\t<div class=\"elementor-widget-container\">\n\t\t\t\t\t<div class=\"sc_layouts_iconed_text\" ><span class=\"sc_layouts_item_icon sc_layouts_iconed_text_icon icon-locator sc_icon_type_icons\"><\/span><span class=\"sc_layouts_item_details sc_layouts_iconed_text_details\"><span class=\"sc_layouts_item_details_line1 sc_layouts_iconed_text_line1\">Gr\u00e8ce<\/span><\/span><\/div>\t\t\t\t<\/div>\n\t\t\t\t<\/div>\n\t\t\t\t<div class=\"elementor-element elementor-element-a27e7ba sc_fly_static elementor-widget elementor-widget-trx_sc_layouts_iconed_text\" data-id=\"a27e7ba\" data-element_type=\"widget\" data-widget_type=\"trx_sc_layouts_iconed_text.default\">\n\t\t\t\t<div class=\"elementor-widget-container\">\n\t\t\t\t\t<div class=\"sc_layouts_iconed_text\" ><a href=\"https:\/\/edenlibrary.ai\/\" class=\"sc_layouts_item_link sc_layouts_iconed_text_link\" target=\"_blank\" rel=\"noopener noreferrer nofollow\"><span class=\"sc_layouts_item_icon sc_layouts_iconed_text_icon icon-sphere sc_icon_type_icons\"><\/span><span class=\"sc_layouts_item_details sc_layouts_iconed_text_details\"><span class=\"sc_layouts_item_details_line1 sc_layouts_iconed_text_line1\">edenlibrary.ai<\/span><\/span><\/a><\/div>\t\t\t\t<\/div>\n\t\t\t\t<\/div>\n\t\t\t\t<div class=\"elementor-element elementor-element-e9852ed sc_fly_static elementor-widget elementor-widget-trx_sc_socials\" data-id=\"e9852ed\" data-element_type=\"widget\" data-widget_type=\"trx_sc_socials.default\">\n\t\t\t\t<div class=\"elementor-widget-container\">\n\t\t\t\t\t<div  \n\t\tclass=\"sc_socials sc_socials_default sc_align_none\" ><div class=\"socials_wrap sc_item_content\"><a target=\"_blank\" rel=\"nofollow\" href=\"https:\/\/www.linkedin.com\/company\/edenlib\/\" class=\"social_item social_item_style_icons sc_icon_type_icons social_item_type_icons\"><span class=\"social_icon social_icon_linkedin\" style=\"\"><span class=\"screen-reader-text\">linkedin<\/span><span class=\"icon-linkedin\"><\/span><\/span><\/a><a target=\"_blank\" rel=\"nofollow\" href=\"https:\/\/www.facebook.com\/EdenLibraryAI\/\" class=\"social_item social_item_style_icons sc_icon_type_icons social_item_type_icons\"><span class=\"social_icon social_icon_facebook\" style=\"\"><span class=\"screen-reader-text\">facebook<\/span><span class=\"icon-facebook\"><\/span><\/span><\/a><a target=\"_blank\" rel=\"nofollow\" href=\"https:\/\/www.instagram.com\/edenlibraryai\/\" class=\"social_item social_item_style_icons sc_icon_type_icons social_item_type_icons\"><span class=\"social_icon social_icon_instagram\" style=\"\"><span class=\"screen-reader-text\">instagram<\/span><span class=\"icon-instagram\"><\/span><\/span><\/a><a target=\"_blank\" rel=\"nofollow\" href=\"https:\/\/www.youtube.com\/@edenlibrary\" class=\"social_item social_item_style_icons sc_icon_type_icons social_item_type_icons\"><span class=\"social_icon social_icon_youtube2\" style=\"\"><span class=\"screen-reader-text\">youtube2<\/span><span class=\"trx_addons_icon-youtube2\"><\/span><\/span><\/a><\/div><\/div>\t\t\t\t<\/div>\n\t\t\t\t<\/div>\n\t\t\t\t<\/div>\n\t\t<div class=\"elementor-element elementor-element-e49ca50 e-con-full e-flex sc_layouts_column_icons_position_left e-con e-child\" data-id=\"e49ca50\" data-element_type=\"container\">\n\t\t\t\t<div class=\"elementor-element elementor-element-e73c340 sc_fly_static elementor-widget elementor-widget-heading\" data-id=\"e73c340\" data-element_type=\"widget\" data-widget_type=\"heading.default\">\n\t\t\t\t<div class=\"elementor-widget-container\">\n\t\t\t\t\t<h6 class=\"elementor-heading-title elementor-size-default\">personne de contact<\/h6>\t\t\t\t<\/div>\n\t\t\t\t<\/div>\n\t\t\t\t<div class=\"elementor-element elementor-element-4378ec5 elementor-author-box--align-left sc_fly_static elementor-widget elementor-widget-author-box\" data-id=\"4378ec5\" data-element_type=\"widget\" data-widget_type=\"author-box.default\">\n\t\t\t\t<div class=\"elementor-widget-container\">\n\t\t\t\t\t\t\t<div class=\"elementor-author-box\">\n\t\t\t\n\t\t\t<div class=\"elementor-author-box__text\">\n\t\t\t\t\t\t\t\t\t<div >\n\t\t\t\t\t\t<h4 class=\"elementor-author-box__name\">\n\t\t\t\t\t\t\tMr. Nikos Mylonas\t\t\t\t\t\t<\/h4>\n\t\t\t\t\t<\/div>\n\t\t\t\t\n\t\t\t\t\n\t\t\t\t\t\t\t\t\t<a class=\"elementor-author-box__button elementor-button elementor-size-xs\" href=\"mailto:nikosm@edenlibrary.com\">\n\t\t\t\t\t\tNous contacter\t\t\t\t\t<\/a>\n\t\t\t\t\t\t\t<\/div>\n\t\t<\/div>\n\t\t\t\t\t\t<\/div>\n\t\t\t\t<\/div>\n\t\t\t\t<\/div>\n\t\t\t\t\t<\/div>\n\t\t\t\t<\/div>\n\t\t\t\t<\/div>","protected":false},"excerpt":{"rendered":"<p>EDENCORE EDENCORE TECHNOLOGIES IKE EdenCore Technologies PC is a spin off company of the Agricultural&hellip;<\/p>","protected":false},"author":2,"featured_media":37317,"parent":4047,"menu_order":12,"comment_status":"closed","ping_status":"closed","template":"","meta":{"iawp_total_views":42,"footnotes":""},"class_list":["post-39090","page","type-page","status-publish","has-post-thumbnail","hentry"],"_links":{"self":[{"href":"https:\/\/stella-pss.eu\/fr\/wp-json\/wp\/v2\/pages\/39090","targetHints":{"allow":["GET"]}}],"collection":[{"href":"https:\/\/stella-pss.eu\/fr\/wp-json\/wp\/v2\/pages"}],"about":[{"href":"https:\/\/stella-pss.eu\/fr\/wp-json\/wp\/v2\/types\/page"}],"author":[{"embeddable":true,"href":"https:\/\/stella-pss.eu\/fr\/wp-json\/wp\/v2\/users\/2"}],"replies":[{"embeddable":true,"href":"https:\/\/stella-pss.eu\/fr\/wp-json\/wp\/v2\/comments?post=39090"}],"version-history":[{"count":0,"href":"https:\/\/stella-pss.eu\/fr\/wp-json\/wp\/v2\/pages\/39090\/revisions"}],"up":[{"embeddable":true,"href":"https:\/\/stella-pss.eu\/fr\/wp-json\/wp\/v2\/pages\/4047"}],"wp:featuredmedia":[{"embeddable":true,"href":"https:\/\/stella-pss.eu\/fr\/wp-json\/wp\/v2\/media\/37317"}],"wp:attachment":[{"href":"https:\/\/stella-pss.eu\/fr\/wp-json\/wp\/v2\/media?parent=39090"}],"curies":[{"name":"wp","href":"https:\/\/api.w.org\/{rel}","templated":true}]}}