{"id":39119,"date":"2024-04-08T07:06:54","date_gmt":"2024-04-08T07:06:54","guid":{"rendered":"https:\/\/stella-pss.eu\/?page_id=39119"},"modified":"2026-02-20T09:16:22","modified_gmt":"2026-02-20T09:16:22","slug":"linkolnagritech","status":"publish","type":"page","link":"https:\/\/stella-pss.eu\/fr\/partners\/linkolnagritech\/","title":{"rendered":"Lincoln Agritech"},"content":{"rendered":"<div data-elementor-type=\"wp-page\" data-elementor-id=\"39119\" class=\"elementor elementor-39119\" data-elementor-post-type=\"page\">\n\t\t\t\t<div class=\"elementor-element elementor-element-c2f56cf e-flex e-con-boxed sc_layouts_column_icons_position_left e-con e-parent\" data-id=\"c2f56cf\" data-element_type=\"container\">\n\t\t\t\t\t<div class=\"e-con-inner\">\n\t\t\t\t<div class=\"elementor-element elementor-element-c34ab3d sc_fly_static elementor-widget elementor-widget-trx_sc_promo\" data-id=\"c34ab3d\" data-element_type=\"widget\" data-widget_type=\"trx_sc_promo.default\">\n\t\t\t\t<div class=\"elementor-widget-container\">\n\t\t\t\t\t<div  \n\tclass=\"sc_promo sc_promo_default sc_promo_size_small sc_promo_image_position_left\" ><div class=\"sc_promo_image\" style=\"background-image:url(\/\/stella-pss.eu\/wp-content\/uploads\/2024\/01\/14.LINKOLNAGRITECH.jpg);width:50%;left: 0;\" ><\/div><div class=\"sc_promo_text\" style=\"width: 50%;float: right;\" >\n\t\t\t<div class=\"sc_promo_text_inner\"><span class=\"sc_item_subtitle sc_promo_subtitle sc_align_left sc_item_subtitle_above sc_item_title_style_shadow\">LAL<\/span><h3 class=\"sc_item_title sc_promo_title sc_align_left sc_item_title_style_shadow trx_addons_inline_1972093321\"\n\t\t\t><span class=\"sc_item_title_text\">LINCOLN AGRITECH LIMITED<\/span><\/h3><\/div>\n\t\t<\/div><\/div>\t\t\t\t<\/div>\n\t\t\t\t<\/div>\n\t\t\t\t\t<\/div>\n\t\t\t\t<\/div>\n\t\t<div class=\"elementor-element elementor-element-5d528bc e-flex e-con-boxed sc_layouts_column_icons_position_left e-con e-parent\" data-id=\"5d528bc\" data-element_type=\"container\">\n\t\t\t\t\t<div class=\"e-con-inner\">\n\t\t\t\t<div class=\"elementor-element elementor-element-b373842 sc_fly_static elementor-widget elementor-widget-spacer\" data-id=\"b373842\" data-element_type=\"widget\" data-widget_type=\"spacer.default\">\n\t\t\t\t<div class=\"elementor-widget-container\">\n\t\t\t\t\t\t\t<div class=\"elementor-spacer\">\n\t\t\t<div class=\"elementor-spacer-inner\"><\/div>\n\t\t<\/div>\n\t\t\t\t\t\t<\/div>\n\t\t\t\t<\/div>\n\t\t\t\t<div class=\"elementor-element elementor-element-5fcfa1a sc_fly_static elementor-widget elementor-widget-heading\" data-id=\"5fcfa1a\" data-element_type=\"widget\" data-widget_type=\"heading.default\">\n\t\t\t\t<div class=\"elementor-widget-container\">\n\t\t\t\t\t<h4 class=\"elementor-heading-title elementor-size-default translation-block\">\u00c0 propos de Lincoln Agritech<\/h4>\t\t\t\t<\/div>\n\t\t\t\t<\/div>\n\t\t\t\t<div class=\"elementor-element elementor-element-aa5f5e8 sc_fly_static elementor-widget elementor-widget-text-editor\" data-id=\"aa5f5e8\" data-element_type=\"widget\" data-widget_type=\"text-editor.default\">\n\t\t\t\t<div class=\"elementor-widget-container\">\n\t\t\t\t\t\t\t\t\t<p class=\"translation-block\"><strong>Lincoln Agritech Ltd (LAL)<\/strong> st une soci\u00e9t\u00e9 de recherche et d\u00e9veloppement \u00e0 la pointe du progr\u00e8s, \u00e0 vocation sociale, avec un historique de 60 ans d'application de nouvelles technologies innovantes en ing\u00e9nierie et en sciences pour soutenir l'agriculture, l'industrie et l'environnement. Nous sommes d\u00e9tenus par l'Universit\u00e9 Lincoln, en Nouvelle-Z\u00e9lande, et commercialisons, avec des partenaires, notre travail ; certains produits sont vendus par nos soins dans le monde entier (par exemple, pour la conception d'irrigation et la mesure des nitrates).<\/p><p>Mission: Notre ambition est que l'industrie et les communaut\u00e9s prosp\u00e8rent dans un environnement sain. Notre mission est la recherche et le d\u00e9veloppement innovants de solutions durables en partenariat avec l'industrie primaire, les M\u0101oris et le gouvernement.<\/p><p>Notre expertise: Avec un personnel de plus de 80 personnes, nous avons des scientifiques travaillant dans les domaines suivants:<\/p><ul><li>Ing\u00e9nierie avanc\u00e9e: Notre recherche en ing\u00e9nierie avanc\u00e9e comprend les micro-ondes, le radar, la robotique, le mat\u00e9riel et l'\u00e9lectronique, et l'imagerie m\u00e9dicale.<\/li><li>Biotechnologie: Notre recherche en biotechnologie est ax\u00e9e sur l'utilisation de micro-organismes pour am\u00e9liorer la croissance des plantes, g\u00e9rer les maladies et am\u00e9liorer le traitement agricole et des d\u00e9chets.<\/li><li>Data Science: Pour le traitement, la mod\u00e9lisation, la visualisation, l'apprentissage automatique, l'analyse statistique et la gestion de bases de donn\u00e9es afin d'extraire un support d\u00e9cisionnel ou un contr\u00f4le automatis\u00e9.<\/li><li>GreenTech: La recherche scientifique port\u00e9e sur de nouvelles m\u00e9thodes et techniques visant \u00e0 r\u00e9duire techniquement les \u00e9missions de l'agriculture et la gestion des d\u00e9chets - m\u00e9thane, dioxyde de carbone, oxyde nitreux.<\/li><li>Nouveaux mat\u00e9riaux: (I) bas\u00e9s sur la manipulation et la reconstruction de fibres et de mat\u00e9riaux naturels ; et (II) mat\u00e9riaux artificiels avec des propri\u00e9t\u00e9s qui n'existent pas dans la nature (par exemple, les m\u00e9tamat\u00e9riaux).<\/li><li>Science de l'eau: \u00c9quipe environnementale concentr\u00e9e sur les syst\u00e8mes d'eaux souterraines et l'environnement plus large avec lequel ces syst\u00e8mes interagissent.<\/li><li>Agriculture de pr\u00e9cision: Cr\u00e9er, faire progresser et utiliser des outils num\u00e9riques, un support d\u00e9cisionnel et des actionneurs\/robots dans les industries et identifier les avantages pour la production et l'environnement.<\/li><\/ul><p>R\u00f4le et Impact: Nous nous concentrons sur la R&amp;D pour prot\u00e9ger l'eau, assurer une production durable, utiliser des mat\u00e9riaux naturels \u00e0 forte valeur ajout\u00e9e et agir sur le climat, en alignement avec les objectifs de d\u00e9veloppement durable des Nations Unies 3, 6, 9 et 12. Nous contribuons \u00e0 l'impact mondial gr\u00e2ce \u00e0 des partenariats avec des utilisateurs de la recherche et du d\u00e9veloppement.<\/p><p>Nos lieux: Le si\u00e8ge social de LAL est situ\u00e9 sur le campus de l'Universit\u00e9 Lincoln, juste \u00e0 l'ext\u00e9rieur de Christchurch, en Nouvelle-Z\u00e9lande, o\u00f9 nous avons quatre laboratoires : GreenTech, Micro-ondes, Biotechnologie et Agriculture de pr\u00e9cision. Nous avons \u00e9galement un bureau \u00e0 Ruakura, Hamilton, Nouvelle-Z\u00e9lande.<\/p>\t\t\t\t\t\t\t\t<\/div>\n\t\t\t\t<\/div>\n\t\t\t\t\t<\/div>\n\t\t\t\t<\/div>\n\t\t<div class=\"elementor-element elementor-element-ed530dc e-flex e-con-boxed sc_layouts_column_icons_position_left e-con e-parent\" data-id=\"ed530dc\" data-element_type=\"container\">\n\t\t\t\t\t<div class=\"e-con-inner\">\n\t\t\t\t<div class=\"elementor-element elementor-element-ed5dede sc_fly_static elementor-widget elementor-widget-spacer\" data-id=\"ed5dede\" data-element_type=\"widget\" data-widget_type=\"spacer.default\">\n\t\t\t\t<div class=\"elementor-widget-container\">\n\t\t\t\t\t\t\t<div class=\"elementor-spacer\">\n\t\t\t<div class=\"elementor-spacer-inner\"><\/div>\n\t\t<\/div>\n\t\t\t\t\t\t<\/div>\n\t\t\t\t<\/div>\n\t\t\t\t<div class=\"elementor-element elementor-element-e65e3ed sc_fly_static elementor-widget elementor-widget-heading\" data-id=\"e65e3ed\" data-element_type=\"widget\" data-widget_type=\"heading.default\">\n\t\t\t\t<div class=\"elementor-widget-container\">\n\t\t\t\t\t<h4 class=\"elementor-heading-title elementor-size-default\">Lincoln Agritech'S ROLE AT STELLA<\/h4>\t\t\t\t<\/div>\n\t\t\t\t<\/div>\n\t\t\t\t<div class=\"elementor-element elementor-element-ffcc32d sc_fly_static elementor-widget elementor-widget-text-editor\" data-id=\"ffcc32d\" data-element_type=\"widget\" data-widget_type=\"text-editor.default\">\n\t\t\t\t<div class=\"elementor-widget-container\">\n\t\t\t\t\t\t\t\t\t<p>LincolnAgritech contribue \u00e0 diff\u00e9rents packages de travail du projet STELLA. Une collaboration avec le projet national de l'industrie de la pomme en Nouvelle-Z\u00e9lande et le gouvernement n\u00e9o-z\u00e9landais ('Smart &amp; Sustainable) offrent des avantages mutuels pour les deux projets.<\/p><p><strong> WP2: Collecte, Traitement et Mod\u00e9lisation des Donn\u00e9es:<\/strong> LincolnAgritech apporte son expertise aux t\u00e2ches suivantes :\n<br>\nT2.1 - \u00e9tablissement de protocoles d'essai et de collecte de donn\u00e9es pour les cas d'utilisation pilotes (UCP) en Nouvelle-Z\u00e9lande et collecte de donn\u00e9es pour la cr\u00e9ation d'algorithmes d'IA visant \u00e0 la d\u00e9tection des maladies ('Neofabraea alba' - gloeosporiose\/ Pourriture des pommes).\nT2.2 - Collecte de donn\u00e9es de Proxi-d\u00e9tection, IoT et de t\u00e9l\u00e9d\u00e9tection - comprend la collecte de donn\u00e9es n\u00e9cessaires pour le travail de mod\u00e9lisation des risques dans le WP2 du projet (m\u00e9t\u00e9o, gestion des cultures, gestion des r\u00e9sidus), les donn\u00e9es sur la culture elle-m\u00eame (par exemple, \u00e9valuation de la canop\u00e9e avec le 'Viewer' d'Edencore) ainsi que l'\u00e9chantillonnage des spores de la maladie (par exemple, avec l'\u00e9chantillonneur de spores de Pessl Instruments) pour surveiller la concentration des spores fongiques a\u00e9riennes afin d'identifier le d\u00e9but des maladies fongiques (Neofabraea alba en Nouvelle-Z\u00e9lande) et de suivre leur progression dans le temps.\nT2.4 - Crowdsourcing (science participative), par exemple avec la science citoyenne instructive et qui implique les acteurs de la r\u00e9gion pour la culture donn\u00e9e, bas\u00e9e sur la formation lors d'ateliers en Nouvelle-Z\u00e9lande (1 par an) en utilisant l'application smartphone du projet et en fournissant une formation pratique sur l'utilisation de l'application pour collecter et t\u00e9l\u00e9charger des images des ravageurs et des maladies qui affectent leurs cultures.<\/p><p><strong>WP3: Plateforme STELLA:<\/strong> LincolnAgritech participe \u00e0 la t\u00e2che T3.5 - \u00c9valuation et Exploitation de la Plateforme, contribuant \u00e0 la conception et \u00e0 l'\u00e9valuation de la plateforme STELLA PSS.<\/p><p><strong>WP4: Cas d\u2019Usages Pilotes (UCPs):<\/strong> Gestion et r\u00e9alisation de recherches sur le cas d\u2019usage pilote du projet, tests et \u00e9valuations sur trois ans du STELLA PSS sur la maladie N. alba dans les vergers de pommiers de la plus grande r\u00e9gion arboricole de Nouvelle-Z\u00e9lande (Hawke's Bay). Cela comprend les t\u00e2ches suivantes :\nT4.1 - Pr\u00e9paration, Planification et D\u00e9finition du Protocole d'\u00c9valuation de l'UCP N. alba en Nouvelle-Z\u00e9lande\nT4.2 - Ex\u00e9cution et Suivi de l'UCP, en utilisant le syst\u00e8me STELLA (applications, mat\u00e9riel) qui seront test\u00e9s et fourniront des informations et des conseils pour les versions ult\u00e9rieures\nT4.3 - \u00c9valuation de l'UCP sur les mesures de pr\u00e9cision, de contenu de l\u2019information et de fiabilit\u00e9.<\/p><p><strong>WP5 : Recommandations Politiques et Analyse Co\u00fbt-B\u00e9n\u00e9fice:<\/strong> LincolnAgritech (UCP5 : 'Nouvelle-Z\u00e9lande', pommes) fournit des recommandations politiques nationales ou sectorielles, en particulier dans la t\u00e2che :\nT5.2 - Recommandations politiques sur l'adoption des technologies num\u00e9riques, en se concentrant sur l'adoption des technologies num\u00e9riques dans le secteur des fruits \u00e0 p\u00e9pins de Nouvelle-Z\u00e9lande.<\/p>\t\t\t\t\t\t\t\t<\/div>\n\t\t\t\t<\/div>\n\t\t\t\t\t<\/div>\n\t\t\t\t<\/div>\n\t\t<div class=\"trx_addons_has_bg_text elementor-element elementor-element-30c618f e-flex e-con-boxed sc_layouts_column_icons_position_left e-con e-parent\" data-bg-text=\"{&quot;bg_text&quot;:&quot;MORE INFO&quot;,&quot;bg_text_effect&quot;:&quot;slide&quot;,&quot;bg_text_overlay&quot;:{&quot;url&quot;:&quot;&quot;},&quot;bg_text_left&quot;:{&quot;size&quot;:&quot;&quot;,&quot;unit&quot;:&quot;%&quot;},&quot;bg_text_top&quot;:{&quot;size&quot;:&quot;&quot;,&quot;unit&quot;:&quot;%&quot;},&quot;bg_text_z_index&quot;:{&quot;size&quot;:&quot;0&quot;,&quot;unit&quot;:&quot;px&quot;},&quot;bg_text_marquee&quot;:{&quot;unit&quot;:&quot;px&quot;,&quot;size&quot;:&quot;&quot;,&quot;sizes&quot;:[]},&quot;bg_text_marquee_hover&quot;:&quot;&quot;,&quot;bg_text_marquee_margin&quot;:{&quot;size&quot;:&quot;50&quot;,&quot;unit&quot;:&quot;px&quot;},&quot;bg_text_reverse&quot;:0,&quot;bg_text_accelerate&quot;:0,&quot;bg_text_delimiter_icon&quot;:&quot;&quot;,&quot;bg_text_delimiter_image&quot;:&quot;&quot;,&quot;bg_text_delimiter_svg&quot;:&quot;&quot;,&quot;bg_text_delimiter_rotation&quot;:0}\" data-id=\"30c618f\" data-element_type=\"container\">\n\t\t\t\t\t<div class=\"e-con-inner\">\n\t\t<div class=\"trx_addons_has_bg_text elementor-element elementor-element-7eabae8 e-con-full e-flex sc_layouts_column_icons_position_left e-con e-child\" data-bg-text=\"{&quot;bg_text&quot;:&quot;MORE INFO&quot;,&quot;bg_text_effect&quot;:&quot;slide&quot;,&quot;bg_text_overlay&quot;:{&quot;url&quot;:&quot;&quot;},&quot;bg_text_left&quot;:{&quot;size&quot;:&quot;&quot;,&quot;unit&quot;:&quot;%&quot;},&quot;bg_text_top&quot;:{&quot;unit&quot;:&quot;%&quot;,&quot;size&quot;:-3,&quot;sizes&quot;:[]},&quot;bg_text_z_index&quot;:{&quot;unit&quot;:&quot;px&quot;,&quot;size&quot;:&quot;&quot;,&quot;sizes&quot;:[]},&quot;bg_text_marquee&quot;:{&quot;unit&quot;:&quot;px&quot;,&quot;size&quot;:&quot;&quot;,&quot;sizes&quot;:[]},&quot;bg_text_marquee_hover&quot;:&quot;&quot;,&quot;bg_text_marquee_margin&quot;:{&quot;size&quot;:&quot;50&quot;,&quot;unit&quot;:&quot;px&quot;},&quot;bg_text_reverse&quot;:0,&quot;bg_text_accelerate&quot;:0,&quot;bg_text_delimiter_icon&quot;:&quot;&quot;,&quot;bg_text_delimiter_image&quot;:&quot;&quot;,&quot;bg_text_delimiter_svg&quot;:&quot;&quot;,&quot;bg_text_delimiter_rotation&quot;:0}\" data-id=\"7eabae8\" data-element_type=\"container\">\n\t\t\t\t<div class=\"elementor-element elementor-element-3d0903c sc_fly_static elementor-widget elementor-widget-heading\" data-id=\"3d0903c\" data-element_type=\"widget\" data-widget_type=\"heading.default\">\n\t\t\t\t<div class=\"elementor-widget-container\">\n\t\t\t\t\t<h6 class=\"elementor-heading-title elementor-size-default\">Plus d'informations<\/h6>\t\t\t\t<\/div>\n\t\t\t\t<\/div>\n\t\t\t\t<div class=\"elementor-element elementor-element-d793a25 sc_fly_static elementor-widget elementor-widget-trx_sc_layouts_iconed_text\" data-id=\"d793a25\" data-element_type=\"widget\" data-widget_type=\"trx_sc_layouts_iconed_text.default\">\n\t\t\t\t<div class=\"elementor-widget-container\">\n\t\t\t\t\t<div class=\"sc_layouts_iconed_text\" ><span class=\"sc_layouts_item_icon sc_layouts_iconed_text_icon icon-locator sc_icon_type_icons\"><\/span><span class=\"sc_layouts_item_details sc_layouts_iconed_text_details\"><span class=\"sc_layouts_item_details_line1 sc_layouts_iconed_text_line1\">Nouvelle-Z\u00e9lande<\/span><\/span><\/div>\t\t\t\t<\/div>\n\t\t\t\t<\/div>\n\t\t\t\t<div class=\"elementor-element elementor-element-a27e7ba sc_fly_static elementor-widget elementor-widget-trx_sc_layouts_iconed_text\" data-id=\"a27e7ba\" data-element_type=\"widget\" data-widget_type=\"trx_sc_layouts_iconed_text.default\">\n\t\t\t\t<div class=\"elementor-widget-container\">\n\t\t\t\t\t<div class=\"sc_layouts_iconed_text\" ><a href=\"https:\/\/lincolnagritech.co.nz\/\" class=\"sc_layouts_item_link sc_layouts_iconed_text_link\" target=\"_blank\" rel=\"noopener noreferrer nofollow\"><span class=\"sc_layouts_item_icon sc_layouts_iconed_text_icon icon-sphere sc_icon_type_icons\"><\/span><span class=\"sc_layouts_item_details sc_layouts_iconed_text_details\"><span class=\"sc_layouts_item_details_line1 sc_layouts_iconed_text_line1\">lincolnagritech.co.nz<\/span><\/span><\/a><\/div>\t\t\t\t<\/div>\n\t\t\t\t<\/div>\n\t\t\t\t<div class=\"elementor-element elementor-element-e9852ed sc_fly_static elementor-widget elementor-widget-trx_sc_socials\" data-id=\"e9852ed\" data-element_type=\"widget\" data-widget_type=\"trx_sc_socials.default\">\n\t\t\t\t<div class=\"elementor-widget-container\">\n\t\t\t\t\t<div  \n\t\tclass=\"sc_socials sc_socials_default sc_align_none\" ><div class=\"socials_wrap sc_item_content\"><a target=\"_blank\" rel=\"nofollow\" href=\"https:\/\/www.linkedin.com\/company\/lincoln-agritech-limited\/\" class=\"social_item social_item_style_icons sc_icon_type_icons social_item_type_icons\"><span class=\"social_icon social_icon_linkedin\" style=\"\"><span class=\"screen-reader-text\">linkedin<\/span><span class=\"icon-linkedin\"><\/span><\/span><\/a><a target=\"_blank\" rel=\"nofollow\" href=\"https:\/\/www.facebook.com\/LincolnAgritech\" class=\"social_item social_item_style_icons sc_icon_type_icons social_item_type_icons\"><span class=\"social_icon social_icon_facebook\" style=\"\"><span class=\"screen-reader-text\">facebook<\/span><span class=\"icon-facebook\"><\/span><\/span><\/a><a target=\"_blank\" rel=\"nofollow\" href=\"https:\/\/twitter.com\/LincolnAgritech\" class=\"social_item social_item_style_icons sc_icon_type_icons social_item_type_icons\"><span class=\"social_icon social_icon_twitter-x\" style=\"\"><span class=\"screen-reader-text\">twitter-x<\/span><span class=\"trx_addons_icon-twitter-x\"><\/span><\/span><\/a><a target=\"_blank\" rel=\"nofollow\" href=\"https:\/\/www.youtube.com\/channel\/UCchc2JG3ITc62d01Ya4LEFg\" class=\"social_item social_item_style_icons sc_icon_type_icons social_item_type_icons\"><span class=\"social_icon social_icon_youtube2\" style=\"\"><span class=\"screen-reader-text\">youtube2<\/span><span class=\"trx_addons_icon-youtube2\"><\/span><\/span><\/a><\/div><\/div>\t\t\t\t<\/div>\n\t\t\t\t<\/div>\n\t\t\t\t<\/div>\n\t\t<div class=\"elementor-element elementor-element-e49ca50 e-con-full e-flex sc_layouts_column_icons_position_left e-con e-child\" data-id=\"e49ca50\" data-element_type=\"container\">\n\t\t\t\t<div class=\"elementor-element elementor-element-e73c340 sc_fly_static elementor-widget elementor-widget-heading\" data-id=\"e73c340\" data-element_type=\"widget\" data-widget_type=\"heading.default\">\n\t\t\t\t<div class=\"elementor-widget-container\">\n\t\t\t\t\t<h6 class=\"elementor-heading-title elementor-size-default\">personne de contact<\/h6>\t\t\t\t<\/div>\n\t\t\t\t<\/div>\n\t\t\t\t<div class=\"elementor-element elementor-element-4378ec5 elementor-author-box--align-left sc_fly_static elementor-widget elementor-widget-author-box\" data-id=\"4378ec5\" data-element_type=\"widget\" data-widget_type=\"author-box.default\">\n\t\t\t\t<div class=\"elementor-widget-container\">\n\t\t\t\t\t\t\t<div class=\"elementor-author-box\">\n\t\t\t\n\t\t\t<div class=\"elementor-author-box__text\">\n\t\t\t\t\t\t\t\t\t<div >\n\t\t\t\t\t\t<h4 class=\"elementor-author-box__name\">\n\t\t\t\t\t\t\tDr. Armin Werner\t\t\t\t\t\t<\/h4>\n\t\t\t\t\t<\/div>\n\t\t\t\t\n\t\t\t\t\n\t\t\t\t\t\t\t\t\t<a class=\"elementor-author-box__button elementor-button elementor-size-xs\" href=\"mailto:Armin.Werner@LincolnAgritech.co.nz\">\n\t\t\t\t\t\tNous contacter\t\t\t\t\t<\/a>\n\t\t\t\t\t\t\t<\/div>\n\t\t<\/div>\n\t\t\t\t\t\t<\/div>\n\t\t\t\t<\/div>\n\t\t\t\t<\/div>\n\t\t\t\t\t<\/div>\n\t\t\t\t<\/div>\n\t\t\t\t<\/div>","protected":false},"excerpt":{"rendered":"<p>LAL LINCOLN AGRITECH LIMITED Lincoln Agritech Ltd (LAL) is a for-purpose, leading-edge research and development&hellip;<\/p>","protected":false},"author":2,"featured_media":37319,"parent":4047,"menu_order":14,"comment_status":"closed","ping_status":"closed","template":"","meta":{"iawp_total_views":57,"footnotes":""},"class_list":["post-39119","page","type-page","status-publish","has-post-thumbnail","hentry"],"_links":{"self":[{"href":"https:\/\/stella-pss.eu\/fr\/wp-json\/wp\/v2\/pages\/39119","targetHints":{"allow":["GET"]}}],"collection":[{"href":"https:\/\/stella-pss.eu\/fr\/wp-json\/wp\/v2\/pages"}],"about":[{"href":"https:\/\/stella-pss.eu\/fr\/wp-json\/wp\/v2\/types\/page"}],"author":[{"embeddable":true,"href":"https:\/\/stella-pss.eu\/fr\/wp-json\/wp\/v2\/users\/2"}],"replies":[{"embeddable":true,"href":"https:\/\/stella-pss.eu\/fr\/wp-json\/wp\/v2\/comments?post=39119"}],"version-history":[{"count":0,"href":"https:\/\/stella-pss.eu\/fr\/wp-json\/wp\/v2\/pages\/39119\/revisions"}],"up":[{"embeddable":true,"href":"https:\/\/stella-pss.eu\/fr\/wp-json\/wp\/v2\/pages\/4047"}],"wp:featuredmedia":[{"embeddable":true,"href":"https:\/\/stella-pss.eu\/fr\/wp-json\/wp\/v2\/media\/37319"}],"wp:attachment":[{"href":"https:\/\/stella-pss.eu\/fr\/wp-json\/wp\/v2\/media?parent=39119"}],"curies":[{"name":"wp","href":"https:\/\/api.w.org\/{rel}","templated":true}]}}