{"id":38569,"date":"2024-04-04T16:22:46","date_gmt":"2024-04-04T16:22:46","guid":{"rendered":"https:\/\/stella-pss.eu\/?page_id=38569"},"modified":"2025-07-08T15:46:40","modified_gmt":"2025-07-08T15:46:40","slug":"ucp-1-vineyard-france","status":"publish","type":"page","link":"https:\/\/stella-pss.eu\/it\/use-case-pilots\/ucp-1-vineyard-france\/","title":{"rendered":"UCP 1 - Vigneto || FRANCIA"},"content":{"rendered":"<div data-elementor-type=\"wp-page\" data-elementor-id=\"38569\" class=\"elementor elementor-38569\" data-elementor-post-type=\"page\">\n\t\t\t\t<div class=\"elementor-element elementor-element-10834f3 e-flex e-con-boxed sc_layouts_column_icons_position_left e-con e-parent\" data-id=\"10834f3\" data-element_type=\"container\">\n\t\t\t\t\t<div class=\"e-con-inner\">\n\t\t<div class=\"elementor-element elementor-element-73fe6fe e-con-full e-flex sc_layouts_column_icons_position_left e-con e-child\" data-id=\"73fe6fe\" data-element_type=\"container\">\n\t\t<div class=\"elementor-element elementor-element-bc73912 e-flex e-con-boxed sc_layouts_column_icons_position_left e-con e-child\" data-id=\"bc73912\" data-element_type=\"container\" data-settings=\"{&quot;position&quot;:&quot;sticky&quot;}\">\n\t\t\t\t\t<div class=\"e-con-inner\">\n\t\t\t\t<div class=\"elementor-element elementor-element-5303cbf sc_fly_static elementor-widget elementor-widget-heading\" data-id=\"5303cbf\" data-element_type=\"widget\" data-widget_type=\"heading.default\">\n\t\t\t\t<div class=\"elementor-widget-container\">\n\t\t\t\t\t<h3 class=\"elementor-heading-title elementor-size-default\">UCP 1 - Vigneto | FRANCIA<\/h3>\t\t\t\t<\/div>\n\t\t\t\t<\/div>\n\t\t\t\t<div class=\"elementor-element elementor-element-6e678ff sc_fly_static elementor-widget elementor-widget-heading\" data-id=\"6e678ff\" data-element_type=\"widget\" data-widget_type=\"heading.default\">\n\t\t\t\t<div class=\"elementor-widget-container\">\n\t\t\t\t\t<h5 class=\"elementor-heading-title elementor-size-default translation-block\">Malattia dell'accartocciamento fogliare della vite (Virus <i>GLRaV-1<\/i> &amp; <i>GLRaV-3<\/i>)\n&amp; <br>\nLegno nero (<i>Candidatus<\/i> Phytoplasma solani - batterio)<\/h5>\t\t\t\t<\/div>\n\t\t\t\t<\/div>\n\t\t\t\t<div class=\"elementor-element elementor-element-144c031 sc_fly_static elementor-widget elementor-widget-image\" data-id=\"144c031\" data-element_type=\"widget\" data-settings=\"{&quot;motion_fx_motion_fx_scrolling&quot;:&quot;yes&quot;,&quot;motion_fx_devices&quot;:[&quot;desktop&quot;,&quot;tablet&quot;,&quot;mobile&quot;]}\" data-widget_type=\"image.default\">\n\t\t\t\t<div class=\"elementor-widget-container\">\n\t\t\t\t\t\t\t\t\t\t\t\t\t\t\t<img fetchpriority=\"high\" decoding=\"async\" width=\"500\" height=\"333\" src=\"https:\/\/stella-pss.eu\/wp-content\/uploads\/2024\/01\/grapes-vineyards-plant-sunny-day.jpg\" class=\"attachment-large size-large wp-image-37506\" alt=\"\" srcset=\"https:\/\/stella-pss.eu\/wp-content\/uploads\/2024\/01\/grapes-vineyards-plant-sunny-day.jpg 500w, https:\/\/stella-pss.eu\/wp-content\/uploads\/2024\/01\/grapes-vineyards-plant-sunny-day-370x246.jpg 370w, https:\/\/stella-pss.eu\/wp-content\/uploads\/2024\/01\/grapes-vineyards-plant-sunny-day-410x273.jpg 410w\" sizes=\"(max-width: 600px) 100vw, 500px\" \/>\t\t\t\t\t\t\t\t\t\t\t\t\t\t\t<\/div>\n\t\t\t\t<\/div>\n\t\t\t\t\t<\/div>\n\t\t\t\t<\/div>\n\t\t\t\t<\/div>\n\t\t<div class=\"elementor-element elementor-element-a5cf2b5 e-con-full e-flex sc_layouts_column_icons_position_left e-con e-child\" data-id=\"a5cf2b5\" data-element_type=\"container\">\n\t\t<div class=\"trx_addons_has_bg_text elementor-element elementor-element-1984c71 e-flex e-con-boxed sc_layouts_column_icons_position_left e-con e-child\" data-bg-text=\"{&quot;bg_text&quot;:&quot;Pest Challenges&quot;,&quot;bg_text_effect&quot;:&quot;slide&quot;,&quot;bg_text_overlay&quot;:{&quot;url&quot;:&quot;&quot;},&quot;bg_text_left&quot;:{&quot;unit&quot;:&quot;%&quot;,&quot;size&quot;:0,&quot;sizes&quot;:[]},&quot;bg_text_top&quot;:{&quot;unit&quot;:&quot;%&quot;,&quot;size&quot;:-3,&quot;sizes&quot;:[]},&quot;bg_text_z_index&quot;:{&quot;size&quot;:&quot;0&quot;,&quot;unit&quot;:&quot;px&quot;},&quot;bg_text_marquee&quot;:{&quot;unit&quot;:&quot;px&quot;,&quot;size&quot;:0,&quot;sizes&quot;:[]},&quot;bg_text_marquee_hover&quot;:&quot;&quot;,&quot;bg_text_marquee_margin&quot;:{&quot;unit&quot;:&quot;px&quot;,&quot;size&quot;:50,&quot;sizes&quot;:[]},&quot;bg_text_reverse&quot;:0,&quot;bg_text_accelerate&quot;:0,&quot;bg_text_delimiter_icon&quot;:&quot;&quot;,&quot;bg_text_delimiter_image&quot;:&quot;&quot;,&quot;bg_text_delimiter_svg&quot;:&quot;&quot;,&quot;bg_text_delimiter_rotation&quot;:0}\" data-id=\"1984c71\" data-element_type=\"container\">\n\t\t\t\t\t<div class=\"e-con-inner\">\n\t\t\t\t<div class=\"elementor-element elementor-element-2266481 sc_fly_static elementor-widget elementor-widget-heading\" data-id=\"2266481\" data-element_type=\"widget\" data-widget_type=\"heading.default\">\n\t\t\t\t<div class=\"elementor-widget-container\">\n\t\t\t\t\t<h3 class=\"elementor-heading-title elementor-size-default\">Sfide delle malattie<\/h3>\t\t\t\t<\/div>\n\t\t\t\t<\/div>\n\t\t\t\t<div class=\"elementor-element elementor-element-fd54fb3 sc_fly_static elementor-widget elementor-widget-text-editor\" data-id=\"fd54fb3\" data-element_type=\"widget\" data-widget_type=\"text-editor.default\">\n\t\t\t\t<div class=\"elementor-widget-container\">\n\t\t\t\t\t\t\t\t\t<p class=\"translation-block\">L\u2019<b>Accartocciamento fogliare della vite  (Grapevine Leafroll Disease, GLD)<\/b> \u00e8 un'infezione virale causata dal virus Grapevine Leafroll-associated Virus (GLRaV), diffuso principalmente dalle cocciniglie. I sintomi del GLD variano a seconda della specie GLRaV, con GLRaV-1 e GLRaV-3 che sono i pi\u00f9 gravi e soggetti al rilevamento normativo. Le manifestazioni includono lo scolorimento del fogliame, che riduce la fotosintesi e la resa dal 15 al 30%, con casi gravi che subiscono una perdita fino al 60%.\nLe viti infette mostrano un vigore ridotto e faticano a riprendersi dai danni invernali a causa dell\u2019esaurimento delle riserve di carboidrati. La qualit\u00e0 del raccolto \u00e8 compromessa, con maturazione tardiva e irregolare, diminuzione del contenuto di zuccheri, aumento dell'acidit\u00e0 e scarsi livelli di polifenoli. La GLD pone sfide economiche significative a livello globale, che spesso portano allo sradicamento prematuro delle viti a causa della ridotta redditivit\u00e0. Inoltre, la contaminazione dei vivai ostacola la produzione vegetale. Identificare il GLD \u00e8 difficile a causa della variabilit\u00e0 dei sintomi tra le variet\u00e0 di vite e dei fattori ambientali.<\/p><p class=\"translation-block\">Il <b>legno nero (Bois Noir, BN)<\/b> \u00e8 una malattia della vite causata dal Candidatus Phytoplasma solani, un fitoplamsa RNQP trasmesso principalmente da cicaline che si nutrono di radici come Hyalesthes obsoletus in Francia. BN induce sterilit\u00e0 nei rami sintomatici, caratterizzati da scolorimento delle foglie e mancanza di lignificazione, portando direttamente a perdite di raccolto e problemi economici in vigneto. I modelli quantitativi suggeriscono che il BN pu\u00f2 ridurre la produzione di vino e uva da tavola nell\u2019Unione Europea del 4-8%. Inoltre, il BN complica la gestione della malattia mascherando altre malattie che causano ingiallimenti, come la Flavescenza dorata, aumentando i costi delle indagini e rendendo necessari grandi sforzi per una valutazione accurata. Una diagnosi errata dovuta alla presenza di BN pu\u00f2 comportare misure di controllo inefficaci, prolungandone l\u2019impatto sulla salute e sulla produttivit\u00e0 del vigneto. Alcune regioni francesi stanziano ingenti fondi, superiori a 600.000 euro all\u2019anno, per combattere la BN, evidenziando l\u2019urgente necessit\u00e0 di strategie di rilevamento potenziate e misure di controllo efficaci.<\/p>\t\t\t\t\t\t\t\t<\/div>\n\t\t\t\t<\/div>\n\t\t\t\t\t<\/div>\n\t\t\t\t<\/div>\n\t\t<div class=\"elementor-element elementor-element-576445e e-flex e-con-boxed sc_layouts_column_icons_position_left e-con e-child\" data-id=\"576445e\" data-element_type=\"container\">\n\t\t\t\t\t<div class=\"e-con-inner\">\n\t\t\t\t<div class=\"elementor-element elementor-element-4995bb7 sc_fly_static elementor-widget elementor-widget-heading\" data-id=\"4995bb7\" data-element_type=\"widget\" data-widget_type=\"heading.default\">\n\t\t\t\t<div class=\"elementor-widget-container\">\n\t\t\t\t\t<h3 class=\"elementor-heading-title elementor-size-default\">Sfide regionali<\/h3>\t\t\t\t<\/div>\n\t\t\t\t<\/div>\n\t\t\t\t<div class=\"elementor-element elementor-element-fc05638 sc_fly_static elementor-widget elementor-widget-text-editor\" data-id=\"fc05638\" data-element_type=\"widget\" data-widget_type=\"text-editor.default\">\n\t\t\t\t<div class=\"elementor-widget-container\">\n\t\t\t\t\t\t\t\t\t<p>Il vigneto \u00e8 situato nella regione dell'Alsazia che ha una superficie vitata di 15.000 ha con una produzione di 1 milione di ettolitri\/anno. Per lo pi\u00f9 vini bianchi e spumanti di qualit\u00e0 sono prodotti nelle specifiche aree della Denominazione di Origine Protetta (DOP) Alsazia.<\/p>\n<p>Nei vigneti dell\u2019Alsazia, la gestione dell\u2019accartocciamento fogliare (GLD) e del legno nero (BN) \u00e8 fondamentale per sostenere la salute delle viti, la produttivit\u00e0 e la vitalit\u00e0 dell\u2019industria vinicola. Le preoccupazioni sul GLD richiedono controlli contro GLRaV-1 e -3 nelle viti madri, che minacciano la fornitura di materiale di piantagione per il rinnovamento dei vigneti in Alsazia.<\/p>\t\t\t\t\t\t\t\t<\/div>\n\t\t\t\t<\/div>\n\t\t\t\t\t<\/div>\n\t\t\t\t<\/div>\n\t\t<div class=\"elementor-element elementor-element-9d081f9 e-flex e-con-boxed sc_layouts_column_icons_position_left e-con e-child\" data-id=\"9d081f9\" data-element_type=\"container\" data-settings=\"{&quot;motion_fx_motion_fx_scrolling&quot;:&quot;yes&quot;,&quot;motion_fx_scale_effect&quot;:&quot;yes&quot;,&quot;motion_fx_scale_range&quot;:{&quot;unit&quot;:&quot;%&quot;,&quot;size&quot;:&quot;&quot;,&quot;sizes&quot;:{&quot;start&quot;:31,&quot;end&quot;:75}},&quot;motion_fx_devices&quot;:[&quot;desktop&quot;,&quot;tablet&quot;],&quot;motion_fx_scale_direction&quot;:&quot;out-in&quot;,&quot;motion_fx_scale_speed&quot;:{&quot;unit&quot;:&quot;px&quot;,&quot;size&quot;:4,&quot;sizes&quot;:[]}}\">\n\t\t\t\t\t<div class=\"e-con-inner\">\n\t\t\t\t<div class=\"elementor-element elementor-element-0a0b798 sc_fly_static elementor-widget elementor-widget-heading\" data-id=\"0a0b798\" data-element_type=\"widget\" data-widget_type=\"heading.default\">\n\t\t\t\t<div class=\"elementor-widget-container\">\n\t\t\t\t\t<h3 class=\"elementor-heading-title elementor-size-default\">Piano del UCP<\/h3>\t\t\t\t<\/div>\n\t\t\t\t<\/div>\n\t\t\t\t<div class=\"elementor-element elementor-element-699fb60 sc_fly_static elementor-widget elementor-widget-text-editor\" data-id=\"699fb60\" data-element_type=\"widget\" data-widget_type=\"text-editor.default\">\n\t\t\t\t<div class=\"elementor-widget-container\">\n\t\t\t\t\t\t\t\t\t<p><strong>Per l'UCP francese nella regione dell'Alsazia (vigneto), verranno selezionate almeno tre diverse aziende agricole in diverse zone, al fine di indagare sulla potenziale presenza e sul livello di epidemia dell'organismo nocivo.<\/strong><\/p>\t\t\t\t\t\t\t\t<\/div>\n\t\t\t\t<\/div>\n\t\t\t\t\t<\/div>\n\t\t\t\t<\/div>\n\t\t\t\t<\/div>\n\t\t\t\t\t<\/div>\n\t\t\t\t<\/div>\n\t\t\t\t<\/div>","protected":false},"excerpt":{"rendered":"<p>UCP 1 &#8211; Vineyard | FRANCE Grapevine Leafroll Disease (GLRaV-1 &amp; GLRaV-3 &#8211; Virus) &amp;&hellip;<\/p>","protected":false},"author":1,"featured_media":37506,"parent":38487,"menu_order":1,"comment_status":"closed","ping_status":"closed","template":"","meta":{"iawp_total_views":99,"footnotes":""},"class_list":["post-38569","page","type-page","status-publish","has-post-thumbnail","hentry"],"_links":{"self":[{"href":"https:\/\/stella-pss.eu\/it\/wp-json\/wp\/v2\/pages\/38569","targetHints":{"allow":["GET"]}}],"collection":[{"href":"https:\/\/stella-pss.eu\/it\/wp-json\/wp\/v2\/pages"}],"about":[{"href":"https:\/\/stella-pss.eu\/it\/wp-json\/wp\/v2\/types\/page"}],"author":[{"embeddable":true,"href":"https:\/\/stella-pss.eu\/it\/wp-json\/wp\/v2\/users\/1"}],"replies":[{"embeddable":true,"href":"https:\/\/stella-pss.eu\/it\/wp-json\/wp\/v2\/comments?post=38569"}],"version-history":[{"count":0,"href":"https:\/\/stella-pss.eu\/it\/wp-json\/wp\/v2\/pages\/38569\/revisions"}],"up":[{"embeddable":true,"href":"https:\/\/stella-pss.eu\/it\/wp-json\/wp\/v2\/pages\/38487"}],"wp:featuredmedia":[{"embeddable":true,"href":"https:\/\/stella-pss.eu\/it\/wp-json\/wp\/v2\/media\/37506"}],"wp:attachment":[{"href":"https:\/\/stella-pss.eu\/it\/wp-json\/wp\/v2\/media?parent=38569"}],"curies":[{"name":"wp","href":"https:\/\/api.w.org\/{rel}","templated":true}]}}