{"id":38660,"date":"2024-04-05T08:25:05","date_gmt":"2024-04-05T08:25:05","guid":{"rendered":"https:\/\/stella-pss.eu\/?page_id=38660"},"modified":"2026-02-20T09:10:24","modified_gmt":"2026-02-20T09:10:24","slug":"uau","status":"publish","type":"page","link":"https:\/\/stella-pss.eu\/it\/partners\/uau\/","title":{"rendered":"GEOPONIKO PANEPISTIMION ATHINON"},"content":{"rendered":"<div data-elementor-type=\"wp-page\" data-elementor-id=\"38660\" class=\"elementor elementor-38660\" data-elementor-post-type=\"page\">\n\t\t\t\t<div class=\"elementor-element elementor-element-c2f56cf e-flex e-con-boxed sc_layouts_column_icons_position_left e-con e-parent\" data-id=\"c2f56cf\" data-element_type=\"container\">\n\t\t\t\t\t<div class=\"e-con-inner\">\n\t\t\t\t<div class=\"elementor-element elementor-element-c34ab3d sc_fly_static elementor-widget elementor-widget-trx_sc_promo\" data-id=\"c34ab3d\" data-element_type=\"widget\" data-widget_type=\"trx_sc_promo.default\">\n\t\t\t\t<div class=\"elementor-widget-container\">\n\t\t\t\t\t<div  \n\tclass=\"sc_promo sc_promo_default sc_promo_size_small sc_promo_image_position_left\" ><div class=\"sc_promo_image\" style=\"background-image:url(\/\/stella-pss.eu\/wp-content\/uploads\/2024\/01\/1.AUA_.jpg);width:50%;left: 0;\" ><\/div><div class=\"sc_promo_text\" style=\"width: 50%;float: right;\" >\n\t\t\t<div class=\"sc_promo_text_inner\"><span class=\"sc_item_subtitle sc_promo_subtitle sc_align_left sc_item_subtitle_above sc_item_title_style_shadow\">UAU<\/span><h3 class=\"sc_item_title sc_promo_title sc_align_left sc_item_title_style_shadow trx_addons_inline_105209000\"\n\t\t\t><span class=\"sc_item_title_text\">GEOPONIKO PANEPISTIMION ATHINON<\/span><\/h3><\/div>\n\t\t<\/div><\/div>\t\t\t\t<\/div>\n\t\t\t\t<\/div>\n\t\t\t\t\t<\/div>\n\t\t\t\t<\/div>\n\t\t<div class=\"elementor-element elementor-element-5d528bc e-flex e-con-boxed sc_layouts_column_icons_position_left e-con e-parent\" data-id=\"5d528bc\" data-element_type=\"container\">\n\t\t\t\t\t<div class=\"e-con-inner\">\n\t\t\t\t<div class=\"elementor-element elementor-element-b373842 sc_fly_static elementor-widget elementor-widget-spacer\" data-id=\"b373842\" data-element_type=\"widget\" data-widget_type=\"spacer.default\">\n\t\t\t\t<div class=\"elementor-widget-container\">\n\t\t\t\t\t\t\t<div class=\"elementor-spacer\">\n\t\t\t<div class=\"elementor-spacer-inner\"><\/div>\n\t\t<\/div>\n\t\t\t\t\t\t<\/div>\n\t\t\t\t<\/div>\n\t\t\t\t<div class=\"elementor-element elementor-element-5fcfa1a sc_fly_static elementor-widget elementor-widget-heading\" data-id=\"5fcfa1a\" data-element_type=\"widget\" data-widget_type=\"heading.default\">\n\t\t\t\t<div class=\"elementor-widget-container\">\n\t\t\t\t\t<h4 class=\"elementor-heading-title elementor-size-default translation-block\">Informazioni su GEOPONIKO PANEPISTIMION ATHINON<\/h4>\t\t\t\t<\/div>\n\t\t\t\t<\/div>\n\t\t\t\t<div class=\"elementor-element elementor-element-aa5f5e8 sc_fly_static elementor-widget elementor-widget-text-editor\" data-id=\"aa5f5e8\" data-element_type=\"widget\" data-widget_type=\"text-editor.default\">\n\t\t\t\t<div class=\"elementor-widget-container translation-block\"><strong>Agricultural University of Athens (AUA)<\/strong>, \u00e8 stata fondata nel 1920 ed \u00e8 la terza Universit\u00e0 pi\u00f9 antica in Grecia. Votata all\u2019eccellenza sia nell\u2019Educazione e nella Ricerca nelle Scienze Agrarie, la missione di AUA si allinea con il contesto in evoluzione nella moderna educazione e scienza, rimanendo al tempo stesso fortemente radicato nel servire le necessit\u00e0 dell\u2019economia e della societ\u00e0 greche. Con diversi Dipartimenti rivolti alle Scienze Vegetali, Bioscienze Animali, Ingegneria Agraria e Ambientale, Scienze degli Alimenti e della Nutrizione, Biologia e Biotecnologia applicata, Scienze Economiche e Sociali applicate, adotta un approccio multidisciplinare per affrontare le sfide. I programmi educativi di AUA integrano teoria e pratica, stimolando lo sviluppo sostenibile e l\u2019innovazione nell\u2019agricoltura greca sia a livello di laurea che di post-laurea. In pi\u00f9, AUA rappresenta un hub per la ricerca in agricoltura, guidando il progresso che contribuisce allo sviluppo sostenibile e all\u2019innovazione nell\u2019agricoltura Greca.<\/div>\n\t\t\t\t<\/div>\n\t\t\t\t\t<\/div>\n\t\t\t\t<\/div>\n\t\t<div class=\"elementor-element elementor-element-ed530dc e-flex e-con-boxed sc_layouts_column_icons_position_left e-con e-parent\" data-id=\"ed530dc\" data-element_type=\"container\">\n\t\t\t\t\t<div class=\"e-con-inner\">\n\t\t\t\t<div class=\"elementor-element elementor-element-ed5dede sc_fly_static elementor-widget elementor-widget-spacer\" data-id=\"ed5dede\" data-element_type=\"widget\" data-widget_type=\"spacer.default\">\n\t\t\t\t<div class=\"elementor-widget-container\">\n\t\t\t\t\t\t\t<div class=\"elementor-spacer\">\n\t\t\t<div class=\"elementor-spacer-inner\"><\/div>\n\t\t<\/div>\n\t\t\t\t\t\t<\/div>\n\t\t\t\t<\/div>\n\t\t\t\t<div class=\"elementor-element elementor-element-e65e3ed sc_fly_static elementor-widget elementor-widget-heading\" data-id=\"e65e3ed\" data-element_type=\"widget\" data-widget_type=\"heading.default\">\n\t\t\t\t<div class=\"elementor-widget-container\">\n\t\t\t\t\t<h4 class=\"elementor-heading-title elementor-size-default\">GEOPONIKO PANEPISTIMION ATHINON'S ROLE AT STELLA<\/h4>\t\t\t\t<\/div>\n\t\t\t\t<\/div>\n\t\t\t\t<div class=\"elementor-element elementor-element-ffcc32d sc_fly_static elementor-widget elementor-widget-text-editor\" data-id=\"ffcc32d\" data-element_type=\"widget\" data-widget_type=\"text-editor.default\">\n\t\t\t\t<div class=\"elementor-widget-container\">\n\t\t\t\t\t\t\t\t\tIl ruolo di AUA nel progetto \u00e8 multiforme, con un focus primario sulla gestione di due work packages cruciali: \n<br><br>WP1 \u2013 Project Management e WP3 \u2013 Piattaforma STELLA. Nel WP1, AUA supervisiona il coordinamento delle attivit\u00e0 del progetto, garantendo un'efficiente gestione finanziaria e amministrativa, mantenendo allo stesso tempo un elevato standard di qualit\u00e0 dei risultati attraverso il monitoraggio regolare e l'ottimizzazione della cooperazione dei partner. Allo stesso tempo, all'interno del WP3, AUA guida lo sviluppo della piattaforma STELLA, svolgendo compiti quali la progettazione e l'implementazione di un ambiente di hosting per modelli di intelligenza artificiale e strumenti analitici, garantendo l'interoperabilit\u00e0 dei dati, sviluppando un'interfaccia utente grafica (GUI) di facile utilizzo, garantendo la conformit\u00e0 con la legislazione sulla propriet\u00e0 dei dati e la valutazione della piattaforma secondo vari criteri per promuoverne uno sfruttamento di successo. \n<br><br>Inoltre, il coinvolgimento di AUA si estende ad altri work packages, incluso il WP2 (compiti T2.1, T2.2), dove contribuisce a stabilire protocolli per la raccolta efficace di dati e ad estrarre e pre-elaborare tutti i dati prossimali, IoT, trappole (insetti e spore) e dati di telerilevamento. \n<br><br>Nel WP4, AUA supervisioner\u00e0, nell'arco di 3 anni, i 2 casi studio pilota  (UCP) situati in Grecia, che coprono diversi usi del territorio (uliveti, platani) e si rivolgono a 3 diversi organismi nocivi regolamentati da quarantena e non da quarantena (Verticillium dahliae, Pseudomonas savastanoi pv. savastanoi, Ceratocystis platani). \n<br><br>Inoltre, AUA contribuisce al WP5 (T5.2) sullo sviluppo di raccomandazioni politiche e guida gli sforzi nella conduzione di analisi costi-benefici (T5.3) per valutare la fattibilit\u00e0 e la sostenibilit\u00e0 delle tecnologie proposte e della piattaforma STELLA PSS attraverso gli UCP del progetto. \n<br><br>Infine, AUA contribuir\u00e0 all'esecuzione complessiva dei piani di diffusione, comunicazione e sfruttamento all'interno del WP6 e guider\u00e0 il T6.3 sviluppando una piattaforma di e-learning per aiutare le parti interessate ad acquisire le conoscenze essenziali per utilizzare la piattaforma STELLA PSS. <br>Attraverso questi sforzi, AUA svolge un ruolo fondamentale nel guidare il successo del progetto gestendo in modo efficace le risorse e progredendo nelle soluzioni tecnologiche.\t\t\t\t\t\t\t\t<\/div>\n\t\t\t\t<\/div>\n\t\t\t\t\t<\/div>\n\t\t\t\t<\/div>\n\t\t<div class=\"trx_addons_has_bg_text elementor-element elementor-element-30c618f e-flex e-con-boxed sc_layouts_column_icons_position_left e-con e-parent\" data-bg-text=\"{&quot;bg_text&quot;:&quot;MORE INFO&quot;,&quot;bg_text_effect&quot;:&quot;slide&quot;,&quot;bg_text_overlay&quot;:{&quot;url&quot;:&quot;&quot;},&quot;bg_text_left&quot;:{&quot;size&quot;:&quot;&quot;,&quot;unit&quot;:&quot;%&quot;},&quot;bg_text_top&quot;:{&quot;size&quot;:&quot;&quot;,&quot;unit&quot;:&quot;%&quot;},&quot;bg_text_z_index&quot;:{&quot;size&quot;:&quot;0&quot;,&quot;unit&quot;:&quot;px&quot;},&quot;bg_text_marquee&quot;:{&quot;unit&quot;:&quot;px&quot;,&quot;size&quot;:&quot;&quot;,&quot;sizes&quot;:[]},&quot;bg_text_marquee_hover&quot;:&quot;&quot;,&quot;bg_text_marquee_margin&quot;:{&quot;size&quot;:&quot;50&quot;,&quot;unit&quot;:&quot;px&quot;},&quot;bg_text_reverse&quot;:0,&quot;bg_text_accelerate&quot;:0,&quot;bg_text_delimiter_icon&quot;:&quot;&quot;,&quot;bg_text_delimiter_image&quot;:&quot;&quot;,&quot;bg_text_delimiter_svg&quot;:&quot;&quot;,&quot;bg_text_delimiter_rotation&quot;:0}\" data-id=\"30c618f\" data-element_type=\"container\">\n\t\t\t\t\t<div class=\"e-con-inner\">\n\t\t<div class=\"trx_addons_has_bg_text elementor-element elementor-element-7eabae8 e-con-full e-flex sc_layouts_column_icons_position_left e-con e-child\" data-bg-text=\"{&quot;bg_text&quot;:&quot;MORE INFO&quot;,&quot;bg_text_effect&quot;:&quot;slide&quot;,&quot;bg_text_overlay&quot;:{&quot;url&quot;:&quot;&quot;},&quot;bg_text_left&quot;:{&quot;size&quot;:&quot;&quot;,&quot;unit&quot;:&quot;%&quot;},&quot;bg_text_top&quot;:{&quot;unit&quot;:&quot;%&quot;,&quot;size&quot;:-3,&quot;sizes&quot;:[]},&quot;bg_text_z_index&quot;:{&quot;unit&quot;:&quot;px&quot;,&quot;size&quot;:&quot;&quot;,&quot;sizes&quot;:[]},&quot;bg_text_marquee&quot;:{&quot;unit&quot;:&quot;px&quot;,&quot;size&quot;:&quot;&quot;,&quot;sizes&quot;:[]},&quot;bg_text_marquee_hover&quot;:&quot;&quot;,&quot;bg_text_marquee_margin&quot;:{&quot;size&quot;:&quot;50&quot;,&quot;unit&quot;:&quot;px&quot;},&quot;bg_text_reverse&quot;:0,&quot;bg_text_accelerate&quot;:0,&quot;bg_text_delimiter_icon&quot;:&quot;&quot;,&quot;bg_text_delimiter_image&quot;:&quot;&quot;,&quot;bg_text_delimiter_svg&quot;:&quot;&quot;,&quot;bg_text_delimiter_rotation&quot;:0}\" data-id=\"7eabae8\" data-element_type=\"container\">\n\t\t\t\t<div class=\"elementor-element elementor-element-3d0903c sc_fly_static elementor-widget elementor-widget-heading\" data-id=\"3d0903c\" data-element_type=\"widget\" data-widget_type=\"heading.default\">\n\t\t\t\t<div class=\"elementor-widget-container\">\n\t\t\t\t\t<h6 class=\"elementor-heading-title elementor-size-default\">Maggiori informazioni<\/h6>\t\t\t\t<\/div>\n\t\t\t\t<\/div>\n\t\t\t\t<div class=\"elementor-element elementor-element-d793a25 sc_fly_static elementor-widget elementor-widget-trx_sc_layouts_iconed_text\" data-id=\"d793a25\" data-element_type=\"widget\" data-widget_type=\"trx_sc_layouts_iconed_text.default\">\n\t\t\t\t<div class=\"elementor-widget-container\">\n\t\t\t\t\t<div class=\"sc_layouts_iconed_text\" ><span class=\"sc_layouts_item_icon sc_layouts_iconed_text_icon icon-locator sc_icon_type_icons\"><\/span><span class=\"sc_layouts_item_details sc_layouts_iconed_text_details\"><span class=\"sc_layouts_item_details_line1 sc_layouts_iconed_text_line1\">Grecia<\/span><\/span><\/div>\t\t\t\t<\/div>\n\t\t\t\t<\/div>\n\t\t\t\t<div class=\"elementor-element elementor-element-a27e7ba sc_fly_static elementor-widget elementor-widget-trx_sc_layouts_iconed_text\" data-id=\"a27e7ba\" data-element_type=\"widget\" data-widget_type=\"trx_sc_layouts_iconed_text.default\">\n\t\t\t\t<div class=\"elementor-widget-container\">\n\t\t\t\t\t<div class=\"sc_layouts_iconed_text\" ><a href=\"https:\/\/www2.aua.gr\/el\" class=\"sc_layouts_item_link sc_layouts_iconed_text_link\" target=\"_blank\" rel=\"noopener noreferrer nofollow\"><span class=\"sc_layouts_item_icon sc_layouts_iconed_text_icon icon-sphere sc_icon_type_icons\"><\/span><span class=\"sc_layouts_item_details sc_layouts_iconed_text_details\"><span class=\"sc_layouts_item_details_line1 sc_layouts_iconed_text_line1\">aua.gr<\/span><\/span><\/a><\/div>\t\t\t\t<\/div>\n\t\t\t\t<\/div>\n\t\t\t\t<div class=\"elementor-element elementor-element-e9852ed sc_fly_static elementor-widget elementor-widget-trx_sc_socials\" data-id=\"e9852ed\" data-element_type=\"widget\" data-widget_type=\"trx_sc_socials.default\">\n\t\t\t\t<div class=\"elementor-widget-container\">\n\t\t\t\t\t<div  \n\t\tclass=\"sc_socials sc_socials_default sc_align_none\" ><div class=\"socials_wrap sc_item_content\"><a target=\"_blank\" rel=\"nofollow\" href=\"https:\/\/www.linkedin.com\/in\/agricultural-university-of-athens-aua-ofc-3814321aa\/\" class=\"social_item social_item_style_icons sc_icon_type_icons social_item_type_icons\"><span class=\"social_icon social_icon_linkedin\" style=\"\"><span class=\"screen-reader-text\">linkedin<\/span><span class=\"icon-linkedin\"><\/span><\/span><\/a><a target=\"_blank\" rel=\"nofollow\" href=\"https:\/\/www.facebook.com\/AgriculturalUniversityofAthens\/\" class=\"social_item social_item_style_icons sc_icon_type_icons social_item_type_icons\"><span class=\"social_icon social_icon_facebook\" style=\"\"><span class=\"screen-reader-text\">facebook<\/span><span class=\"icon-facebook\"><\/span><\/span><\/a><a target=\"_blank\" rel=\"nofollow\" href=\"https:\/\/www.instagram.com\/agricultural_university_athens\/\" class=\"social_item social_item_style_icons sc_icon_type_icons social_item_type_icons\"><span class=\"social_icon social_icon_instagram\" style=\"\"><span class=\"screen-reader-text\">instagram<\/span><span class=\"icon-instagram\"><\/span><\/span><\/a><a target=\"_blank\" rel=\"nofollow\" href=\"https:\/\/www.youtube.com\/channel\/UCilRPTax6lrU8I5xY3Fie3g\" class=\"social_item social_item_style_icons sc_icon_type_icons social_item_type_icons\"><span class=\"social_icon social_icon_youtube2\" style=\"\"><span class=\"screen-reader-text\">youtube2<\/span><span class=\"trx_addons_icon-youtube2\"><\/span><\/span><\/a><\/div><\/div>\t\t\t\t<\/div>\n\t\t\t\t<\/div>\n\t\t\t\t<\/div>\n\t\t<div class=\"elementor-element elementor-element-e49ca50 e-con-full e-flex sc_layouts_column_icons_position_left e-con e-child\" data-id=\"e49ca50\" data-element_type=\"container\">\n\t\t\t\t<div class=\"elementor-element elementor-element-e73c340 sc_fly_static elementor-widget elementor-widget-heading\" data-id=\"e73c340\" data-element_type=\"widget\" data-widget_type=\"heading.default\">\n\t\t\t\t<div class=\"elementor-widget-container\">\n\t\t\t\t\t<h6 class=\"elementor-heading-title elementor-size-default\">Persone di contatto<\/h6>\t\t\t\t<\/div>\n\t\t\t\t<\/div>\n\t\t\t\t<div class=\"elementor-element elementor-element-4378ec5 elementor-author-box--align-left sc_fly_static elementor-widget elementor-widget-author-box\" data-id=\"4378ec5\" data-element_type=\"widget\" data-widget_type=\"author-box.default\">\n\t\t\t\t<div class=\"elementor-widget-container\">\n\t\t\t\t\t\t\t<div class=\"elementor-author-box\">\n\t\t\t\n\t\t\t<div class=\"elementor-author-box__text\">\n\t\t\t\t\t\t\t\t\t<div >\n\t\t\t\t\t\t<h4 class=\"elementor-author-box__name\">\n\t\t\t\t\t\t\tProf. Dimitris Tsitsigiannis\t\t\t\t\t\t<\/h4>\n\t\t\t\t\t<\/div>\n\t\t\t\t\n\t\t\t\t\t\t\t\t\t<div class=\"elementor-author-box__bio\">\n\t\t\t\t\t\t<p>Coordinatore di progetto<\/p>\n\t\t\t\t\t<\/div>\n\t\t\t\t\n\t\t\t\t\t\t\t\t\t<a class=\"elementor-author-box__button elementor-button elementor-size-xs\" href=\"mailto:dimtsi@aua.gr\">\n\t\t\t\t\t\tContattaci\t\t\t\t\t<\/a>\n\t\t\t\t\t\t\t<\/div>\n\t\t<\/div>\n\t\t\t\t\t\t<\/div>\n\t\t\t\t<\/div>\n\t\t\t\t<div class=\"elementor-element elementor-element-c875ff3 elementor-author-box--align-left sc_fly_static elementor-widget elementor-widget-author-box\" data-id=\"c875ff3\" data-element_type=\"widget\" data-widget_type=\"author-box.default\">\n\t\t\t\t<div class=\"elementor-widget-container\">\n\t\t\t\t\t\t\t<div class=\"elementor-author-box\">\n\t\t\t\n\t\t\t<div class=\"elementor-author-box__text\">\n\t\t\t\t\t\t\t\t\t<div >\n\t\t\t\t\t\t<h4 class=\"elementor-author-box__name\">\n\t\t\t\t\t\t\tIoannis Zafeiriou\t\t\t\t\t\t<\/h4>\n\t\t\t\t\t<\/div>\n\t\t\t\t\n\t\t\t\t\t\t\t\t\t<div class=\"elementor-author-box__bio\">\n\t\t\t\t\t\t<p>Responsabile di progetto<\/p>\n\t\t\t\t\t<\/div>\n\t\t\t\t\n\t\t\t\t\t\t\t\t\t<a class=\"elementor-author-box__button elementor-button elementor-size-xs\" href=\"mailto:ioannis.zafeiriou@aua.gr\">\n\t\t\t\t\t\tContattaci\t\t\t\t\t<\/a>\n\t\t\t\t\t\t\t<\/div>\n\t\t<\/div>\n\t\t\t\t\t\t<\/div>\n\t\t\t\t<\/div>\n\t\t\t\t<\/div>\n\t\t\t\t\t<\/div>\n\t\t\t\t<\/div>\n\t\t\t\t<\/div>","protected":false},"excerpt":{"rendered":"<p>UAU GEOPONIKO PANEPISTIMION ATHINON The Agricultural University of Athens (AUA), established in 1920, stands as&hellip;<\/p>","protected":false},"author":1,"featured_media":37306,"parent":4047,"menu_order":1,"comment_status":"closed","ping_status":"closed","template":"","meta":{"iawp_total_views":62,"footnotes":""},"class_list":["post-38660","page","type-page","status-publish","has-post-thumbnail","hentry"],"_links":{"self":[{"href":"https:\/\/stella-pss.eu\/it\/wp-json\/wp\/v2\/pages\/38660","targetHints":{"allow":["GET"]}}],"collection":[{"href":"https:\/\/stella-pss.eu\/it\/wp-json\/wp\/v2\/pages"}],"about":[{"href":"https:\/\/stella-pss.eu\/it\/wp-json\/wp\/v2\/types\/page"}],"author":[{"embeddable":true,"href":"https:\/\/stella-pss.eu\/it\/wp-json\/wp\/v2\/users\/1"}],"replies":[{"embeddable":true,"href":"https:\/\/stella-pss.eu\/it\/wp-json\/wp\/v2\/comments?post=38660"}],"version-history":[{"count":0,"href":"https:\/\/stella-pss.eu\/it\/wp-json\/wp\/v2\/pages\/38660\/revisions"}],"up":[{"embeddable":true,"href":"https:\/\/stella-pss.eu\/it\/wp-json\/wp\/v2\/pages\/4047"}],"wp:featuredmedia":[{"embeddable":true,"href":"https:\/\/stella-pss.eu\/it\/wp-json\/wp\/v2\/media\/37306"}],"wp:attachment":[{"href":"https:\/\/stella-pss.eu\/it\/wp-json\/wp\/v2\/media?parent=38660"}],"curies":[{"name":"wp","href":"https:\/\/api.w.org\/{rel}","templated":true}]}}