{"id":38728,"date":"2024-04-05T10:05:19","date_gmt":"2024-04-05T10:05:19","guid":{"rendered":"https:\/\/stella-pss.eu\/?page_id=38728"},"modified":"2024-04-05T10:54:50","modified_gmt":"2024-04-05T10:54:50","slug":"ucp-4-arable-italy","status":"publish","type":"page","link":"https:\/\/stella-pss.eu\/it\/use-case-pilots\/ucp-4-arable-italy\/","title":{"rendered":"UCP 4 - Estensive || ITALIA"},"content":{"rendered":"<div data-elementor-type=\"wp-page\" data-elementor-id=\"38728\" class=\"elementor elementor-38728\" data-elementor-post-type=\"page\">\n\t\t\t\t<div class=\"elementor-element elementor-element-10834f3 e-flex e-con-boxed sc_layouts_column_icons_position_left e-con e-parent\" data-id=\"10834f3\" data-element_type=\"container\">\n\t\t\t\t\t<div class=\"e-con-inner\">\n\t\t<div class=\"elementor-element elementor-element-73fe6fe e-con-full e-flex sc_layouts_column_icons_position_left e-con e-child\" data-id=\"73fe6fe\" data-element_type=\"container\">\n\t\t<div class=\"elementor-element elementor-element-bc73912 e-flex e-con-boxed sc_layouts_column_icons_position_left e-con e-child\" data-id=\"bc73912\" data-element_type=\"container\" data-settings=\"{&quot;position&quot;:&quot;sticky&quot;}\">\n\t\t\t\t\t<div class=\"e-con-inner\">\n\t\t\t\t<div class=\"elementor-element elementor-element-5303cbf sc_fly_static elementor-widget elementor-widget-heading\" data-id=\"5303cbf\" data-element_type=\"widget\" data-widget_type=\"heading.default\">\n\t\t\t\t<div class=\"elementor-widget-container\">\n\t\t\t\t\t<h3 class=\"elementor-heading-title elementor-size-default\">UCP 4 - Estensive | ITALIA<\/h3>\t\t\t\t<\/div>\n\t\t\t\t<\/div>\n\t\t\t\t<div class=\"elementor-element elementor-element-6e678ff sc_fly_static elementor-widget elementor-widget-heading\" data-id=\"6e678ff\" data-element_type=\"widget\" data-widget_type=\"heading.default\">\n\t\t\t\t<div class=\"elementor-widget-container\">\n\t\t\t\t\t<h5 class=\"elementor-heading-title elementor-size-default\"><i>Ralstonia solanacearum<\/i> (batterio)<\/h5>\t\t\t\t<\/div>\n\t\t\t\t<\/div>\n\t\t\t\t<div class=\"elementor-element elementor-element-144c031 sc_fly_static elementor-widget elementor-widget-image\" data-id=\"144c031\" data-element_type=\"widget\" data-settings=\"{&quot;motion_fx_motion_fx_scrolling&quot;:&quot;yes&quot;,&quot;motion_fx_devices&quot;:[&quot;desktop&quot;,&quot;tablet&quot;,&quot;mobile&quot;]}\" data-widget_type=\"image.default\">\n\t\t\t\t<div class=\"elementor-widget-container\">\n\t\t\t\t\t\t\t\t\t\t\t\t\t\t\t<img fetchpriority=\"high\" decoding=\"async\" width=\"500\" height=\"375\" src=\"https:\/\/stella-pss.eu\/wp-content\/uploads\/2024\/01\/colorful-tomatoes-vegetables-fruits-are-growing-indoor-farm-vertical-farm.jpg\" class=\"attachment-large size-large wp-image-37504\" alt=\"\" srcset=\"https:\/\/stella-pss.eu\/wp-content\/uploads\/2024\/01\/colorful-tomatoes-vegetables-fruits-are-growing-indoor-farm-vertical-farm.jpg 500w, https:\/\/stella-pss.eu\/wp-content\/uploads\/2024\/01\/colorful-tomatoes-vegetables-fruits-are-growing-indoor-farm-vertical-farm-370x278.jpg 370w, https:\/\/stella-pss.eu\/wp-content\/uploads\/2024\/01\/colorful-tomatoes-vegetables-fruits-are-growing-indoor-farm-vertical-farm-410x308.jpg 410w\" sizes=\"(max-width: 600px) 100vw, 500px\" \/>\t\t\t\t\t\t\t\t\t\t\t\t\t\t\t<\/div>\n\t\t\t\t<\/div>\n\t\t\t\t\t<\/div>\n\t\t\t\t<\/div>\n\t\t\t\t<\/div>\n\t\t<div class=\"elementor-element elementor-element-a5cf2b5 e-con-full e-flex sc_layouts_column_icons_position_left e-con e-child\" data-id=\"a5cf2b5\" data-element_type=\"container\">\n\t\t<div class=\"trx_addons_has_bg_text elementor-element elementor-element-1984c71 e-flex e-con-boxed sc_layouts_column_icons_position_left e-con e-child\" data-bg-text=\"{&quot;bg_text&quot;:&quot;Pest Challenges&quot;,&quot;bg_text_effect&quot;:&quot;slide&quot;,&quot;bg_text_overlay&quot;:{&quot;url&quot;:&quot;&quot;},&quot;bg_text_left&quot;:{&quot;unit&quot;:&quot;%&quot;,&quot;size&quot;:0,&quot;sizes&quot;:[]},&quot;bg_text_top&quot;:{&quot;unit&quot;:&quot;%&quot;,&quot;size&quot;:-3,&quot;sizes&quot;:[]},&quot;bg_text_z_index&quot;:{&quot;size&quot;:&quot;0&quot;,&quot;unit&quot;:&quot;px&quot;},&quot;bg_text_marquee&quot;:{&quot;unit&quot;:&quot;px&quot;,&quot;size&quot;:0,&quot;sizes&quot;:[]},&quot;bg_text_marquee_hover&quot;:&quot;&quot;,&quot;bg_text_marquee_margin&quot;:{&quot;unit&quot;:&quot;px&quot;,&quot;size&quot;:50,&quot;sizes&quot;:[]},&quot;bg_text_reverse&quot;:0,&quot;bg_text_accelerate&quot;:0,&quot;bg_text_delimiter_icon&quot;:&quot;&quot;,&quot;bg_text_delimiter_image&quot;:&quot;&quot;,&quot;bg_text_delimiter_svg&quot;:&quot;&quot;,&quot;bg_text_delimiter_rotation&quot;:0}\" data-id=\"1984c71\" data-element_type=\"container\">\n\t\t\t\t\t<div class=\"e-con-inner\">\n\t\t\t\t<div class=\"elementor-element elementor-element-2266481 sc_fly_static elementor-widget elementor-widget-heading\" data-id=\"2266481\" data-element_type=\"widget\" data-widget_type=\"heading.default\">\n\t\t\t\t<div class=\"elementor-widget-container\">\n\t\t\t\t\t<h3 class=\"elementor-heading-title elementor-size-default\">Sfide delle malattie<\/h3>\t\t\t\t<\/div>\n\t\t\t\t<\/div>\n\t\t\t\t<div class=\"elementor-element elementor-element-fd54fb3 sc_fly_static elementor-widget elementor-widget-text-editor\" data-id=\"fd54fb3\" data-element_type=\"widget\" data-widget_type=\"text-editor.default\">\n\t\t\t\t<div class=\"elementor-widget-container\">\n\t\t\t\t\t\t\t\t\t<p class=\"translation-block\"><span style=\"font-weight: 400\">Una volta all'interno della pianta,<em><strong> R. solanacearum<\/strong><\/em> colonizza il sistema vascolare, provocando avvizzimento, ingiallimento e infine la morte della pianta. Oltre al danno diretto causato dal patogeno, l'intero campo deve essere distrutto secondo la legge regionale DPG\/2021\/9524. Infine, il controllo di R. solanacearum \u00e8 difficile, poich\u00e9 il batterio pu\u00f2 persistere nel suolo e nei detriti vegetali per molti anni.<\/span><\/p>\t\t\t\t\t\t\t\t<\/div>\n\t\t\t\t<\/div>\n\t\t\t\t\t<\/div>\n\t\t\t\t<\/div>\n\t\t<div class=\"elementor-element elementor-element-576445e e-flex e-con-boxed sc_layouts_column_icons_position_left e-con e-child\" data-id=\"576445e\" data-element_type=\"container\">\n\t\t\t\t\t<div class=\"e-con-inner\">\n\t\t\t\t<div class=\"elementor-element elementor-element-4995bb7 sc_fly_static elementor-widget elementor-widget-heading\" data-id=\"4995bb7\" data-element_type=\"widget\" data-widget_type=\"heading.default\">\n\t\t\t\t<div class=\"elementor-widget-container\">\n\t\t\t\t\t<h3 class=\"elementor-heading-title elementor-size-default\">Sfide regionali<\/h3>\t\t\t\t<\/div>\n\t\t\t\t<\/div>\n\t\t\t\t<div class=\"elementor-element elementor-element-fc05638 sc_fly_static elementor-widget elementor-widget-text-editor\" data-id=\"fc05638\" data-element_type=\"widget\" data-widget_type=\"text-editor.default\">\n\t\t\t\t<div class=\"elementor-widget-container\">\n\t\t\t\t\t\t\t\t\t<p><span style=\"font-weight: 400;\">L\u2019Italia \u00e8 il terzo produttore mondiale di pomodoro da trasformazione (5,166 milioni di tonnellate nel 2020), di cui circa la met\u00e0 \u00e8 prodotta dalla Regione Emilia-Romagna.<\/span><\/p>\t\t\t\t\t\t\t\t<\/div>\n\t\t\t\t<\/div>\n\t\t\t\t\t<\/div>\n\t\t\t\t<\/div>\n\t\t<div class=\"elementor-element elementor-element-9d081f9 e-flex e-con-boxed sc_layouts_column_icons_position_left e-con e-child\" data-id=\"9d081f9\" data-element_type=\"container\" data-settings=\"{&quot;motion_fx_motion_fx_scrolling&quot;:&quot;yes&quot;,&quot;motion_fx_scale_effect&quot;:&quot;yes&quot;,&quot;motion_fx_scale_range&quot;:{&quot;unit&quot;:&quot;%&quot;,&quot;size&quot;:&quot;&quot;,&quot;sizes&quot;:{&quot;start&quot;:31,&quot;end&quot;:75}},&quot;motion_fx_devices&quot;:[&quot;desktop&quot;,&quot;tablet&quot;],&quot;motion_fx_scale_direction&quot;:&quot;out-in&quot;,&quot;motion_fx_scale_speed&quot;:{&quot;unit&quot;:&quot;px&quot;,&quot;size&quot;:4,&quot;sizes&quot;:[]}}\">\n\t\t\t\t\t<div class=\"e-con-inner\">\n\t\t\t\t<div class=\"elementor-element elementor-element-0a0b798 sc_fly_static elementor-widget elementor-widget-heading\" data-id=\"0a0b798\" data-element_type=\"widget\" data-widget_type=\"heading.default\">\n\t\t\t\t<div class=\"elementor-widget-container\">\n\t\t\t\t\t<h3 class=\"elementor-heading-title elementor-size-default\">Piano del UCP<\/h3>\t\t\t\t<\/div>\n\t\t\t\t<\/div>\n\t\t\t\t<div class=\"elementor-element elementor-element-699fb60 sc_fly_static elementor-widget elementor-widget-text-editor\" data-id=\"699fb60\" data-element_type=\"widget\" data-widget_type=\"text-editor.default\">\n\t\t\t\t<div class=\"elementor-widget-container\">\n\t\t\t\t\t\t\t\t\t<p><strong>Per l'UCP italiano nella regione Emilia-Romagna (pomodoro da industria), saranno selezionate un minimo di tre aziende agricole che producono pomodoro da industria, per sperimentare e testare le soluzioni STELLA. Data l\u2019estensione dell\u2019area indagata, previa consultazione delle autorit\u00e0 locali e degli agricoltori, verranno selezionate solo le sottoregioni con una produzione significativa di pomodoro da industria, per consentire un\u2019implementazione rappresentativa, frequente e fattibile delle tecnologie STELLA.<\/strong><\/p>\t\t\t\t\t\t\t\t<\/div>\n\t\t\t\t<\/div>\n\t\t\t\t\t<\/div>\n\t\t\t\t<\/div>\n\t\t\t\t<\/div>\n\t\t\t\t\t<\/div>\n\t\t\t\t<\/div>\n\t\t\t\t<\/div>","protected":false},"excerpt":{"rendered":"<p>UCP 4 &#8211; Arable | ITALY Ralstonia solanacearum (Bacterium) Pest Challenges Once inside a plant,&hellip;<\/p>","protected":false},"author":2,"featured_media":37504,"parent":38487,"menu_order":4,"comment_status":"closed","ping_status":"closed","template":"","meta":{"iawp_total_views":60,"footnotes":""},"class_list":["post-38728","page","type-page","status-publish","has-post-thumbnail","hentry"],"_links":{"self":[{"href":"https:\/\/stella-pss.eu\/it\/wp-json\/wp\/v2\/pages\/38728","targetHints":{"allow":["GET"]}}],"collection":[{"href":"https:\/\/stella-pss.eu\/it\/wp-json\/wp\/v2\/pages"}],"about":[{"href":"https:\/\/stella-pss.eu\/it\/wp-json\/wp\/v2\/types\/page"}],"author":[{"embeddable":true,"href":"https:\/\/stella-pss.eu\/it\/wp-json\/wp\/v2\/users\/2"}],"replies":[{"embeddable":true,"href":"https:\/\/stella-pss.eu\/it\/wp-json\/wp\/v2\/comments?post=38728"}],"version-history":[{"count":0,"href":"https:\/\/stella-pss.eu\/it\/wp-json\/wp\/v2\/pages\/38728\/revisions"}],"up":[{"embeddable":true,"href":"https:\/\/stella-pss.eu\/it\/wp-json\/wp\/v2\/pages\/38487"}],"wp:featuredmedia":[{"embeddable":true,"href":"https:\/\/stella-pss.eu\/it\/wp-json\/wp\/v2\/media\/37504"}],"wp:attachment":[{"href":"https:\/\/stella-pss.eu\/it\/wp-json\/wp\/v2\/media?parent=38728"}],"curies":[{"name":"wp","href":"https:\/\/api.w.org\/{rel}","templated":true}]}}