{"id":38569,"date":"2024-04-04T16:22:46","date_gmt":"2024-04-04T16:22:46","guid":{"rendered":"https:\/\/stella-pss.eu\/?page_id=38569"},"modified":"2025-07-08T15:46:40","modified_gmt":"2025-07-08T15:46:40","slug":"ucp-1-vineyard-france","status":"publish","type":"page","link":"https:\/\/stella-pss.eu\/lt\/use-case-pilots\/ucp-1-vineyard-france\/","title":{"rendered":"UCP 1 \u2013 Vynuogynas || PRANC\u016aZIJA"},"content":{"rendered":"<div data-elementor-type=\"wp-page\" data-elementor-id=\"38569\" class=\"elementor elementor-38569\" data-elementor-post-type=\"page\">\n\t\t\t\t<div class=\"elementor-element elementor-element-10834f3 e-flex e-con-boxed sc_layouts_column_icons_position_left e-con e-parent\" data-id=\"10834f3\" data-element_type=\"container\">\n\t\t\t\t\t<div class=\"e-con-inner\">\n\t\t<div class=\"elementor-element elementor-element-73fe6fe e-con-full e-flex sc_layouts_column_icons_position_left e-con e-child\" data-id=\"73fe6fe\" data-element_type=\"container\">\n\t\t<div class=\"elementor-element elementor-element-bc73912 e-flex e-con-boxed sc_layouts_column_icons_position_left e-con e-child\" data-id=\"bc73912\" data-element_type=\"container\" data-settings=\"{&quot;position&quot;:&quot;sticky&quot;}\">\n\t\t\t\t\t<div class=\"e-con-inner\">\n\t\t\t\t<div class=\"elementor-element elementor-element-5303cbf sc_fly_static elementor-widget elementor-widget-heading\" data-id=\"5303cbf\" data-element_type=\"widget\" data-widget_type=\"heading.default\">\n\t\t\t\t<div class=\"elementor-widget-container\">\n\t\t\t\t\t<h3 class=\"elementor-heading-title elementor-size-default\">1 TIRIAMAS ATVEJIS \u2013 Vynuogynas | PRANC\u016aZIJA<\/h3>\t\t\t\t<\/div>\n\t\t\t\t<\/div>\n\t\t\t\t<div class=\"elementor-element elementor-element-6e678ff sc_fly_static elementor-widget elementor-widget-heading\" data-id=\"6e678ff\" data-element_type=\"widget\" data-widget_type=\"heading.default\">\n\t\t\t\t<div class=\"elementor-widget-container\">\n\t\t\t\t\t<h5 class=\"elementor-heading-title elementor-size-default translation-block\">Vynuogi\u0173 lap\u0173 susisukimo liga (virusas <i>GLRaV-1 ir GLRaV-3<\/i>) \nir\n<br>\nJuodalksnio geltonoji d\u0117m\u0117tlig\u0117 (<i>Candidatus Phytoplasma solani<\/i> - Bakterija)<\/h5>\t\t\t\t<\/div>\n\t\t\t\t<\/div>\n\t\t\t\t<div class=\"elementor-element elementor-element-144c031 sc_fly_static elementor-widget elementor-widget-image\" data-id=\"144c031\" data-element_type=\"widget\" data-settings=\"{&quot;motion_fx_motion_fx_scrolling&quot;:&quot;yes&quot;,&quot;motion_fx_devices&quot;:[&quot;desktop&quot;,&quot;tablet&quot;,&quot;mobile&quot;]}\" data-widget_type=\"image.default\">\n\t\t\t\t<div class=\"elementor-widget-container\">\n\t\t\t\t\t\t\t\t\t\t\t\t\t\t\t<img fetchpriority=\"high\" decoding=\"async\" width=\"500\" height=\"333\" src=\"https:\/\/stella-pss.eu\/wp-content\/uploads\/2024\/01\/grapes-vineyards-plant-sunny-day.jpg\" class=\"attachment-large size-large wp-image-37506\" alt=\"\" srcset=\"https:\/\/stella-pss.eu\/wp-content\/uploads\/2024\/01\/grapes-vineyards-plant-sunny-day.jpg 500w, https:\/\/stella-pss.eu\/wp-content\/uploads\/2024\/01\/grapes-vineyards-plant-sunny-day-370x246.jpg 370w, https:\/\/stella-pss.eu\/wp-content\/uploads\/2024\/01\/grapes-vineyards-plant-sunny-day-410x273.jpg 410w\" sizes=\"(max-width: 600px) 100vw, 500px\" \/>\t\t\t\t\t\t\t\t\t\t\t\t\t\t\t<\/div>\n\t\t\t\t<\/div>\n\t\t\t\t\t<\/div>\n\t\t\t\t<\/div>\n\t\t\t\t<\/div>\n\t\t<div class=\"elementor-element elementor-element-a5cf2b5 e-con-full e-flex sc_layouts_column_icons_position_left e-con e-child\" data-id=\"a5cf2b5\" data-element_type=\"container\">\n\t\t<div class=\"trx_addons_has_bg_text elementor-element elementor-element-1984c71 e-flex e-con-boxed sc_layouts_column_icons_position_left e-con e-child\" data-bg-text=\"{&quot;bg_text&quot;:&quot;Pest Challenges&quot;,&quot;bg_text_effect&quot;:&quot;slide&quot;,&quot;bg_text_overlay&quot;:{&quot;url&quot;:&quot;&quot;},&quot;bg_text_left&quot;:{&quot;unit&quot;:&quot;%&quot;,&quot;size&quot;:0,&quot;sizes&quot;:[]},&quot;bg_text_top&quot;:{&quot;unit&quot;:&quot;%&quot;,&quot;size&quot;:-3,&quot;sizes&quot;:[]},&quot;bg_text_z_index&quot;:{&quot;size&quot;:&quot;0&quot;,&quot;unit&quot;:&quot;px&quot;},&quot;bg_text_marquee&quot;:{&quot;unit&quot;:&quot;px&quot;,&quot;size&quot;:0,&quot;sizes&quot;:[]},&quot;bg_text_marquee_hover&quot;:&quot;&quot;,&quot;bg_text_marquee_margin&quot;:{&quot;unit&quot;:&quot;px&quot;,&quot;size&quot;:50,&quot;sizes&quot;:[]},&quot;bg_text_reverse&quot;:0,&quot;bg_text_accelerate&quot;:0,&quot;bg_text_delimiter_icon&quot;:&quot;&quot;,&quot;bg_text_delimiter_image&quot;:&quot;&quot;,&quot;bg_text_delimiter_svg&quot;:&quot;&quot;,&quot;bg_text_delimiter_rotation&quot;:0}\" data-id=\"1984c71\" data-element_type=\"container\">\n\t\t\t\t\t<div class=\"e-con-inner\">\n\t\t\t\t<div class=\"elementor-element elementor-element-2266481 sc_fly_static elementor-widget elementor-widget-heading\" data-id=\"2266481\" data-element_type=\"widget\" data-widget_type=\"heading.default\">\n\t\t\t\t<div class=\"elementor-widget-container\">\n\t\t\t\t\t<h3 class=\"elementor-heading-title elementor-size-default\">Kenk\u0117j\u0173 keliami i\u0161\u0161\u016bkiai<\/h3>\t\t\t\t<\/div>\n\t\t\t\t<\/div>\n\t\t\t\t<div class=\"elementor-element elementor-element-fd54fb3 sc_fly_static elementor-widget elementor-widget-text-editor\" data-id=\"fd54fb3\" data-element_type=\"widget\" data-widget_type=\"text-editor.default\">\n\t\t\t\t<div class=\"elementor-widget-container\">\n\t\t\t\t\t\t\t\t\t<p class=\"translation-block\"><b>Vynuogi\u0173 Lap\u0173 Susisukimo Liga (GLD)<\/b> virusin\u0117 infekcija, kuri\u0105 sukelia su vynuogi\u0173 lap\u0173 susisukimu susij\u0119s virusas (GLRaV) ir kur\u012f daugiausia platina miltuotieji skydamariai. GLD simptomai skiriasi priklausomai nuo GLRaV r\u016b\u0161ies, o GLRaV-1 ir GLRaV-3 yra sunkiausi, tod\u0117l labiausiai susitelkta jiems aptikti. Pasirei\u0161kia lap\u0173 spalvos pakitimu, d\u0117l kurio fotosintez\u0117 ir derlius suma\u017e\u0117ja 15\u201330 %, o sunkiais atvejais \u2013 iki 60 %. U\u017esikr\u0117t\u0119 vynmed\u017eiai b\u016bna ma\u017eiau gyvybingi ir sunkiai atsigauna po \u017eiemos traum\u0173, nes i\u0161eikvoja angliavandeni\u0173 atsargas. Derliaus kokyb\u0117 pablog\u0117ja: v\u0117lai ir netolygiai prinoksta, suma\u017e\u0117ja cukraus kiekis, padid\u0117ja r\u016bg\u0161tingumas ir suma\u017e\u0117ja polifenoli\u0173 kiekis. GLD kelia dideli\u0173 ekonomini\u0173 sunkum\u0173 visame pasaulyje. Da\u017enai d\u0117l suma\u017e\u0117jusio pelningumo vynuogynai i\u0161raunami anks\u010diau laiko. Be to, u\u017eter\u0161ti medelyn\u0173 sklypai trukdo auginti augalus. Nustatyti GLD yra sud\u0117tinga d\u0117l simptom\u0173 kintamumo tarp vynmed\u017ei\u0173 veisli\u0173 ir aplinkos veiksni\u0173.<\/p><p class=\"translation-block\"><b>Juodalksnio geltonoji d\u0117m\u0117tlig\u0117 (Bois Noir - BN)<\/b> yra vynuogi\u0173 liga, sukeliama Candidatus Phytoplasma solani \u2013 RNQP bakterijos, kuri\u0105 Pranc\u016bzijoje da\u017eniausiai perne\u0161a \u0161aknimis mintantys Fulgores, pavyzd\u017eiui, Hyalesthes obsoletus. BN sukelia simptomini\u0173 \u0161ak\u0173 nevaisingum\u0105, kuriam b\u016bdinga lap\u0173 spalvos pakitimai ir lignifikacijos tr\u016bkumas. Tai tiesiogiai lemia derliaus nuostolius ir ekonomin\u0119 na\u0161t\u0105 vynuogynams. Kiekybiniai modeliai rodo, kad BN gali 4\u20138 % suma\u017einti vyno ir valgom\u0173j\u0173 vynuogi\u0173 gamyb\u0105 Europos S\u0105jungoje. Be to, BN apsunkina lig\u0173 valdym\u0105, nes u\u017emaskuoja kit\u0173 gelton\u0173j\u0173 lig\u0173, pavyzd\u017eiui, Flavescence Dor\u00e9e, aptikim\u0105, didina tyrim\u0173 i\u0161laidas ir reikalauja dideli\u0173 pastang\u0173, siekiant tiksliai \u012fvertinti lig\u0105. D\u0117l klaidingos diagnoz\u0117s, susijusios su BN buvimu, gali b\u016bti taikomos neveiksmingos kontrol\u0117s priemon\u0117s, o tai prailgina jo poveik\u012f vynuogyn\u0173 sveikatai ir produktyvumui. Kai kurie Pranc\u016bzijos regionai kovai su BY kasmet skiria daug l\u0117\u0161\u0173, vir\u0161ijan\u010di\u0173 600 000 eur\u0173, tod\u0117l b\u016btina skubiai tobulinti aptikimo strategijas ir imtis veiksming\u0173 kontrol\u0117s priemoni\u0173.<\/p>\t\t\t\t\t\t\t\t<\/div>\n\t\t\t\t<\/div>\n\t\t\t\t\t<\/div>\n\t\t\t\t<\/div>\n\t\t<div class=\"elementor-element elementor-element-576445e e-flex e-con-boxed sc_layouts_column_icons_position_left e-con e-child\" data-id=\"576445e\" data-element_type=\"container\">\n\t\t\t\t\t<div class=\"e-con-inner\">\n\t\t\t\t<div class=\"elementor-element elementor-element-4995bb7 sc_fly_static elementor-widget elementor-widget-heading\" data-id=\"4995bb7\" data-element_type=\"widget\" data-widget_type=\"heading.default\">\n\t\t\t\t<div class=\"elementor-widget-container\">\n\t\t\t\t\t<h3 class=\"elementor-heading-title elementor-size-default\">Regiono i\u0161\u0161\u016bkiai<\/h3>\t\t\t\t<\/div>\n\t\t\t\t<\/div>\n\t\t\t\t<div class=\"elementor-element elementor-element-fc05638 sc_fly_static elementor-widget elementor-widget-text-editor\" data-id=\"fc05638\" data-element_type=\"widget\" data-widget_type=\"text-editor.default\">\n\t\t\t\t<div class=\"elementor-widget-container\">\n\t\t\t\t\t\t\t\t\t<p>Vynuogynas yra Elzaso regione, u\u017eima 15 000 ha plot\u0105, o jo produkcija siekia 1 mln. hektolitr\u0173 per metus. Daugiausia kokybi\u0161ko baltojo ir putojan\u010dio vyno gaminama pagal saugomos kilm\u0117s vietos nuorodos (SKVN) specifikacijas Elzaso regione.<\/p>\n<p>Elzaso vynuogynuose vynuogi\u0173 lap\u0173 susisukimo ligos (GLD) ir juodalksnio geltonosios d\u0117m\u0117tlig\u0117s (B\u039d) kontrol\u0117 yra labai svarbi siekiant i\u0161laikyti vynuogi\u0173 sveikat\u0105, produktyvum\u0105 ir vyno pramon\u0117s gyvybingum\u0105. Susir\u016bpinus d\u0117l GLD, reikia kontroliuoti GLRaV-1 ir -3 motininiuose vynmed\u017eiuose, kurie kelia gr\u0117sm\u0119 Elzaso vynuogyn\u0173 atnaujinimo sodinamosios med\u017eiagos pasi\u016blai.<\/p>\t\t\t\t\t\t\t\t<\/div>\n\t\t\t\t<\/div>\n\t\t\t\t\t<\/div>\n\t\t\t\t<\/div>\n\t\t<div class=\"elementor-element elementor-element-9d081f9 e-flex e-con-boxed sc_layouts_column_icons_position_left e-con e-child\" data-id=\"9d081f9\" data-element_type=\"container\" data-settings=\"{&quot;motion_fx_motion_fx_scrolling&quot;:&quot;yes&quot;,&quot;motion_fx_scale_effect&quot;:&quot;yes&quot;,&quot;motion_fx_scale_range&quot;:{&quot;unit&quot;:&quot;%&quot;,&quot;size&quot;:&quot;&quot;,&quot;sizes&quot;:{&quot;start&quot;:31,&quot;end&quot;:75}},&quot;motion_fx_devices&quot;:[&quot;desktop&quot;,&quot;tablet&quot;],&quot;motion_fx_scale_direction&quot;:&quot;out-in&quot;,&quot;motion_fx_scale_speed&quot;:{&quot;unit&quot;:&quot;px&quot;,&quot;size&quot;:4,&quot;sizes&quot;:[]}}\">\n\t\t\t\t\t<div class=\"e-con-inner\">\n\t\t\t\t<div class=\"elementor-element elementor-element-0a0b798 sc_fly_static elementor-widget elementor-widget-heading\" data-id=\"0a0b798\" data-element_type=\"widget\" data-widget_type=\"heading.default\">\n\t\t\t\t<div class=\"elementor-widget-container\">\n\t\t\t\t\t<h3 class=\"elementor-heading-title elementor-size-default\">Tiriamo atvejo planas<\/h3>\t\t\t\t<\/div>\n\t\t\t\t<\/div>\n\t\t\t\t<div class=\"elementor-element elementor-element-699fb60 sc_fly_static elementor-widget elementor-widget-text-editor\" data-id=\"699fb60\" data-element_type=\"widget\" data-widget_type=\"text-editor.default\">\n\t\t\t\t<div class=\"elementor-widget-container\">\n\t\t\t\t\t\t\t\t\t<p><strong>Pranc\u016bzijos tiriamuoju atveju Elzaso regione (vynuogynuose) bus atrinkti ma\u017eiausiai trys skirtingi \u016bkiai \u012fvairiose zonose, siekiant i\u0161tirti galim\u0105 kenk\u0117jo paplitim\u0105 ir protr\u016bkio lyg\u012f.<\/strong><\/p>\t\t\t\t\t\t\t\t<\/div>\n\t\t\t\t<\/div>\n\t\t\t\t\t<\/div>\n\t\t\t\t<\/div>\n\t\t\t\t<\/div>\n\t\t\t\t\t<\/div>\n\t\t\t\t<\/div>\n\t\t\t\t<\/div>","protected":false},"excerpt":{"rendered":"<p>UCP 1 &#8211; Vineyard | FRANCE Grapevine Leafroll Disease (GLRaV-1 &amp; GLRaV-3 &#8211; Virus) &amp;&hellip;<\/p>","protected":false},"author":1,"featured_media":37506,"parent":38487,"menu_order":1,"comment_status":"closed","ping_status":"closed","template":"","meta":{"iawp_total_views":99,"footnotes":""},"class_list":["post-38569","page","type-page","status-publish","has-post-thumbnail","hentry"],"_links":{"self":[{"href":"https:\/\/stella-pss.eu\/lt\/wp-json\/wp\/v2\/pages\/38569","targetHints":{"allow":["GET"]}}],"collection":[{"href":"https:\/\/stella-pss.eu\/lt\/wp-json\/wp\/v2\/pages"}],"about":[{"href":"https:\/\/stella-pss.eu\/lt\/wp-json\/wp\/v2\/types\/page"}],"author":[{"embeddable":true,"href":"https:\/\/stella-pss.eu\/lt\/wp-json\/wp\/v2\/users\/1"}],"replies":[{"embeddable":true,"href":"https:\/\/stella-pss.eu\/lt\/wp-json\/wp\/v2\/comments?post=38569"}],"version-history":[{"count":0,"href":"https:\/\/stella-pss.eu\/lt\/wp-json\/wp\/v2\/pages\/38569\/revisions"}],"up":[{"embeddable":true,"href":"https:\/\/stella-pss.eu\/lt\/wp-json\/wp\/v2\/pages\/38487"}],"wp:featuredmedia":[{"embeddable":true,"href":"https:\/\/stella-pss.eu\/lt\/wp-json\/wp\/v2\/media\/37506"}],"wp:attachment":[{"href":"https:\/\/stella-pss.eu\/lt\/wp-json\/wp\/v2\/media?parent=38569"}],"curies":[{"name":"wp","href":"https:\/\/api.w.org\/{rel}","templated":true}]}}