{"id":38660,"date":"2024-04-05T08:25:05","date_gmt":"2024-04-05T08:25:05","guid":{"rendered":"https:\/\/stella-pss.eu\/?page_id=38660"},"modified":"2026-02-20T09:10:24","modified_gmt":"2026-02-20T09:10:24","slug":"uau","status":"publish","type":"page","link":"https:\/\/stella-pss.eu\/lt\/partners\/uau\/","title":{"rendered":"Ateinoje \u017eem\u0117s \u016bkio universitetas"},"content":{"rendered":"<div data-elementor-type=\"wp-page\" data-elementor-id=\"38660\" class=\"elementor elementor-38660\" data-elementor-post-type=\"page\">\n\t\t\t\t<div class=\"elementor-element elementor-element-c2f56cf e-flex e-con-boxed sc_layouts_column_icons_position_left e-con e-parent\" data-id=\"c2f56cf\" data-element_type=\"container\">\n\t\t\t\t\t<div class=\"e-con-inner\">\n\t\t\t\t<div class=\"elementor-element elementor-element-c34ab3d sc_fly_static elementor-widget elementor-widget-trx_sc_promo\" data-id=\"c34ab3d\" data-element_type=\"widget\" data-widget_type=\"trx_sc_promo.default\">\n\t\t\t\t<div class=\"elementor-widget-container\">\n\t\t\t\t\t<div  \n\tclass=\"sc_promo sc_promo_default sc_promo_size_small sc_promo_image_position_left\" ><div class=\"sc_promo_image\" style=\"background-image:url(\/\/stella-pss.eu\/wp-content\/uploads\/2024\/01\/1.AUA_.jpg);width:50%;left: 0;\" ><\/div><div class=\"sc_promo_text\" style=\"width: 50%;float: right;\" >\n\t\t\t<div class=\"sc_promo_text_inner\"><span class=\"sc_item_subtitle sc_promo_subtitle sc_align_left sc_item_subtitle_above sc_item_title_style_shadow\">UAU<\/span><h3 class=\"sc_item_title sc_promo_title sc_align_left sc_item_title_style_shadow trx_addons_inline_1979258762\"\n\t\t\t><span class=\"sc_item_title_text\">Ateinoje \u017eem\u0117s \u016bkio universitetas<\/span><\/h3><\/div>\n\t\t<\/div><\/div>\t\t\t\t<\/div>\n\t\t\t\t<\/div>\n\t\t\t\t\t<\/div>\n\t\t\t\t<\/div>\n\t\t<div class=\"elementor-element elementor-element-5d528bc e-flex e-con-boxed sc_layouts_column_icons_position_left e-con e-parent\" data-id=\"5d528bc\" data-element_type=\"container\">\n\t\t\t\t\t<div class=\"e-con-inner\">\n\t\t\t\t<div class=\"elementor-element elementor-element-b373842 sc_fly_static elementor-widget elementor-widget-spacer\" data-id=\"b373842\" data-element_type=\"widget\" data-widget_type=\"spacer.default\">\n\t\t\t\t<div class=\"elementor-widget-container\">\n\t\t\t\t\t\t\t<div class=\"elementor-spacer\">\n\t\t\t<div class=\"elementor-spacer-inner\"><\/div>\n\t\t<\/div>\n\t\t\t\t\t\t<\/div>\n\t\t\t\t<\/div>\n\t\t\t\t<div class=\"elementor-element elementor-element-5fcfa1a sc_fly_static elementor-widget elementor-widget-heading\" data-id=\"5fcfa1a\" data-element_type=\"widget\" data-widget_type=\"heading.default\">\n\t\t\t\t<div class=\"elementor-widget-container\">\n\t\t\t\t\t<h4 class=\"elementor-heading-title elementor-size-default translation-block\">Apie Geoponikos universitet\u0105 At\u0117nuose<\/h4>\t\t\t\t<\/div>\n\t\t\t\t<\/div>\n\t\t\t\t<div class=\"elementor-element elementor-element-aa5f5e8 sc_fly_static elementor-widget elementor-widget-text-editor\" data-id=\"aa5f5e8\" data-element_type=\"widget\" data-widget_type=\"text-editor.default\">\n\t\t\t\t<div class=\"elementor-widget-container translation-block\"><strong>At\u0117n\u0173 \u017eem\u0117s \u016bkio universitetas (AUA)<\/strong> \u012fkurtas 1920 m. \u2013 tre\u010dias seniausias Graikijos universitetas. AUA siekia tobul\u0117ti \u017eem\u0117s \u016bkio moksl\u0173 \u0161vietimo ir mokslini\u0173 tyrim\u0173 srityse, o jo misija dera su besikei\u010dian\u010dia \u0161iuolaikinio \u0161vietimo ir mokslo situacija bei yra giliai \u012fsi\u0161aknijusi Graikijos ekonomikos ir visuomen\u0117s poreiki\u0173 tenkinime. \u012evairiuose departamentuose, apiman\u010diuose augal\u0173 mokslus, gyv\u016bn\u0173 biologij\u0105, aplinkos ir \u017eem\u0117s \u016bkio in\u017einerij\u0105, maisto ir mitybos mokslus, taikom\u0105j\u0105 biologij\u0105 ir biotechnologij\u0105, taikom\u0105j\u0105 ekonomik\u0105 ir socialinius mokslus, taikomas daugiadisciplininis po\u017ei\u016bris \u012f \u017eem\u0117s \u016bkio ir mitybos i\u0161\u0161\u016bkius. AUA \u0161vietimo programose integruotos teorija ir praktika, skatinant tvari\u0105 pl\u0117tr\u0105 ir inovacijas Graikijos \u017eem\u0117s \u016bkyje tiek bakalauro, tiek magistrant\u016bros lygmenimis. Be to, AUA yra \u017eem\u0117s \u016bkio mokslini\u0173 tyrim\u0173 centras, skatinantis pa\u017eang\u0105, kuri prisideda prie tvaraus Graikijos \u017eem\u0117s \u016bkio vystymosi ir inovacij\u0173.<\/div>\n\t\t\t\t<\/div>\n\t\t\t\t\t<\/div>\n\t\t\t\t<\/div>\n\t\t<div class=\"elementor-element elementor-element-ed530dc e-flex e-con-boxed sc_layouts_column_icons_position_left e-con e-parent\" data-id=\"ed530dc\" data-element_type=\"container\">\n\t\t\t\t\t<div class=\"e-con-inner\">\n\t\t\t\t<div class=\"elementor-element elementor-element-ed5dede sc_fly_static elementor-widget elementor-widget-spacer\" data-id=\"ed5dede\" data-element_type=\"widget\" data-widget_type=\"spacer.default\">\n\t\t\t\t<div class=\"elementor-widget-container\">\n\t\t\t\t\t\t\t<div class=\"elementor-spacer\">\n\t\t\t<div class=\"elementor-spacer-inner\"><\/div>\n\t\t<\/div>\n\t\t\t\t\t\t<\/div>\n\t\t\t\t<\/div>\n\t\t\t\t<div class=\"elementor-element elementor-element-e65e3ed sc_fly_static elementor-widget elementor-widget-heading\" data-id=\"e65e3ed\" data-element_type=\"widget\" data-widget_type=\"heading.default\">\n\t\t\t\t<div class=\"elementor-widget-container\">\n\t\t\t\t\t<h4 class=\"elementor-heading-title elementor-size-default\">GEOPONIKO PANEPISTIMION ATHINON'S ROLE AT STELLA<\/h4>\t\t\t\t<\/div>\n\t\t\t\t<\/div>\n\t\t\t\t<div class=\"elementor-element elementor-element-ffcc32d sc_fly_static elementor-widget elementor-widget-text-editor\" data-id=\"ffcc32d\" data-element_type=\"widget\" data-widget_type=\"text-editor.default\">\n\t\t\t\t<div class=\"elementor-widget-container\">\n\t\t\t\t\t\t\t\t\tAUA vaidmuo projekte \u012fvairiapusis, pagrindin\u012f d\u0117mes\u012f skiriant vadovavimui dviem svarbiems darbo paketams (WP): WP1 \u2013 projekto valdymas ir WP3 \u2013 STELLA platforma. Pirmame darbo pakete AUA per\u017ei\u016bri projekto veiklos koordinavim\u0105, u\u017etikrindami veiksming\u0105 finans\u0173 ir administracin\u012f valdym\u0105, taip pat palaikydami auk\u0161t\u0105 rezultat\u0173 kokyb\u0117s standart\u0105, reguliariai steb\u0117dami ir optimizuodami partneri\u0173 bendradarbiavim\u0105. Tuo pa\u010diu pagal tre\u010di\u0105j\u012f darbo paket\u0105 AUA vadovauja STELLA platformos k\u016brimui, vykdydami tokias u\u017eduotis kaip DI modeli\u0173 ir analitini\u0173 priemoni\u0173 prieglobos aplinkos k\u016brim\u0105 ir \u012fgyvendinim\u0105, duomen\u0173 s\u0105veikumo u\u017etikrinim\u0105, patogios grafin\u0117s vartotojo s\u0105sajos (GUI) k\u016brim\u0105, duomen\u0173 nuosavyb\u0117s teis\u0117s akt\u0173 laikymosi u\u017etikrinim\u0105 ir platformos vertinim\u0105 pagal \u012fvairius kriterijus, siekiant skatinti s\u0117kming\u0105 jos sklaid\u0105. Be to, AUA dalyvauja ir kituose darbo paketuose, \u012fskaitant WP2 darbo paket\u0105 (T2.1, T2.2 u\u017eduotys), kuriame prisideda prie veiksmingo duomen\u0173 rinkimo protokol\u0173 k\u016brimo ir vis\u0173 artimo steb\u0117jimo, daikt\u0173 interneto, gaudykli\u0173 (vabzd\u017ei\u0173 ir spor\u0173) ir nuotolinio steb\u0117jimo duomen\u0173 i\u0161skyrimo ir pirminio apdorojimo. WP4 darbo pakete AUA 3 metus pri\u017ei\u016br\u0117s 2 tiriamus atvejus Graikijoje, apiman\u010dius \u012fvairios paskirties \u017eem\u0119 (alyvmed\u017ei\u0173 sodus, platan\u0173 mi\u0161k\u0173 med\u017eius) ir skirtus 3 skirtingiems karantininiams bei nekarantininiams reguliuojamiems kenk\u0117jams (Verticillium dahliae, Pseudomonas savastanoi pv. savastanoi, Ceratocystis platani). Be to, AUA prisideda prie WP5 darbo paketo (T5.2) ties politini\u0173 rekomendacij\u0173 rengimu bei vadovauja s\u0105naud\u0173 ir naudos analizei (T5.3), kuria siekiama \u012fvertinti si\u016blom\u0173 technologij\u0173 ir STELLA PSS platformos \u012fgyvendinamum\u0105 bei tvarum\u0105 visuose projekto tiriamuosiuose atvejuose. Galiausiai AUA prisid\u0117s prie bendro WP6 darbo paketo sklaidos, komunikacijos ir naudojimo plan\u0173 vykdymo bei vadovaus T6.3 u\u017eduo\u010diai \u2013 projekto geb\u0117jim\u0173 stiprinimui kuriant e. mokymosi platform\u0105, kuri pad\u0117t\u0173 suinteresuotosioms \u0161alims \u012fgyti esmini\u0173 \u017eini\u0173, reikaling\u0173 naudoti STELLA PSS platform\u0105. \u0160iomis pastangomis AUA atlieka pagrindin\u012f vaidmen\u012f u\u017etikrinant projekto s\u0117km\u0119, nes veiksmingai valdo i\u0161teklius ir tobulina technologinius sprendimus.\t\t\t\t\t\t\t\t<\/div>\n\t\t\t\t<\/div>\n\t\t\t\t\t<\/div>\n\t\t\t\t<\/div>\n\t\t<div class=\"trx_addons_has_bg_text elementor-element elementor-element-30c618f e-flex e-con-boxed sc_layouts_column_icons_position_left e-con e-parent\" data-bg-text=\"{&quot;bg_text&quot;:&quot;MORE INFO&quot;,&quot;bg_text_effect&quot;:&quot;slide&quot;,&quot;bg_text_overlay&quot;:{&quot;url&quot;:&quot;&quot;},&quot;bg_text_left&quot;:{&quot;size&quot;:&quot;&quot;,&quot;unit&quot;:&quot;%&quot;},&quot;bg_text_top&quot;:{&quot;size&quot;:&quot;&quot;,&quot;unit&quot;:&quot;%&quot;},&quot;bg_text_z_index&quot;:{&quot;size&quot;:&quot;0&quot;,&quot;unit&quot;:&quot;px&quot;},&quot;bg_text_marquee&quot;:{&quot;unit&quot;:&quot;px&quot;,&quot;size&quot;:&quot;&quot;,&quot;sizes&quot;:[]},&quot;bg_text_marquee_hover&quot;:&quot;&quot;,&quot;bg_text_marquee_margin&quot;:{&quot;size&quot;:&quot;50&quot;,&quot;unit&quot;:&quot;px&quot;},&quot;bg_text_reverse&quot;:0,&quot;bg_text_accelerate&quot;:0,&quot;bg_text_delimiter_icon&quot;:&quot;&quot;,&quot;bg_text_delimiter_image&quot;:&quot;&quot;,&quot;bg_text_delimiter_svg&quot;:&quot;&quot;,&quot;bg_text_delimiter_rotation&quot;:0}\" data-id=\"30c618f\" data-element_type=\"container\">\n\t\t\t\t\t<div class=\"e-con-inner\">\n\t\t<div class=\"trx_addons_has_bg_text elementor-element elementor-element-7eabae8 e-con-full e-flex sc_layouts_column_icons_position_left e-con e-child\" data-bg-text=\"{&quot;bg_text&quot;:&quot;MORE INFO&quot;,&quot;bg_text_effect&quot;:&quot;slide&quot;,&quot;bg_text_overlay&quot;:{&quot;url&quot;:&quot;&quot;},&quot;bg_text_left&quot;:{&quot;size&quot;:&quot;&quot;,&quot;unit&quot;:&quot;%&quot;},&quot;bg_text_top&quot;:{&quot;unit&quot;:&quot;%&quot;,&quot;size&quot;:-3,&quot;sizes&quot;:[]},&quot;bg_text_z_index&quot;:{&quot;unit&quot;:&quot;px&quot;,&quot;size&quot;:&quot;&quot;,&quot;sizes&quot;:[]},&quot;bg_text_marquee&quot;:{&quot;unit&quot;:&quot;px&quot;,&quot;size&quot;:&quot;&quot;,&quot;sizes&quot;:[]},&quot;bg_text_marquee_hover&quot;:&quot;&quot;,&quot;bg_text_marquee_margin&quot;:{&quot;size&quot;:&quot;50&quot;,&quot;unit&quot;:&quot;px&quot;},&quot;bg_text_reverse&quot;:0,&quot;bg_text_accelerate&quot;:0,&quot;bg_text_delimiter_icon&quot;:&quot;&quot;,&quot;bg_text_delimiter_image&quot;:&quot;&quot;,&quot;bg_text_delimiter_svg&quot;:&quot;&quot;,&quot;bg_text_delimiter_rotation&quot;:0}\" data-id=\"7eabae8\" data-element_type=\"container\">\n\t\t\t\t<div class=\"elementor-element elementor-element-3d0903c sc_fly_static elementor-widget elementor-widget-heading\" data-id=\"3d0903c\" data-element_type=\"widget\" data-widget_type=\"heading.default\">\n\t\t\t\t<div class=\"elementor-widget-container\">\n\t\t\t\t\t<h6 class=\"elementor-heading-title elementor-size-default\">Daugiau informacijos<\/h6>\t\t\t\t<\/div>\n\t\t\t\t<\/div>\n\t\t\t\t<div class=\"elementor-element elementor-element-d793a25 sc_fly_static elementor-widget elementor-widget-trx_sc_layouts_iconed_text\" data-id=\"d793a25\" data-element_type=\"widget\" data-widget_type=\"trx_sc_layouts_iconed_text.default\">\n\t\t\t\t<div class=\"elementor-widget-container\">\n\t\t\t\t\t<div class=\"sc_layouts_iconed_text\" ><span class=\"sc_layouts_item_icon sc_layouts_iconed_text_icon icon-locator sc_icon_type_icons\"><\/span><span class=\"sc_layouts_item_details sc_layouts_iconed_text_details\"><span class=\"sc_layouts_item_details_line1 sc_layouts_iconed_text_line1\">Graikija<\/span><\/span><\/div>\t\t\t\t<\/div>\n\t\t\t\t<\/div>\n\t\t\t\t<div class=\"elementor-element elementor-element-a27e7ba sc_fly_static elementor-widget elementor-widget-trx_sc_layouts_iconed_text\" data-id=\"a27e7ba\" data-element_type=\"widget\" data-widget_type=\"trx_sc_layouts_iconed_text.default\">\n\t\t\t\t<div class=\"elementor-widget-container\">\n\t\t\t\t\t<div class=\"sc_layouts_iconed_text\" ><a href=\"https:\/\/www2.aua.gr\/el\" class=\"sc_layouts_item_link sc_layouts_iconed_text_link\" target=\"_blank\" rel=\"noopener noreferrer nofollow\"><span class=\"sc_layouts_item_icon sc_layouts_iconed_text_icon icon-sphere sc_icon_type_icons\"><\/span><span class=\"sc_layouts_item_details sc_layouts_iconed_text_details\"><span class=\"sc_layouts_item_details_line1 sc_layouts_iconed_text_line1\">aua.gr<\/span><\/span><\/a><\/div>\t\t\t\t<\/div>\n\t\t\t\t<\/div>\n\t\t\t\t<div class=\"elementor-element elementor-element-e9852ed sc_fly_static elementor-widget elementor-widget-trx_sc_socials\" data-id=\"e9852ed\" data-element_type=\"widget\" data-widget_type=\"trx_sc_socials.default\">\n\t\t\t\t<div class=\"elementor-widget-container\">\n\t\t\t\t\t<div  \n\t\tclass=\"sc_socials sc_socials_default sc_align_none\" ><div class=\"socials_wrap sc_item_content\"><a target=\"_blank\" rel=\"nofollow\" href=\"https:\/\/www.linkedin.com\/in\/agricultural-university-of-athens-aua-ofc-3814321aa\/\" class=\"social_item social_item_style_icons sc_icon_type_icons social_item_type_icons\"><span class=\"social_icon social_icon_linkedin\" style=\"\"><span class=\"screen-reader-text\">linkedin<\/span><span class=\"icon-linkedin\"><\/span><\/span><\/a><a target=\"_blank\" rel=\"nofollow\" href=\"https:\/\/www.facebook.com\/AgriculturalUniversityofAthens\/\" class=\"social_item social_item_style_icons sc_icon_type_icons social_item_type_icons\"><span class=\"social_icon social_icon_facebook\" style=\"\"><span class=\"screen-reader-text\">facebook<\/span><span class=\"icon-facebook\"><\/span><\/span><\/a><a target=\"_blank\" rel=\"nofollow\" href=\"https:\/\/www.instagram.com\/agricultural_university_athens\/\" class=\"social_item social_item_style_icons sc_icon_type_icons social_item_type_icons\"><span class=\"social_icon social_icon_instagram\" style=\"\"><span class=\"screen-reader-text\">instagram<\/span><span class=\"icon-instagram\"><\/span><\/span><\/a><a target=\"_blank\" rel=\"nofollow\" href=\"https:\/\/www.youtube.com\/channel\/UCilRPTax6lrU8I5xY3Fie3g\" class=\"social_item social_item_style_icons sc_icon_type_icons social_item_type_icons\"><span class=\"social_icon social_icon_youtube2\" style=\"\"><span class=\"screen-reader-text\">youtube2<\/span><span class=\"trx_addons_icon-youtube2\"><\/span><\/span><\/a><\/div><\/div>\t\t\t\t<\/div>\n\t\t\t\t<\/div>\n\t\t\t\t<\/div>\n\t\t<div class=\"elementor-element elementor-element-e49ca50 e-con-full e-flex sc_layouts_column_icons_position_left e-con e-child\" data-id=\"e49ca50\" data-element_type=\"container\">\n\t\t\t\t<div class=\"elementor-element elementor-element-e73c340 sc_fly_static elementor-widget elementor-widget-heading\" data-id=\"e73c340\" data-element_type=\"widget\" data-widget_type=\"heading.default\">\n\t\t\t\t<div class=\"elementor-widget-container\">\n\t\t\t\t\t<h6 class=\"elementor-heading-title elementor-size-default\">KONTAKTINIAI ASMENYS<\/h6>\t\t\t\t<\/div>\n\t\t\t\t<\/div>\n\t\t\t\t<div class=\"elementor-element elementor-element-4378ec5 elementor-author-box--align-left sc_fly_static elementor-widget elementor-widget-author-box\" data-id=\"4378ec5\" data-element_type=\"widget\" data-widget_type=\"author-box.default\">\n\t\t\t\t<div class=\"elementor-widget-container\">\n\t\t\t\t\t\t\t<div class=\"elementor-author-box\">\n\t\t\t\n\t\t\t<div class=\"elementor-author-box__text\">\n\t\t\t\t\t\t\t\t\t<div >\n\t\t\t\t\t\t<h4 class=\"elementor-author-box__name\">\n\t\t\t\t\t\t\tProf. Dimitris Tsitsigiannis\t\t\t\t\t\t<\/h4>\n\t\t\t\t\t<\/div>\n\t\t\t\t\n\t\t\t\t\t\t\t\t\t<div class=\"elementor-author-box__bio\">\n\t\t\t\t\t\t<p>Projekto koordinatorius<\/p>\n\t\t\t\t\t<\/div>\n\t\t\t\t\n\t\t\t\t\t\t\t\t\t<a class=\"elementor-author-box__button elementor-button elementor-size-xs\" href=\"mailto:dimtsi@aua.gr\">\n\t\t\t\t\t\tKontaktas\t\t\t\t\t<\/a>\n\t\t\t\t\t\t\t<\/div>\n\t\t<\/div>\n\t\t\t\t\t\t<\/div>\n\t\t\t\t<\/div>\n\t\t\t\t<div class=\"elementor-element elementor-element-c875ff3 elementor-author-box--align-left sc_fly_static elementor-widget elementor-widget-author-box\" data-id=\"c875ff3\" data-element_type=\"widget\" data-widget_type=\"author-box.default\">\n\t\t\t\t<div class=\"elementor-widget-container\">\n\t\t\t\t\t\t\t<div class=\"elementor-author-box\">\n\t\t\t\n\t\t\t<div class=\"elementor-author-box__text\">\n\t\t\t\t\t\t\t\t\t<div >\n\t\t\t\t\t\t<h4 class=\"elementor-author-box__name\">\n\t\t\t\t\t\t\tIoannis Zafeiriou\t\t\t\t\t\t<\/h4>\n\t\t\t\t\t<\/div>\n\t\t\t\t\n\t\t\t\t\t\t\t\t\t<div class=\"elementor-author-box__bio\">\n\t\t\t\t\t\t<p>Projekto vadovas<\/p>\n\t\t\t\t\t<\/div>\n\t\t\t\t\n\t\t\t\t\t\t\t\t\t<a class=\"elementor-author-box__button elementor-button elementor-size-xs\" href=\"mailto:ioannis.zafeiriou@aua.gr\">\n\t\t\t\t\t\tKontaktas\t\t\t\t\t<\/a>\n\t\t\t\t\t\t\t<\/div>\n\t\t<\/div>\n\t\t\t\t\t\t<\/div>\n\t\t\t\t<\/div>\n\t\t\t\t<\/div>\n\t\t\t\t\t<\/div>\n\t\t\t\t<\/div>\n\t\t\t\t<\/div>","protected":false},"excerpt":{"rendered":"<p>UAU GEOPONIKO PANEPISTIMION ATHINON The Agricultural University of Athens (AUA), established in 1920, stands as&hellip;<\/p>","protected":false},"author":1,"featured_media":37306,"parent":4047,"menu_order":1,"comment_status":"closed","ping_status":"closed","template":"","meta":{"iawp_total_views":62,"footnotes":""},"class_list":["post-38660","page","type-page","status-publish","has-post-thumbnail","hentry"],"_links":{"self":[{"href":"https:\/\/stella-pss.eu\/lt\/wp-json\/wp\/v2\/pages\/38660","targetHints":{"allow":["GET"]}}],"collection":[{"href":"https:\/\/stella-pss.eu\/lt\/wp-json\/wp\/v2\/pages"}],"about":[{"href":"https:\/\/stella-pss.eu\/lt\/wp-json\/wp\/v2\/types\/page"}],"author":[{"embeddable":true,"href":"https:\/\/stella-pss.eu\/lt\/wp-json\/wp\/v2\/users\/1"}],"replies":[{"embeddable":true,"href":"https:\/\/stella-pss.eu\/lt\/wp-json\/wp\/v2\/comments?post=38660"}],"version-history":[{"count":0,"href":"https:\/\/stella-pss.eu\/lt\/wp-json\/wp\/v2\/pages\/38660\/revisions"}],"up":[{"embeddable":true,"href":"https:\/\/stella-pss.eu\/lt\/wp-json\/wp\/v2\/pages\/4047"}],"wp:featuredmedia":[{"embeddable":true,"href":"https:\/\/stella-pss.eu\/lt\/wp-json\/wp\/v2\/media\/37306"}],"wp:attachment":[{"href":"https:\/\/stella-pss.eu\/lt\/wp-json\/wp\/v2\/media?parent=38660"}],"curies":[{"name":"wp","href":"https:\/\/api.w.org\/{rel}","templated":true}]}}