{"id":39052,"date":"2024-04-08T06:34:57","date_gmt":"2024-04-08T06:34:57","guid":{"rendered":"https:\/\/stella-pss.eu\/?page_id=39052"},"modified":"2026-02-20T09:14:27","modified_gmt":"2026-02-20T09:14:27","slug":"pessl","status":"publish","type":"page","link":"https:\/\/stella-pss.eu\/lt\/partners\/pessl\/","title":{"rendered":"PESSL"},"content":{"rendered":"<div data-elementor-type=\"wp-page\" data-elementor-id=\"39052\" class=\"elementor elementor-39052\" data-elementor-post-type=\"page\">\n\t\t\t\t<div class=\"elementor-element elementor-element-c2f56cf e-flex e-con-boxed sc_layouts_column_icons_position_left e-con e-parent\" data-id=\"c2f56cf\" data-element_type=\"container\">\n\t\t\t\t\t<div class=\"e-con-inner\">\n\t\t\t\t<div class=\"elementor-element elementor-element-c34ab3d sc_fly_static elementor-widget elementor-widget-trx_sc_promo\" data-id=\"c34ab3d\" data-element_type=\"widget\" data-widget_type=\"trx_sc_promo.default\">\n\t\t\t\t<div class=\"elementor-widget-container\">\n\t\t\t\t\t<div  \n\tclass=\"sc_promo sc_promo_default sc_promo_size_small sc_promo_image_position_left\" ><div class=\"sc_promo_image\" style=\"background-image:url(\/\/stella-pss.eu\/wp-content\/uploads\/2024\/01\/9.METOS_.jpg);width:50%;left: 0;\" ><\/div><div class=\"sc_promo_text\" style=\"width: 50%;float: right;\" >\n\t\t\t<div class=\"sc_promo_text_inner\"><span class=\"sc_item_subtitle sc_promo_subtitle sc_align_left sc_item_subtitle_above sc_item_title_style_shadow\">PESSL<\/span><h3 class=\"sc_item_title sc_promo_title sc_align_left sc_item_title_style_shadow trx_addons_inline_1520405173\"\n\t\t\t><span class=\"sc_item_title_text\">PESSL<\/span><\/h3><\/div>\n\t\t<\/div><\/div>\t\t\t\t<\/div>\n\t\t\t\t<\/div>\n\t\t\t\t\t<\/div>\n\t\t\t\t<\/div>\n\t\t<div class=\"elementor-element elementor-element-5d528bc e-flex e-con-boxed sc_layouts_column_icons_position_left e-con e-parent\" data-id=\"5d528bc\" data-element_type=\"container\">\n\t\t\t\t\t<div class=\"e-con-inner\">\n\t\t\t\t<div class=\"elementor-element elementor-element-b373842 sc_fly_static elementor-widget elementor-widget-spacer\" data-id=\"b373842\" data-element_type=\"widget\" data-widget_type=\"spacer.default\">\n\t\t\t\t<div class=\"elementor-widget-container\">\n\t\t\t\t\t\t\t<div class=\"elementor-spacer\">\n\t\t\t<div class=\"elementor-spacer-inner\"><\/div>\n\t\t<\/div>\n\t\t\t\t\t\t<\/div>\n\t\t\t\t<\/div>\n\t\t\t\t<div class=\"elementor-element elementor-element-5fcfa1a sc_fly_static elementor-widget elementor-widget-heading\" data-id=\"5fcfa1a\" data-element_type=\"widget\" data-widget_type=\"heading.default\">\n\t\t\t\t<div class=\"elementor-widget-container\">\n\t\t\t\t\t<h4 class=\"elementor-heading-title elementor-size-default translation-block\">Apie PESSL<\/h4>\t\t\t\t<\/div>\n\t\t\t\t<\/div>\n\t\t\t\t<div class=\"elementor-element elementor-element-aa5f5e8 sc_fly_static elementor-widget elementor-widget-text-editor\" data-id=\"aa5f5e8\" data-element_type=\"widget\" data-widget_type=\"text-editor.default\">\n\t\t\t\t<div class=\"elementor-widget-container\">\n\t\t\t\t\t\t\t\t\t<p class=\"translation-block\"><strong>PESSL Instruments GmbH<\/strong>, \n sik\u016brusi Veize, Austrijoje, jau 40 met\u0173 gamina patikimus matavimo prietaisus. Specializuojam\u0117s \u017eem\u0117s \u016bkio steb\u0117senos ir tiksliojo \u016bkininkavimo naujovi\u0161k\u0173 produkt\u0173 k\u016brimo srityje. PESSL yra suk\u016br\u0119 \u012fvairi\u0173 prietais\u0173, skirt\u0173 skirtingiems \u017eem\u0117s \u016bkio parametrams matuoti bei steb\u0117ti.\nDaugiau nei 150 platinimo partneri\u0173 tiekia PESSL gaminius daugiau nei 40 000 sto\u010di\u0173 86 \u0161alyse visame pasaulyje. PESSL ir jos patronuojamose \u012fmon\u0117se dirba 155 darbuotojai, kuriantys ir gaminantys auk\u0161tos kokyb\u0117s produktus, organizuojantys rinkodar\u0105 ir pardavim\u0105 visame pasaulyje.\nPESSL prietaisus galima \u012fsigyti su j\u0173 preki\u0173 \u017eenklu METOS\u00ae. \u0160ios priemon\u0117s naudojamos \u012fvairiose srityse: nuo \u017eem\u0117s \u016bkio iki logistikos, nuo mokslini\u0173 tyrim\u0173 iki dideli\u0173 kompanij\u0173. Remiantis PESSL grandin\u0117s s\u0105saja, galima prijungti \u012fvairius jutiklius. Produktai renka duomenis, pateikia juos interneto platformai ir mobiliajai program\u0117lei \u201eFieldClimate\u201c (ng.fieldclimate.com) bei leid\u017eia juos naudoti optimaliam aplinkos valdymui, \u012fskaitant pagal poreik\u012f valdom\u0105 dr\u0117kinim\u0105, augal\u0173 apsaug\u0105, pas\u0117li\u0173 ir vabzd\u017ei\u0173 steb\u0117sen\u0105.<\/p><p>Atsi\u017evelgdama \u012f didel\u0119 PESSL patirt\u012f mokslini\u0173 tyrim\u0173, technologij\u0173 k\u016brimo, prototip\u0173 gamybos ir bandym\u0173 srityse, taip pat \u012f novatori\u0161k\u0173 technologij\u0173 technin\u012f bei ekonomin\u012f vertinim\u0105, bendrov\u0117 turi reikiam\u0173 \u012fg\u016bd\u017ei\u0173, \u017eini\u0173 ir infrastrukt\u016br\u0105 STELLA projektui paremti.\nEsame vieni i\u0161 pirmaujan\u010di\u0173 daikt\u0173 interneto paslaug\u0173 teik\u0117j\u0173 \u017eem\u0117s \u016bkyje, si\u016blantys novatori\u0161kus ir ekonomi\u0161kus sprendimus, padedan\u010dius efektyviau valdyti \u016bk\u012f.<\/p><p>Dalyvaudama projekte  \u201eIPM-Popillia\u201c, PESSL turi galimyb\u0119 suteikti \u016bkininkams vis\u0105 savo patirt\u012f tvarios \u017eemdirbyst\u0117s srityje ir \u012fgyvendinti misij\u0105 \u2013 si\u016blyti auk\u0161tos prid\u0117tin\u0117s vert\u0117s ir pritaikytus ekonomi\u0161kus sprendimus bei prisid\u0117ti prie visuotin\u0117s aplinkos apsaugos.<\/p>\t\t\t\t\t\t\t\t<\/div>\n\t\t\t\t<\/div>\n\t\t\t\t\t<\/div>\n\t\t\t\t<\/div>\n\t\t<div class=\"elementor-element elementor-element-ed530dc e-flex e-con-boxed sc_layouts_column_icons_position_left e-con e-parent\" data-id=\"ed530dc\" data-element_type=\"container\">\n\t\t\t\t\t<div class=\"e-con-inner\">\n\t\t\t\t<div class=\"elementor-element elementor-element-ed5dede sc_fly_static elementor-widget elementor-widget-spacer\" data-id=\"ed5dede\" data-element_type=\"widget\" data-widget_type=\"spacer.default\">\n\t\t\t\t<div class=\"elementor-widget-container\">\n\t\t\t\t\t\t\t<div class=\"elementor-spacer\">\n\t\t\t<div class=\"elementor-spacer-inner\"><\/div>\n\t\t<\/div>\n\t\t\t\t\t\t<\/div>\n\t\t\t\t<\/div>\n\t\t\t\t<div class=\"elementor-element elementor-element-e65e3ed sc_fly_static elementor-widget elementor-widget-heading\" data-id=\"e65e3ed\" data-element_type=\"widget\" data-widget_type=\"heading.default\">\n\t\t\t\t<div class=\"elementor-widget-container\">\n\t\t\t\t\t<h4 class=\"elementor-heading-title elementor-size-default\">PESSL'S ROLE AT STELLA<\/h4>\t\t\t\t<\/div>\n\t\t\t\t<\/div>\n\t\t\t\t<div class=\"elementor-element elementor-element-ffcc32d sc_fly_static elementor-widget elementor-widget-text-editor\" data-id=\"ffcc32d\" data-element_type=\"widget\" data-widget_type=\"text-editor.default\">\n\t\t\t\t<div class=\"elementor-widget-container\">\n\t\t\t\t\t\t\t\t\t<p>Agrindin\u0117s \u201ePessl Instruments\u201c funkcijos apima:<\/p>\t\t\t\t\t\t\t\t<\/div>\n\t\t\t\t<\/div>\n\t\t\t\t<div class=\"elementor-element elementor-element-ed65c03 sc_fly_static elementor-widget elementor-widget-text-editor\" data-id=\"ed65c03\" data-element_type=\"widget\" data-widget_type=\"text-editor.default\">\n\t\t\t\t<div class=\"elementor-widget-container\">\n\t\t\t\t\t\t\t\t\t<p><strong>1. Daikt\u0173 interneto \u012frengini\u0173 naudojim\u0105 duomenims rinkti:<\/strong><\/p>\t\t\t\t\t\t\t\t<\/div>\n\t\t\t\t<\/div>\n\t\t\t\t<div class=\"elementor-element elementor-element-b91b8f4 sc_fly_static elementor-widget elementor-widget-text-editor\" data-id=\"b91b8f4\" data-element_type=\"widget\" data-widget_type=\"text-editor.default\">\n\t\t\t\t<div class=\"elementor-widget-container\">\n\t\t\t\t\t\t\t\t\t<ul><li>\u201ePessl Instruments\u201c prisideda prie T2.1 u\u017eduoties (duomen\u0173 rinkimo protokol\u0173), kartu kurdama tris daikt\u0173 interneto protokolus, skirtus lauko lygio duomen\u0173 rinkimui naudojant \u012fvairius jutiklius. \u0160ie daikt\u0173 interneto protokolai u\u017etikrina standartizuot\u0105 ir veiksming\u0105 duomen\u0173 rinkim\u0105, pritaikyt\u0105 atsi\u017evelgiant \u012f geografin\u012f kintamum\u0105 ir pas\u0117li\u0173 tip\u0105.<\/li><li>\u201ePessl Instruments\u201c sukurs ir projektui pateiks naujas i\u0161mani\u0105sias vabzd\u017ei\u0173 gaudykles, skirtas tiriam\u0173 pas\u0117li\u0173 lig\u0173 perne\u0161\u0117jams aptikti ir steb\u0117ti. \u0160ios gaudykl\u0117s, atsi\u017evelgiant \u012f skirting\u0173 vabzd\u017ei\u0173-perne\u0161\u0117j\u0173 specifik\u0105 ir siekiant u\u017etikrinti kuo veiksmingesn\u012f gaudym\u0105, naudos skirtingus viliojimo elementus (gars\u0105, spalv\u0105 arba feromon\u0105).<\/li><li>Be to, \u201ePessl Instruments\u201c pateiks spor\u0173 gaudykles, kuriomis bus galima steb\u0117ti grybeli\u0173 spor\u0173 koncentracij\u0105 ore, leid\u017eian\u010di\u0105 nustatyti grybelini\u0173 lig\u0173 prad\u017ei\u0105 ir steb\u0117ti j\u0173 progresavim\u0105. Spor\u0173 gaudykl\u0117s bus analizuojamos taikant analitinius molekulinius metodus (PGR, ELISA), siekiant nustatyti grybo tip\u0105 ir koncentracij\u0105.<\/li><li>Galiausiai \u201ePessl Instruments\u201c \u012fsipareigojim\u0173 dalis \u2013 vis\u0173 surinkt\u0173 daikt\u0173 interneto ir gaudykli\u0173 (vabzd\u017ei\u0173 ir spor\u0173) duomen\u0173 rinkimas, i\u0161skyrimas ir i\u0161ankstinis apdorojimas. Abi gaudykl\u0117s (vabzd\u017ei\u0173 ir spor\u0173) pad\u0117s sukurti tikslius pas\u0117li\u0173 kenk\u0117j\u0173 modelius pagal T2.3 u\u017eduot\u012f.<\/li><li>Surinkti duomenys patenks \u012f STELLA duomen\u0173 baz\u0119 (T2.5 u\u017eduotis ir WP3 darbo paketas), kuri toliau naudojama modeliavimui ir analizei.<\/li><\/ul>\t\t\t\t\t\t\t\t<\/div>\n\t\t\t\t<\/div>\n\t\t\t\t<div class=\"elementor-element elementor-element-1bc0c57 sc_fly_static elementor-widget elementor-widget-text-editor\" data-id=\"1bc0c57\" data-element_type=\"widget\" data-widget_type=\"text-editor.default\">\n\t\t\t\t<div class=\"elementor-widget-container\">\n\t\t\t\t\t\t\t\t\t<p><strong>2. Mobiliosios programos k\u016brimas ir teikimas:<\/strong><\/p>\t\t\t\t\t\t\t\t<\/div>\n\t\t\t\t<\/div>\n\t\t\t\t<div class=\"elementor-element elementor-element-5e01649 sc_fly_static elementor-widget elementor-widget-text-editor\" data-id=\"5e01649\" data-element_type=\"widget\" data-widget_type=\"text-editor.default\">\n\t\t\t\t<div class=\"elementor-widget-container\">\n\t\t\t\t\t\t\t\t\t<ul><li>\u201ePessl Instruments\u201c vadovauja T2.4 u\u017eduo\u010diai, kurioje daugiausia d\u0117mesio skiriama i\u0161maniojo telefono program\u0117l\u0117s, skirtos masinio dalijimosi informacijai surinkti, k\u016brimui ir modifikavimui.<\/li><li>Program\u0117l\u0117 palengvina duomen\u0173 rinkim\u0105 i\u0161 tiriam\u0173 atvej\u0173 ir pasaulini\u0173 lauk\u0173, atpa\u017e\u012fsta pasirinktus kenk\u0117jus ir naudoja GPS galimybes erdviniam pasiskirstymui suprasti.<\/li><li>Su \u201eIos\u201c ir \u201eAndroid\u201c \u012frenginiais suderinama program\u0117l\u0117 suteiks suinteresuotiems asmenims galimyb\u0119 fiksuoti ir \u012fkelti sveik\u0173 bei pa\u017eeist\u0173 augal\u0173 vaizdus \u012f STELLA platform\u0105 tolesniam duomen\u0173 apdorojimui.<\/li><li>\u201ePessl Instruments\u201c atsakinga u\u017e program\u0117l\u0117s steb\u0117sen\u0105, atnaujinimus ir protokol\u0173 \u012fgyvendinim\u0105.<\/li><\/ul>\t\t\t\t\t\t\t\t<\/div>\n\t\t\t\t<\/div>\n\t\t\t\t\t<\/div>\n\t\t\t\t<\/div>\n\t\t<div class=\"trx_addons_has_bg_text elementor-element elementor-element-30c618f e-flex e-con-boxed sc_layouts_column_icons_position_left e-con e-parent\" data-bg-text=\"{&quot;bg_text&quot;:&quot;MORE INFO&quot;,&quot;bg_text_effect&quot;:&quot;slide&quot;,&quot;bg_text_overlay&quot;:{&quot;url&quot;:&quot;&quot;},&quot;bg_text_left&quot;:{&quot;size&quot;:&quot;&quot;,&quot;unit&quot;:&quot;%&quot;},&quot;bg_text_top&quot;:{&quot;size&quot;:&quot;&quot;,&quot;unit&quot;:&quot;%&quot;},&quot;bg_text_z_index&quot;:{&quot;size&quot;:&quot;0&quot;,&quot;unit&quot;:&quot;px&quot;},&quot;bg_text_marquee&quot;:{&quot;unit&quot;:&quot;px&quot;,&quot;size&quot;:&quot;&quot;,&quot;sizes&quot;:[]},&quot;bg_text_marquee_hover&quot;:&quot;&quot;,&quot;bg_text_marquee_margin&quot;:{&quot;size&quot;:&quot;50&quot;,&quot;unit&quot;:&quot;px&quot;},&quot;bg_text_reverse&quot;:0,&quot;bg_text_accelerate&quot;:0,&quot;bg_text_delimiter_icon&quot;:&quot;&quot;,&quot;bg_text_delimiter_image&quot;:&quot;&quot;,&quot;bg_text_delimiter_svg&quot;:&quot;&quot;,&quot;bg_text_delimiter_rotation&quot;:0}\" data-id=\"30c618f\" data-element_type=\"container\">\n\t\t\t\t\t<div class=\"e-con-inner\">\n\t\t<div class=\"trx_addons_has_bg_text elementor-element elementor-element-7eabae8 e-con-full e-flex sc_layouts_column_icons_position_left e-con e-child\" data-bg-text=\"{&quot;bg_text&quot;:&quot;MORE INFO&quot;,&quot;bg_text_effect&quot;:&quot;slide&quot;,&quot;bg_text_overlay&quot;:{&quot;url&quot;:&quot;&quot;},&quot;bg_text_left&quot;:{&quot;size&quot;:&quot;&quot;,&quot;unit&quot;:&quot;%&quot;},&quot;bg_text_top&quot;:{&quot;unit&quot;:&quot;%&quot;,&quot;size&quot;:-3,&quot;sizes&quot;:[]},&quot;bg_text_z_index&quot;:{&quot;unit&quot;:&quot;px&quot;,&quot;size&quot;:&quot;&quot;,&quot;sizes&quot;:[]},&quot;bg_text_marquee&quot;:{&quot;unit&quot;:&quot;px&quot;,&quot;size&quot;:&quot;&quot;,&quot;sizes&quot;:[]},&quot;bg_text_marquee_hover&quot;:&quot;&quot;,&quot;bg_text_marquee_margin&quot;:{&quot;size&quot;:&quot;50&quot;,&quot;unit&quot;:&quot;px&quot;},&quot;bg_text_reverse&quot;:0,&quot;bg_text_accelerate&quot;:0,&quot;bg_text_delimiter_icon&quot;:&quot;&quot;,&quot;bg_text_delimiter_image&quot;:&quot;&quot;,&quot;bg_text_delimiter_svg&quot;:&quot;&quot;,&quot;bg_text_delimiter_rotation&quot;:0}\" data-id=\"7eabae8\" data-element_type=\"container\">\n\t\t\t\t<div class=\"elementor-element elementor-element-3d0903c sc_fly_static elementor-widget elementor-widget-heading\" data-id=\"3d0903c\" data-element_type=\"widget\" data-widget_type=\"heading.default\">\n\t\t\t\t<div class=\"elementor-widget-container\">\n\t\t\t\t\t<h6 class=\"elementor-heading-title elementor-size-default\">Daugiau informacijos<\/h6>\t\t\t\t<\/div>\n\t\t\t\t<\/div>\n\t\t\t\t<div class=\"elementor-element elementor-element-d793a25 sc_fly_static elementor-widget elementor-widget-trx_sc_layouts_iconed_text\" data-id=\"d793a25\" data-element_type=\"widget\" data-widget_type=\"trx_sc_layouts_iconed_text.default\">\n\t\t\t\t<div class=\"elementor-widget-container\">\n\t\t\t\t\t<div class=\"sc_layouts_iconed_text\" ><span class=\"sc_layouts_item_icon sc_layouts_iconed_text_icon icon-locator sc_icon_type_icons\"><\/span><span class=\"sc_layouts_item_details sc_layouts_iconed_text_details\"><span class=\"sc_layouts_item_details_line1 sc_layouts_iconed_text_line1\">Austrija<\/span><\/span><\/div>\t\t\t\t<\/div>\n\t\t\t\t<\/div>\n\t\t\t\t<div class=\"elementor-element elementor-element-a27e7ba sc_fly_static elementor-widget elementor-widget-trx_sc_layouts_iconed_text\" data-id=\"a27e7ba\" data-element_type=\"widget\" data-widget_type=\"trx_sc_layouts_iconed_text.default\">\n\t\t\t\t<div class=\"elementor-widget-container\">\n\t\t\t\t\t<div class=\"sc_layouts_iconed_text\" ><a href=\"https:\/\/metos.global\/en\/\" class=\"sc_layouts_item_link sc_layouts_iconed_text_link\" target=\"_blank\" rel=\"noopener noreferrer nofollow\"><span class=\"sc_layouts_item_icon sc_layouts_iconed_text_icon icon-sphere sc_icon_type_icons\"><\/span><span class=\"sc_layouts_item_details sc_layouts_iconed_text_details\"><span class=\"sc_layouts_item_details_line1 sc_layouts_iconed_text_line1\">metos.global<\/span><\/span><\/a><\/div>\t\t\t\t<\/div>\n\t\t\t\t<\/div>\n\t\t\t\t<div class=\"elementor-element elementor-element-e9852ed sc_fly_static elementor-widget elementor-widget-trx_sc_socials\" data-id=\"e9852ed\" data-element_type=\"widget\" data-widget_type=\"trx_sc_socials.default\">\n\t\t\t\t<div class=\"elementor-widget-container\">\n\t\t\t\t\t<div  \n\t\tclass=\"sc_socials sc_socials_default sc_align_none\" ><div class=\"socials_wrap sc_item_content\"><a target=\"_blank\" rel=\"nofollow\" href=\"https:\/\/www.linkedin.com\/company\/pesslinstruments\/\" class=\"social_item social_item_style_icons sc_icon_type_icons social_item_type_icons\"><span class=\"social_icon social_icon_linkedin\" style=\"\"><span class=\"screen-reader-text\">linkedin<\/span><span class=\"icon-linkedin\"><\/span><\/span><\/a><a target=\"_blank\" rel=\"nofollow\" href=\"https:\/\/www.facebook.com\/pesslinstruments\/\" class=\"social_item social_item_style_icons sc_icon_type_icons social_item_type_icons\"><span class=\"social_icon social_icon_facebook\" style=\"\"><span class=\"screen-reader-text\">facebook<\/span><span class=\"icon-facebook\"><\/span><\/span><\/a><a target=\"_blank\" rel=\"nofollow\" href=\"https:\/\/twitter.com\/metos_austria\" class=\"social_item social_item_style_icons sc_icon_type_icons social_item_type_icons\"><span class=\"social_icon social_icon_twitter-x\" style=\"\"><span class=\"screen-reader-text\">twitter-x<\/span><span class=\"trx_addons_icon-twitter-x\"><\/span><\/span><\/a><a target=\"_blank\" rel=\"nofollow\" href=\"https:\/\/www.instagram.com\/pesslinstruments_pi\/\" class=\"social_item social_item_style_icons sc_icon_type_icons social_item_type_icons\"><span class=\"social_icon social_icon_instagram\" style=\"\"><span class=\"screen-reader-text\">instagram<\/span><span class=\"icon-instagram\"><\/span><\/span><\/a><a target=\"_blank\" rel=\"nofollow\" href=\"https:\/\/www.youtube.com\/channel\/UCai0VFEu-x34flR_GzbLGfg\" class=\"social_item social_item_style_icons sc_icon_type_icons social_item_type_icons\"><span class=\"social_icon social_icon_youtube2\" style=\"\"><span class=\"screen-reader-text\">youtube2<\/span><span class=\"trx_addons_icon-youtube2\"><\/span><\/span><\/a><\/div><\/div>\t\t\t\t<\/div>\n\t\t\t\t<\/div>\n\t\t\t\t<\/div>\n\t\t<div class=\"elementor-element elementor-element-e49ca50 e-con-full e-flex sc_layouts_column_icons_position_left e-con e-child\" data-id=\"e49ca50\" data-element_type=\"container\">\n\t\t\t\t<div class=\"elementor-element elementor-element-e73c340 sc_fly_static elementor-widget elementor-widget-heading\" data-id=\"e73c340\" data-element_type=\"widget\" data-widget_type=\"heading.default\">\n\t\t\t\t<div class=\"elementor-widget-container\">\n\t\t\t\t\t<h6 class=\"elementor-heading-title elementor-size-default\">Kontaktinis asmuo<\/h6>\t\t\t\t<\/div>\n\t\t\t\t<\/div>\n\t\t\t\t<div class=\"elementor-element elementor-element-4378ec5 elementor-author-box--align-left sc_fly_static elementor-widget elementor-widget-author-box\" data-id=\"4378ec5\" data-element_type=\"widget\" data-widget_type=\"author-box.default\">\n\t\t\t\t<div class=\"elementor-widget-container\">\n\t\t\t\t\t\t\t<div class=\"elementor-author-box\">\n\t\t\t\n\t\t\t<div class=\"elementor-author-box__text\">\n\t\t\t\t\t\t\t\t\t<div >\n\t\t\t\t\t\t<h4 class=\"elementor-author-box__name\">\n\t\t\t\t\t\t\tDr. Heinrich Walter Denzer\t\t\t\t\t\t<\/h4>\n\t\t\t\t\t<\/div>\n\t\t\t\t\n\t\t\t\t\n\t\t\t\t\t\t\t\t\t<a class=\"elementor-author-box__button elementor-button elementor-size-xs\" href=\"mailto:heiner.denzer@metos.at\">\n\t\t\t\t\t\tKontaktas\t\t\t\t\t<\/a>\n\t\t\t\t\t\t\t<\/div>\n\t\t<\/div>\n\t\t\t\t\t\t<\/div>\n\t\t\t\t<\/div>\n\t\t\t\t<\/div>\n\t\t\t\t\t<\/div>\n\t\t\t\t<\/div>\n\t\t\t\t<\/div>","protected":false},"excerpt":{"rendered":"<p>PESSL PESSL PESSL Instruments GmbH, located in Weiz, Austria, has been producing reliable measuring instruments&hellip;<\/p>","protected":false},"author":2,"featured_media":37314,"parent":4047,"menu_order":9,"comment_status":"closed","ping_status":"closed","template":"","meta":{"iawp_total_views":47,"footnotes":""},"class_list":["post-39052","page","type-page","status-publish","has-post-thumbnail","hentry"],"_links":{"self":[{"href":"https:\/\/stella-pss.eu\/lt\/wp-json\/wp\/v2\/pages\/39052","targetHints":{"allow":["GET"]}}],"collection":[{"href":"https:\/\/stella-pss.eu\/lt\/wp-json\/wp\/v2\/pages"}],"about":[{"href":"https:\/\/stella-pss.eu\/lt\/wp-json\/wp\/v2\/types\/page"}],"author":[{"embeddable":true,"href":"https:\/\/stella-pss.eu\/lt\/wp-json\/wp\/v2\/users\/2"}],"replies":[{"embeddable":true,"href":"https:\/\/stella-pss.eu\/lt\/wp-json\/wp\/v2\/comments?post=39052"}],"version-history":[{"count":0,"href":"https:\/\/stella-pss.eu\/lt\/wp-json\/wp\/v2\/pages\/39052\/revisions"}],"up":[{"embeddable":true,"href":"https:\/\/stella-pss.eu\/lt\/wp-json\/wp\/v2\/pages\/4047"}],"wp:featuredmedia":[{"embeddable":true,"href":"https:\/\/stella-pss.eu\/lt\/wp-json\/wp\/v2\/media\/37314"}],"wp:attachment":[{"href":"https:\/\/stella-pss.eu\/lt\/wp-json\/wp\/v2\/media?parent=39052"}],"curies":[{"name":"wp","href":"https:\/\/api.w.org\/{rel}","templated":true}]}}