{"id":39102,"date":"2024-04-08T07:01:46","date_gmt":"2024-04-08T07:01:46","guid":{"rendered":"https:\/\/stella-pss.eu\/?page_id=39102"},"modified":"2026-02-20T09:15:56","modified_gmt":"2026-02-20T09:15:56","slug":"ifv","status":"publish","type":"page","link":"https:\/\/stella-pss.eu\/lt\/partners\/ifv\/","title":{"rendered":"IFV"},"content":{"rendered":"<div data-elementor-type=\"wp-page\" data-elementor-id=\"39102\" class=\"elementor elementor-39102\" data-elementor-post-type=\"page\">\n\t\t\t\t<div class=\"elementor-element elementor-element-c2f56cf e-flex e-con-boxed sc_layouts_column_icons_position_left e-con e-parent\" data-id=\"c2f56cf\" data-element_type=\"container\">\n\t\t\t\t\t<div class=\"e-con-inner\">\n\t\t\t\t<div class=\"elementor-element elementor-element-c34ab3d sc_fly_static elementor-widget elementor-widget-trx_sc_promo\" data-id=\"c34ab3d\" data-element_type=\"widget\" data-widget_type=\"trx_sc_promo.default\">\n\t\t\t\t<div class=\"elementor-widget-container\">\n\t\t\t\t\t<div  \n\tclass=\"sc_promo sc_promo_default sc_promo_size_small sc_promo_image_position_left\" ><div class=\"sc_promo_image\" style=\"background-image:url(\/\/stella-pss.eu\/wp-content\/uploads\/2024\/06\/13.IFV_.jpg);width:50%;left: 0;\" ><\/div><div class=\"sc_promo_text\" style=\"width: 50%;float: right;\" >\n\t\t\t<div class=\"sc_promo_text_inner\"><span class=\"sc_item_subtitle sc_promo_subtitle sc_align_left sc_item_subtitle_above sc_item_title_style_shadow\">IFV<\/span><h3 class=\"sc_item_title sc_promo_title sc_align_left sc_item_title_style_shadow trx_addons_inline_1254717124\"\n\t\t\t><span class=\"sc_item_title_text\">INSTITUT FRANCAIS <\/span><\/h3><div class=\"sc_item_descr sc_promo_descr sc_align_left\"><p>DE LA VIGNE ET DU VIN<\/p>\n<\/div><\/div>\n\t\t<\/div><\/div>\t\t\t\t<\/div>\n\t\t\t\t<\/div>\n\t\t\t\t\t<\/div>\n\t\t\t\t<\/div>\n\t\t<div class=\"elementor-element elementor-element-5d528bc e-flex e-con-boxed sc_layouts_column_icons_position_left e-con e-parent\" data-id=\"5d528bc\" data-element_type=\"container\">\n\t\t\t\t\t<div class=\"e-con-inner\">\n\t\t\t\t<div class=\"elementor-element elementor-element-b373842 sc_fly_static elementor-widget elementor-widget-spacer\" data-id=\"b373842\" data-element_type=\"widget\" data-widget_type=\"spacer.default\">\n\t\t\t\t<div class=\"elementor-widget-container\">\n\t\t\t\t\t\t\t<div class=\"elementor-spacer\">\n\t\t\t<div class=\"elementor-spacer-inner\"><\/div>\n\t\t<\/div>\n\t\t\t\t\t\t<\/div>\n\t\t\t\t<\/div>\n\t\t\t\t<div class=\"elementor-element elementor-element-5fcfa1a sc_fly_static elementor-widget elementor-widget-heading\" data-id=\"5fcfa1a\" data-element_type=\"widget\" data-widget_type=\"heading.default\">\n\t\t\t\t<div class=\"elementor-widget-container\">\n\t\t\t\t\t<h4 class=\"elementor-heading-title elementor-size-default translation-block\">Apie IFV<\/h4>\t\t\t\t<\/div>\n\t\t\t\t<\/div>\n\t\t\t\t<div class=\"elementor-element elementor-element-aa5f5e8 sc_fly_static elementor-widget elementor-widget-text-editor\" data-id=\"aa5f5e8\" data-element_type=\"widget\" data-widget_type=\"text-editor.default\">\n\t\t\t\t<div class=\"elementor-widget-container\">\n\t\t\t\t\t\t\t\t\t<p class=\"translation-block\"><strong>IFV (French Wine and Vine Institute)<\/strong>  pagrindinis Pranc\u016bzijos techninis institutas, u\u017esiimantis vynuogi\u0173 ir vyno sektoriaus moksliniais tyrimais bei pl\u0117tra. IFV, kuriam vadovauja visiems vyno pramon\u0117s sektoriams atstovaujantys valdybos nariai, atlieka pagrindin\u012f vaidmen\u012f skatinant taikom\u0173j\u0173 mokslini\u0173 tyrim\u0173 projektus ir skleid\u017eiant technologin\u0119 pa\u017eang\u0105 bei \u017einias Pranc\u016bzijos vyno sektoriuje.<\/p><p class=\"translation-block\">Pagrindin\u0117 IFV misija yra ma\u017einti atotr\u016bk\u012f tarp mokslini\u0173 tyrim\u0173 ir praktinio taikymo vynuogi\u0173 ir vyno pramon\u0117je. \u012egyvendindamas taikom\u0173j\u0173 mokslini\u0173 tyrim\u0173 projektus, IFV siekia, kad Pranc\u016bzijos vynuogi\u0173 ir vyno sektorius b\u016bt\u0173 apr\u016bpintas naujausiomis technologin\u0117mis inovacijomis bei \u017einiomis, skatinan\u010diomis tvar\u0173 augim\u0105 ir konkurencingum\u0105.<\/p><p><strong>Expertise:<\/strong> IFV, kuriame dirba 160 \u017emoni\u0173, i\u0161 j\u0173 80 in\u017einieri\u0173, pasi\u017eymi pla\u010dia kompetencija, apiman\u010dia visus vyno gamybos aspektus \u2013 nuo vynmed\u017ei\u0173 parinkimo iki paskutin\u0117s vyno taur\u0117s. M\u016bs\u0173 daugiadisciplinin\u0117s komandos specializuojasi vynmed\u017ei\u0173 augal\u0173 atrankos ir auginimo, ampelografijos, vynuogi\u0173 lig\u0173 ir apsaugos, ekologin\u0117s vynuogi\u0173 ir vyno gamybos, agroekologin\u0117s vynuogininkyst\u0117s, vynininkyst\u0117s, agronomini\u0173 mar\u0161rut\u0173, mikrobiologijos, vyno gamybos proces\u0173, mechanizacijos ir robotikos srityse. M\u016bs\u0173 laboratorijos oficialiai pripa\u017eintos kaip agronomijos ir vynininkyst\u0117s bandym\u0173 ir tyrim\u0173 laboratorijos, u\u017etikrinan\u010dios auk\u0161\u010diausius mokslini\u0173 tyrim\u0173 ir eksperiment\u0173 standartus.<\/p><p class=\"translation-block\">IFV \u012fsteig\u0117 18 mokslini\u0173 tyrim\u0173 centr\u0173, strategi\u0161kai i\u0161sid\u0117s\u010diusi\u0173 pagrindiniuose Pranc\u016bzijos vynuogi\u0173 auginimo regionuose, ir naudodamiesi \u0161iuo tinklu vykdo eksperimentus bei mokslinius tyrimus laukuose, vyno daryklose ir technologin\u0117se platformose. Tokia plataus masto veikla IFV leid\u017eia tapti svarbia pramon\u0117s specialist\u0173 ir mokslini\u0173 tyrim\u0173 grupi\u0173 s\u0105saja, palengvinan\u010dia skland\u0173 keitim\u0105si \u017einiomis ir skatinan\u010dia inovacijas vyno pramon\u0117je.<\/p><p class=\"translation-block\">IFV atlieka svarb\u0173 vaidmen\u012f skatinant inovacijas ir technologin\u0119 pa\u017eang\u0105 Pranc\u016bzijos vyno sektoriuje. Tur\u0117damas stiprius inovacinius paj\u0117gumus ir siekdamas perduoti mokslini\u0173 tyrim\u0173 rezultatus pramon\u0117s suinteresuotiems asmenims, IFV yra pa\u017eangos katalizatorius, u\u017etikrinantis, kad Pranc\u016bzijos vyno pramon\u0117 i\u0161likt\u0173 pasaulin\u0117s kompetencijos prie\u0161akyje.<\/p>\t\t\t\t\t\t\t\t<\/div>\n\t\t\t\t<\/div>\n\t\t\t\t\t<\/div>\n\t\t\t\t<\/div>\n\t\t<div class=\"elementor-element elementor-element-ed530dc e-flex e-con-boxed sc_layouts_column_icons_position_left e-con e-parent\" data-id=\"ed530dc\" data-element_type=\"container\">\n\t\t\t\t\t<div class=\"e-con-inner\">\n\t\t\t\t<div class=\"elementor-element elementor-element-ed5dede sc_fly_static elementor-widget elementor-widget-spacer\" data-id=\"ed5dede\" data-element_type=\"widget\" data-widget_type=\"spacer.default\">\n\t\t\t\t<div class=\"elementor-widget-container\">\n\t\t\t\t\t\t\t<div class=\"elementor-spacer\">\n\t\t\t<div class=\"elementor-spacer-inner\"><\/div>\n\t\t<\/div>\n\t\t\t\t\t\t<\/div>\n\t\t\t\t<\/div>\n\t\t\t\t<div class=\"elementor-element elementor-element-e65e3ed sc_fly_static elementor-widget elementor-widget-heading\" data-id=\"e65e3ed\" data-element_type=\"widget\" data-widget_type=\"heading.default\">\n\t\t\t\t<div class=\"elementor-widget-container\">\n\t\t\t\t\t<h4 class=\"elementor-heading-title elementor-size-default\">IFV'S ROLE AT STELLA<\/h4>\t\t\t\t<\/div>\n\t\t\t\t<\/div>\n\t\t\t\t<div class=\"elementor-element elementor-element-ffcc32d sc_fly_static elementor-widget elementor-widget-text-editor\" data-id=\"ffcc32d\" data-element_type=\"widget\" data-widget_type=\"text-editor.default\">\n\t\t\t\t<div class=\"elementor-widget-container\">\n\t\t\t\t\t\t\t\t\t<p>IFV prisid\u0117s prie \u012fvairi\u0173 darbo paket\u0173.<\/p><p><strong> WP2: Duomen\u0173 rinkimas, apdorojimas ir modeliavimas<br \/><\/strong>IFV aktyviai prisideda prie STELLA PSS platformos k\u016brimo. IFV dalyvavimas apima vis\u0105 Pranc\u016bzijos tiriam\u0173 atvej\u0173 proces\u0105, \u012fskaitant pasirengimo, planavimo, vykdymo, steb\u0117senos ir vertinimo etapus. Konkre\u010diai IFV pastangos sutelktos \u012f vynuogi\u0173 lap\u0173 susisukimo ligos ir juodalksnio geltonosios d\u0117m\u0117tlig\u0117s problem\u0105 Elzaso vynuogynuose, u\u017etikrinant veiksming\u0105 platformos tobulinim\u0105 ir optimizavim\u0105.<\/p><p><strong>WP3: STELLA platforma<br \/><\/strong>IFV dalyvauja u\u017eduotyje T3.5, pad\u0117dama kurti ir vertinti STELLA PSS platform\u0105.<\/p><p class=\"translation-block\"><b>WP4 \u2013 tiriamieji atvejai <\/b>\n<br>\nIFV aktyviai prisideda prie STELLA PSS platformos k\u016brimo. IFV dalyvavimas apima vis\u0105 Pranc\u016bzijos tiriam\u0173 atvej\u0173 proces\u0105, \u012fskaitant pasirengimo, planavimo, vykdymo, steb\u0117senos ir vertinimo etapus. Konkre\u010diai IFV pastangos sutelktos \u012f vynuogi\u0173 lap\u0173 susisukimo ligos ir juodalksnio geltonosios d\u0117m\u0117tlig\u0117s problem\u0105 Elzaso vynuogynuose, u\u017etikrinant veiksming\u0105 platformos tobulinim\u0105 ir optimizavim\u0105.<\/p><p><strong>WP5: Politin\u0117s rekomendacijos ir ekonomin\u0117s naudos analiz<br \/><\/strong>IFV prisideda prie T5.2 u\u017eduoties, dalyvaudama kuriant politikos priemoni\u0173 rinkin\u012f ir veiksm\u0173 plan\u0105, padedant\u012f \u012fgyvendinti ES augal\u0173 sveikatos teis\u0117s akt\u0173 sistem\u0105, kurioje daugiausia d\u0117mesio skiriama skaitmenini\u0173 technologij\u0173 diegimui vynuogi\u0173 ir vyno sektoriuje.<\/p>\t\t\t\t\t\t\t\t<\/div>\n\t\t\t\t<\/div>\n\t\t\t\t\t<\/div>\n\t\t\t\t<\/div>\n\t\t<div class=\"trx_addons_has_bg_text elementor-element elementor-element-30c618f e-flex e-con-boxed sc_layouts_column_icons_position_left e-con e-parent\" data-bg-text=\"{&quot;bg_text&quot;:&quot;MORE INFO&quot;,&quot;bg_text_effect&quot;:&quot;slide&quot;,&quot;bg_text_overlay&quot;:{&quot;url&quot;:&quot;&quot;},&quot;bg_text_left&quot;:{&quot;size&quot;:&quot;&quot;,&quot;unit&quot;:&quot;%&quot;},&quot;bg_text_top&quot;:{&quot;size&quot;:&quot;&quot;,&quot;unit&quot;:&quot;%&quot;},&quot;bg_text_z_index&quot;:{&quot;size&quot;:&quot;0&quot;,&quot;unit&quot;:&quot;px&quot;},&quot;bg_text_marquee&quot;:{&quot;unit&quot;:&quot;px&quot;,&quot;size&quot;:&quot;&quot;,&quot;sizes&quot;:[]},&quot;bg_text_marquee_hover&quot;:&quot;&quot;,&quot;bg_text_marquee_margin&quot;:{&quot;size&quot;:&quot;50&quot;,&quot;unit&quot;:&quot;px&quot;},&quot;bg_text_reverse&quot;:0,&quot;bg_text_accelerate&quot;:0,&quot;bg_text_delimiter_icon&quot;:&quot;&quot;,&quot;bg_text_delimiter_image&quot;:&quot;&quot;,&quot;bg_text_delimiter_svg&quot;:&quot;&quot;,&quot;bg_text_delimiter_rotation&quot;:0}\" data-id=\"30c618f\" data-element_type=\"container\">\n\t\t\t\t\t<div class=\"e-con-inner\">\n\t\t<div class=\"trx_addons_has_bg_text elementor-element elementor-element-7eabae8 e-con-full e-flex sc_layouts_column_icons_position_left e-con e-child\" data-bg-text=\"{&quot;bg_text&quot;:&quot;MORE INFO&quot;,&quot;bg_text_effect&quot;:&quot;slide&quot;,&quot;bg_text_overlay&quot;:{&quot;url&quot;:&quot;&quot;},&quot;bg_text_left&quot;:{&quot;size&quot;:&quot;&quot;,&quot;unit&quot;:&quot;%&quot;},&quot;bg_text_top&quot;:{&quot;unit&quot;:&quot;%&quot;,&quot;size&quot;:-3,&quot;sizes&quot;:[]},&quot;bg_text_z_index&quot;:{&quot;unit&quot;:&quot;px&quot;,&quot;size&quot;:&quot;&quot;,&quot;sizes&quot;:[]},&quot;bg_text_marquee&quot;:{&quot;unit&quot;:&quot;px&quot;,&quot;size&quot;:&quot;&quot;,&quot;sizes&quot;:[]},&quot;bg_text_marquee_hover&quot;:&quot;&quot;,&quot;bg_text_marquee_margin&quot;:{&quot;size&quot;:&quot;50&quot;,&quot;unit&quot;:&quot;px&quot;},&quot;bg_text_reverse&quot;:0,&quot;bg_text_accelerate&quot;:0,&quot;bg_text_delimiter_icon&quot;:&quot;&quot;,&quot;bg_text_delimiter_image&quot;:&quot;&quot;,&quot;bg_text_delimiter_svg&quot;:&quot;&quot;,&quot;bg_text_delimiter_rotation&quot;:0}\" data-id=\"7eabae8\" data-element_type=\"container\">\n\t\t\t\t<div class=\"elementor-element elementor-element-3d0903c sc_fly_static elementor-widget elementor-widget-heading\" data-id=\"3d0903c\" data-element_type=\"widget\" data-widget_type=\"heading.default\">\n\t\t\t\t<div class=\"elementor-widget-container\">\n\t\t\t\t\t<h6 class=\"elementor-heading-title elementor-size-default\">Daugiau informacijos<\/h6>\t\t\t\t<\/div>\n\t\t\t\t<\/div>\n\t\t\t\t<div class=\"elementor-element elementor-element-d793a25 sc_fly_static elementor-widget elementor-widget-trx_sc_layouts_iconed_text\" data-id=\"d793a25\" data-element_type=\"widget\" data-widget_type=\"trx_sc_layouts_iconed_text.default\">\n\t\t\t\t<div class=\"elementor-widget-container\">\n\t\t\t\t\t<div class=\"sc_layouts_iconed_text\" ><span class=\"sc_layouts_item_icon sc_layouts_iconed_text_icon icon-locator sc_icon_type_icons\"><\/span><span class=\"sc_layouts_item_details sc_layouts_iconed_text_details\"><span class=\"sc_layouts_item_details_line1 sc_layouts_iconed_text_line1\">Pranc\u016bzija<\/span><\/span><\/div>\t\t\t\t<\/div>\n\t\t\t\t<\/div>\n\t\t\t\t<div class=\"elementor-element elementor-element-a27e7ba sc_fly_static elementor-widget elementor-widget-trx_sc_layouts_iconed_text\" data-id=\"a27e7ba\" data-element_type=\"widget\" data-widget_type=\"trx_sc_layouts_iconed_text.default\">\n\t\t\t\t<div class=\"elementor-widget-container\">\n\t\t\t\t\t<div class=\"sc_layouts_iconed_text\" ><a href=\"https:\/\/www.vignevin.com\/\" class=\"sc_layouts_item_link sc_layouts_iconed_text_link\" target=\"_blank\" rel=\"noopener noreferrer nofollow\"><span class=\"sc_layouts_item_icon sc_layouts_iconed_text_icon icon-sphere sc_icon_type_icons\"><\/span><span class=\"sc_layouts_item_details sc_layouts_iconed_text_details\"><span class=\"sc_layouts_item_details_line1 sc_layouts_iconed_text_line1\">vignevin.com<\/span><\/span><\/a><\/div>\t\t\t\t<\/div>\n\t\t\t\t<\/div>\n\t\t\t\t<div class=\"elementor-element elementor-element-e9852ed sc_fly_static elementor-widget elementor-widget-trx_sc_socials\" data-id=\"e9852ed\" data-element_type=\"widget\" data-widget_type=\"trx_sc_socials.default\">\n\t\t\t\t<div class=\"elementor-widget-container\">\n\t\t\t\t\t<div  \n\t\tclass=\"sc_socials sc_socials_default sc_align_none\" ><div class=\"socials_wrap sc_item_content\"><a target=\"_blank\" rel=\"nofollow\" href=\"https:\/\/www.linkedin.com\/company\/institut-fran-ais-de-la-vigne-et-du-vin-ifv-\/\" class=\"social_item social_item_style_icons sc_icon_type_icons social_item_type_icons\"><span class=\"social_icon social_icon_linkedin\" style=\"\"><span class=\"screen-reader-text\">linkedin<\/span><span class=\"icon-linkedin\"><\/span><\/span><\/a><a target=\"_blank\" rel=\"nofollow\" href=\"https:\/\/www.facebook.com\/VigneVinFrance\" class=\"social_item social_item_style_icons sc_icon_type_icons social_item_type_icons\"><span class=\"social_icon social_icon_facebook\" style=\"\"><span class=\"screen-reader-text\">facebook<\/span><span class=\"icon-facebook\"><\/span><\/span><\/a><a target=\"_blank\" rel=\"nofollow\" href=\"https:\/\/twitter.com\/vignevinfrance?s=11&#038;t=-Gc9W6TdKIHOM37IRp4UJQ\" class=\"social_item social_item_style_icons sc_icon_type_icons social_item_type_icons\"><span class=\"social_icon social_icon_twitter-x\" style=\"\"><span class=\"screen-reader-text\">twitter-x<\/span><span class=\"trx_addons_icon-twitter-x\"><\/span><\/span><\/a><a target=\"_blank\" rel=\"nofollow\" href=\"https:\/\/www.instagram.com\/vignevinfrance\/?igsh=aWh2OHpqYTV3bnM1\" class=\"social_item social_item_style_icons sc_icon_type_icons social_item_type_icons\"><span class=\"social_icon social_icon_instagram\" style=\"\"><span class=\"screen-reader-text\">instagram<\/span><span class=\"icon-instagram\"><\/span><\/span><\/a><a target=\"_blank\" rel=\"nofollow\" href=\"https:\/\/www.youtube.com\/user\/VignevinFrance\" class=\"social_item social_item_style_icons sc_icon_type_icons social_item_type_icons\"><span class=\"social_icon social_icon_youtube2\" style=\"\"><span class=\"screen-reader-text\">youtube2<\/span><span class=\"trx_addons_icon-youtube2\"><\/span><\/span><\/a><\/div><\/div>\t\t\t\t<\/div>\n\t\t\t\t<\/div>\n\t\t\t\t<\/div>\n\t\t<div class=\"elementor-element elementor-element-e49ca50 e-con-full e-flex sc_layouts_column_icons_position_left e-con e-child\" data-id=\"e49ca50\" data-element_type=\"container\">\n\t\t\t\t<div class=\"elementor-element elementor-element-e73c340 sc_fly_static elementor-widget elementor-widget-heading\" data-id=\"e73c340\" data-element_type=\"widget\" data-widget_type=\"heading.default\">\n\t\t\t\t<div class=\"elementor-widget-container\">\n\t\t\t\t\t<h6 class=\"elementor-heading-title elementor-size-default\">Kontaktinis asmuo<\/h6>\t\t\t\t<\/div>\n\t\t\t\t<\/div>\n\t\t\t\t<div class=\"elementor-element elementor-element-4378ec5 elementor-author-box--align-left sc_fly_static elementor-widget elementor-widget-author-box\" data-id=\"4378ec5\" data-element_type=\"widget\" data-widget_type=\"author-box.default\">\n\t\t\t\t<div class=\"elementor-widget-container\">\n\t\t\t\t\t\t\t<div class=\"elementor-author-box\">\n\t\t\t\n\t\t\t<div class=\"elementor-author-box__text\">\n\t\t\t\t\t\t\t\t\t<div >\n\t\t\t\t\t\t<h4 class=\"elementor-author-box__name\">\n\t\t\t\t\t\t\tMrs. S\u00e9verine COUBARD\t\t\t\t\t\t<\/h4>\n\t\t\t\t\t<\/div>\n\t\t\t\t\n\t\t\t\t\n\t\t\t\t\t\t\t\t\t<a class=\"elementor-author-box__button elementor-button elementor-size-xs\" href=\"mailto:severine.coubard@vignevin.com\">\n\t\t\t\t\t\tKontaktas\t\t\t\t\t<\/a>\n\t\t\t\t\t\t\t<\/div>\n\t\t<\/div>\n\t\t\t\t\t\t<\/div>\n\t\t\t\t<\/div>\n\t\t\t\t<\/div>\n\t\t\t\t\t<\/div>\n\t\t\t\t<\/div>\n\t\t\t\t<\/div>","protected":false},"excerpt":{"rendered":"<p>IFV INSTITUT FRANCAIS DE LA VIGNE ET DU VIN IFV (French Wine and Vine Institute)&hellip;<\/p>","protected":false},"author":2,"featured_media":39527,"parent":4047,"menu_order":13,"comment_status":"closed","ping_status":"closed","template":"","meta":{"iawp_total_views":55,"footnotes":""},"class_list":["post-39102","page","type-page","status-publish","has-post-thumbnail","hentry"],"_links":{"self":[{"href":"https:\/\/stella-pss.eu\/lt\/wp-json\/wp\/v2\/pages\/39102","targetHints":{"allow":["GET"]}}],"collection":[{"href":"https:\/\/stella-pss.eu\/lt\/wp-json\/wp\/v2\/pages"}],"about":[{"href":"https:\/\/stella-pss.eu\/lt\/wp-json\/wp\/v2\/types\/page"}],"author":[{"embeddable":true,"href":"https:\/\/stella-pss.eu\/lt\/wp-json\/wp\/v2\/users\/2"}],"replies":[{"embeddable":true,"href":"https:\/\/stella-pss.eu\/lt\/wp-json\/wp\/v2\/comments?post=39102"}],"version-history":[{"count":0,"href":"https:\/\/stella-pss.eu\/lt\/wp-json\/wp\/v2\/pages\/39102\/revisions"}],"up":[{"embeddable":true,"href":"https:\/\/stella-pss.eu\/lt\/wp-json\/wp\/v2\/pages\/4047"}],"wp:featuredmedia":[{"embeddable":true,"href":"https:\/\/stella-pss.eu\/lt\/wp-json\/wp\/v2\/media\/39527"}],"wp:attachment":[{"href":"https:\/\/stella-pss.eu\/lt\/wp-json\/wp\/v2\/media?parent=39102"}],"curies":[{"name":"wp","href":"https:\/\/api.w.org\/{rel}","templated":true}]}}