{"id":39119,"date":"2024-04-08T07:06:54","date_gmt":"2024-04-08T07:06:54","guid":{"rendered":"https:\/\/stella-pss.eu\/?page_id=39119"},"modified":"2026-02-20T09:16:22","modified_gmt":"2026-02-20T09:16:22","slug":"linkolnagritech","status":"publish","type":"page","link":"https:\/\/stella-pss.eu\/lt\/partners\/linkolnagritech\/","title":{"rendered":"Lincoln Agritech"},"content":{"rendered":"<div data-elementor-type=\"wp-page\" data-elementor-id=\"39119\" class=\"elementor elementor-39119\" data-elementor-post-type=\"page\">\n\t\t\t\t<div class=\"elementor-element elementor-element-c2f56cf e-flex e-con-boxed sc_layouts_column_icons_position_left e-con e-parent\" data-id=\"c2f56cf\" data-element_type=\"container\">\n\t\t\t\t\t<div class=\"e-con-inner\">\n\t\t\t\t<div class=\"elementor-element elementor-element-c34ab3d sc_fly_static elementor-widget elementor-widget-trx_sc_promo\" data-id=\"c34ab3d\" data-element_type=\"widget\" data-widget_type=\"trx_sc_promo.default\">\n\t\t\t\t<div class=\"elementor-widget-container\">\n\t\t\t\t\t<div  \n\tclass=\"sc_promo sc_promo_default sc_promo_size_small sc_promo_image_position_left\" ><div class=\"sc_promo_image\" style=\"background-image:url(\/\/stella-pss.eu\/wp-content\/uploads\/2024\/01\/14.LINKOLNAGRITECH.jpg);width:50%;left: 0;\" ><\/div><div class=\"sc_promo_text\" style=\"width: 50%;float: right;\" >\n\t\t\t<div class=\"sc_promo_text_inner\"><span class=\"sc_item_subtitle sc_promo_subtitle sc_align_left sc_item_subtitle_above sc_item_title_style_shadow\">LAL<\/span><h3 class=\"sc_item_title sc_promo_title sc_align_left sc_item_title_style_shadow trx_addons_inline_763577273\"\n\t\t\t><span class=\"sc_item_title_text\">\u201eLINCOLN AGRITECH LIMITED\u201c<\/span><\/h3><\/div>\n\t\t<\/div><\/div>\t\t\t\t<\/div>\n\t\t\t\t<\/div>\n\t\t\t\t\t<\/div>\n\t\t\t\t<\/div>\n\t\t<div class=\"elementor-element elementor-element-5d528bc e-flex e-con-boxed sc_layouts_column_icons_position_left e-con e-parent\" data-id=\"5d528bc\" data-element_type=\"container\">\n\t\t\t\t\t<div class=\"e-con-inner\">\n\t\t\t\t<div class=\"elementor-element elementor-element-b373842 sc_fly_static elementor-widget elementor-widget-spacer\" data-id=\"b373842\" data-element_type=\"widget\" data-widget_type=\"spacer.default\">\n\t\t\t\t<div class=\"elementor-widget-container\">\n\t\t\t\t\t\t\t<div class=\"elementor-spacer\">\n\t\t\t<div class=\"elementor-spacer-inner\"><\/div>\n\t\t<\/div>\n\t\t\t\t\t\t<\/div>\n\t\t\t\t<\/div>\n\t\t\t\t<div class=\"elementor-element elementor-element-5fcfa1a sc_fly_static elementor-widget elementor-widget-heading\" data-id=\"5fcfa1a\" data-element_type=\"widget\" data-widget_type=\"heading.default\">\n\t\t\t\t<div class=\"elementor-widget-container\">\n\t\t\t\t\t<h4 class=\"elementor-heading-title elementor-size-default translation-block\">Apie  Lincoln Agritech<\/h4>\t\t\t\t<\/div>\n\t\t\t\t<\/div>\n\t\t\t\t<div class=\"elementor-element elementor-element-aa5f5e8 sc_fly_static elementor-widget elementor-widget-text-editor\" data-id=\"aa5f5e8\" data-element_type=\"widget\" data-widget_type=\"text-editor.default\">\n\t\t\t\t<div class=\"elementor-widget-container\">\n\t\t\t\t\t\t\t\t\t<p class=\"translation-block\"><strong>Lincoln Agritech Ltd (LAL)<\/strong>  tikslin\u0117 pa\u017eangiausi\u0173 mokslini\u0173 tyrim\u0173 ir pl\u0117tros bendrov\u0117, jau 60 met\u0173 taikanti novatori\u0161kas in\u017einerijos ir mokslo technologijas \u017eem\u0117s \u016bkiui, pramonei ir aplinkai gerinti. Priklausome Naujosios Zelandijos Linkolno universitetui ir kartu su i\u0161or\u0117s partneriais komercializuojame savo perspektyvius darbus. Kelis produktus patys parduodame visame pasaulyje (pvz., dr\u0117kinimo projektavimo ir nitrat\u0173 matavimo).<\/p><p>Siekiame, kad pramon\u0117 ir bendruomen\u0117s klest\u0117t\u0173 sveikoje aplinkoje. M\u016bs\u0173 misija \u2013 novatori\u0161ki moksliniai tyrimai ir tvari\u0173 sprendim\u0173 k\u016brimas bendradarbiaujant su pirmin\u0117s pramon\u0117s atstovais, maoriais ir vyriausybe.<\/p><p>Daugiau nei 80 darbuotoj\u0173 kolektyvo mokslininkai dirba \u0161iose srityse:<\/p><ul><li>Pa\u017eangi in\u017einerija. M\u016bs\u0173 pa\u017eang\u016bs in\u017eineriniai tyrimai apima mikrobangas, radarus, robotik\u0105, aparatin\u0119 \u012frang\u0105 ir elektronik\u0105 bei medicininius vaizdus.<\/li><li>Biotechnologijos. M\u016bs\u0173 biotechnologij\u0173 tyrimai orientuoti \u012f mikroorganizm\u0173 naudojim\u0105 augal\u0173 augimui gerinti, ligoms valdyti ir \u017eem\u0117s \u016bkiui bei atliek\u0173 perdirbimui tobulinti.<\/li><li>Duomen\u0173 mokslas. Apdorojimui, modeliavimui, vizualizavimui, ma\u0161ininiam mokymuisi, statistinei analizei ir duomen\u0173 bazi\u0173 valdymui, siekiant i\u0161gauti pagalbinius sprendimus arba ma\u0161in\u0173 valdym\u0105.<\/li><li>GreenTech: Moksliniai tyrimai apima naujus metodus ir b\u016bdus, skirtus techni\u0161kai ma\u017einti i\u0161metam\u0173j\u0173 ter\u0161al\u0173 kiek\u012f \u017eem\u0117s \u016bkyje ir tvarkyti atliekas: metano, anglies dioksido, azoto oksido.<\/li><li>Naujos med\u017eiagos. (I) Pagr\u012fstos nat\u016brali\u0173 pluo\u0161t\u0173 ir med\u017eiag\u0173 manipuliacija ir rekonstrukcija ir (II) dirbtin\u0117s, pasi\u017eymin\u010dios savyb\u0117mis, kuri\u0173 gamtoje n\u0117ra (pvz., metamed\u017eiagos).<\/li><li>Vandens mokslas. M\u016bs\u0173 aplinkosaugos komanda daugiausia d\u0117mesio skiria gruntinio vandens sistemoms ir platesnei aplinkai, su kuria s\u0105veikauja \u0161ios sistemos.<\/li><li>Tikslioji \u017eemdirbyst\u0117. Kurti, tobulinti ir naudoti skaitmeninius \u012frankius, sprendim\u0173 paramos priemones, pavaras bei robotus pramon\u0117je ir nustatyti j\u0173 naud\u0105 gamybai bei aplinkai.<\/li><\/ul><p>Daugiausia d\u0117mesio skiriame moksliniams tyrimams ir pl\u0117trai, susijusiems su vandens apsauga, tvaria gamyba, vertingomis gamtin\u0117mis med\u017eiagomis ir klimato kaitos veiksmais, kurie atitinka JT 3, 6, 9 ir 12 darnaus vystymosi tikslus. Bendradarbiaudami su mokslini\u0173 tyrim\u0173 ir pl\u0117tros naudotojais prisidedame prie pasaulinio poveikio.<\/p><p>LAL pagrindin\u0117 b\u016bstin\u0117 \u012fsik\u016brusi Linkolno universiteto miestelyje netoli Kraist\u010der\u010do, Naujojoje Zelandijoje, kur veikia keturios laboratorijos: \u017eali\u0173j\u0173 technologij\u0173, mikrobang\u0173, biotechnologij\u0173 ir tiksliosios \u017eemdirbyst\u0117s. Naujojoje Zelandijoje taip pat turime biur\u0105 Ruakuroje, Hamiltone.<\/p>\t\t\t\t\t\t\t\t<\/div>\n\t\t\t\t<\/div>\n\t\t\t\t\t<\/div>\n\t\t\t\t<\/div>\n\t\t<div class=\"elementor-element elementor-element-ed530dc e-flex e-con-boxed sc_layouts_column_icons_position_left e-con e-parent\" data-id=\"ed530dc\" data-element_type=\"container\">\n\t\t\t\t\t<div class=\"e-con-inner\">\n\t\t\t\t<div class=\"elementor-element elementor-element-ed5dede sc_fly_static elementor-widget elementor-widget-spacer\" data-id=\"ed5dede\" data-element_type=\"widget\" data-widget_type=\"spacer.default\">\n\t\t\t\t<div class=\"elementor-widget-container\">\n\t\t\t\t\t\t\t<div class=\"elementor-spacer\">\n\t\t\t<div class=\"elementor-spacer-inner\"><\/div>\n\t\t<\/div>\n\t\t\t\t\t\t<\/div>\n\t\t\t\t<\/div>\n\t\t\t\t<div class=\"elementor-element elementor-element-e65e3ed sc_fly_static elementor-widget elementor-widget-heading\" data-id=\"e65e3ed\" data-element_type=\"widget\" data-widget_type=\"heading.default\">\n\t\t\t\t<div class=\"elementor-widget-container\">\n\t\t\t\t\t<h4 class=\"elementor-heading-title elementor-size-default\">Lincoln Agritech'S ROLE AT STELLA<\/h4>\t\t\t\t<\/div>\n\t\t\t\t<\/div>\n\t\t\t\t<div class=\"elementor-element elementor-element-ffcc32d sc_fly_static elementor-widget elementor-widget-text-editor\" data-id=\"ffcc32d\" data-element_type=\"widget\" data-widget_type=\"text-editor.default\">\n\t\t\t\t<div class=\"elementor-widget-container\">\n\t\t\t\t\t\t\t\t\t<p>LincolnAgritech prisideda prie \u012fvairi\u0173 STELLA projekto darbo paket\u0173. Bendradarbiavimas su nacionaliniu Naujosios Zelandijos obuoli\u0173 pramon\u0117s ir Naujosios Zelandijos vyriausyb\u0117s projektu (\u201eSmart &amp; Sustainable\u201c) teikia abipusi\u0161kai naudingus rezultatus.<\/p><p><strong> WP2: Duomen\u0173 rinkimas, apdorojimas ir modeliavimas.<\/strong> LincolnAgritech prisideda prie \u0161i\u0173 u\u017eduo\u010di\u0173 vykdymo:\nT2.1 \u2013  bandym\u0173 protokol\u0173 ir duomen\u0173 rinkimo protokol\u0173, skirt\u0173 bandomiesiems naudojimo atvejams (UCP) Naujojoje Zelandijoje, sudarymas ir duomen\u0173 rinkimas, siekiant sukurti DI algoritmus, skirtus ligai (\u201eNeofabraea alba\u201c \u2013 obuoli\u0173 \u201ebuliaus akies\u201c puvinys) nustatyti. \nT2.2 \u2013 artimos steb\u0117senos, daikt\u0173 interneto ir nuotolinio steb\u0117jimo duomen\u0173 rinkimas. Tai apima duomen\u0173, reikaling\u0173 rizikos modeliavimo darbams pagal projekto 2 darbo paket\u0105, rinkim\u0105 (or\u0173, pas\u0117li\u0173 valdymo, radikal\u0173 valdymo), duomen\u0173 apie pa\u010dius pas\u0117lius (pvz., mi\u0161ko skliauto vertinim\u0105 naudojant \u201eEdencore\u201c sukurt\u0105 \u201eViewer\u201c), taip pat ligos spor\u0173 m\u0117gini\u0173 \u0117mim\u0105 (pvz., naudojant spor\u0173 m\u0117gini\u0173 \u0117mikl\u012f i\u0161 \u201ePessl Instruments\u201c), siekiant steb\u0117ti gryb\u0173 spor\u0173 koncentracij\u0105 ore ir nustatyti grybini\u0173 lig\u0173 (Neofabraea alba Naujojoje Zelandijoje) prad\u017ei\u0105 bei j\u0173 progres\u0105.\nT2.4 \u2013 masinis informacijos dalijimasis (pilie\u010di\u0173 mokslas), pvz., pilie\u010di\u0173 mokslu instruktuoti ir \u012ftraukti suinteresuotus asmenis auginimo regione, remiantis mokym\u0173 seminaruose Naujojoje Zelandijoje (1 per metus) veikla, naudojant projekto i\u0161maniojo telefono program\u0117l\u0119 ir suteikiant praktinius mokymus, kaip ja rinkti ir \u012fkelti pas\u0117liams kenkian\u010di\u0173 kenk\u0117j\u0173 ir lig\u0173 vaizdus.<\/p><p><strong>WP3: STELLA platforma.<\/strong> LincolnAgritech dalyvauja u\u017eduotyje T3.5 \u2013 Platformos vertinimas ir platinimas, padedant kurti ir vertinti STELLA PSS platform\u0105.<\/p><p><strong>WP4: Tiriamieji atvejai.<\/strong> Projekto tiriamo atvejo valdymas ir mokslini\u0173 tyrim\u0173 vykdymas, per trejus metus atliekant STELLA PSS bandymus ir vertinimus, susijusius su N. alba liga obuoli\u0173 soduose did\u017eiausiame Naujosios Zelandijos vaisi\u0173 auginimo regione (Houkis B\u0117jaus). Tai apima u\u017eduotis: T4.1 \u2013 Naujosios Zelandijos tiriamo atvejo N. alba rengimo, planavimo ir vertinimo protokolo apibr\u0117\u017eim\u0105; T4.2 \u2013 tiriam\u0173 atvej\u0173 vykdym\u0105 ir steb\u0117sen\u0105, naudojant STELLA sistem\u0105 (programos, med\u017eiaga), i\u0161bandym\u0105 ir informacijos bei rekomendacij\u0173 pateikim\u0105 v\u0117lesn\u0117ms versijoms;\nT4.3 \u2013 tiriam\u0173 atvej\u0173 \u012fvertinim\u0105 pagal tikslumo, informacijos turinio ir patikimumo priemones.<\/p><p><strong>WP5: Politin\u0117s rekomendacijos ir ekonomin\u0117s naudos analiz\u0117.<\/strong> \u201eLincolnAgritech\u201c (5 tiriamas atvejis: \u201eNaujoji Zelandija\u201c, obuoliai) pateikia nacionalines arba pramon\u0117s politikos rekomendacijas, vis\u0173 pirma susijusias su u\u017eduotimi\nT5.2 \u2013 politikos rekomendacijos d\u0117l skaitmenini\u0173 technologij\u0173 diegimo, daugiausia d\u0117mesio skiriant skaitmenini\u0173 technologij\u0173 diegimui Naujosios Zelandijos obuoli\u0173 sektoriuje.<\/p>\t\t\t\t\t\t\t\t<\/div>\n\t\t\t\t<\/div>\n\t\t\t\t\t<\/div>\n\t\t\t\t<\/div>\n\t\t<div class=\"trx_addons_has_bg_text elementor-element elementor-element-30c618f e-flex e-con-boxed sc_layouts_column_icons_position_left e-con e-parent\" data-bg-text=\"{&quot;bg_text&quot;:&quot;MORE INFO&quot;,&quot;bg_text_effect&quot;:&quot;slide&quot;,&quot;bg_text_overlay&quot;:{&quot;url&quot;:&quot;&quot;},&quot;bg_text_left&quot;:{&quot;size&quot;:&quot;&quot;,&quot;unit&quot;:&quot;%&quot;},&quot;bg_text_top&quot;:{&quot;size&quot;:&quot;&quot;,&quot;unit&quot;:&quot;%&quot;},&quot;bg_text_z_index&quot;:{&quot;size&quot;:&quot;0&quot;,&quot;unit&quot;:&quot;px&quot;},&quot;bg_text_marquee&quot;:{&quot;unit&quot;:&quot;px&quot;,&quot;size&quot;:&quot;&quot;,&quot;sizes&quot;:[]},&quot;bg_text_marquee_hover&quot;:&quot;&quot;,&quot;bg_text_marquee_margin&quot;:{&quot;size&quot;:&quot;50&quot;,&quot;unit&quot;:&quot;px&quot;},&quot;bg_text_reverse&quot;:0,&quot;bg_text_accelerate&quot;:0,&quot;bg_text_delimiter_icon&quot;:&quot;&quot;,&quot;bg_text_delimiter_image&quot;:&quot;&quot;,&quot;bg_text_delimiter_svg&quot;:&quot;&quot;,&quot;bg_text_delimiter_rotation&quot;:0}\" data-id=\"30c618f\" data-element_type=\"container\">\n\t\t\t\t\t<div class=\"e-con-inner\">\n\t\t<div class=\"trx_addons_has_bg_text elementor-element elementor-element-7eabae8 e-con-full e-flex sc_layouts_column_icons_position_left e-con e-child\" data-bg-text=\"{&quot;bg_text&quot;:&quot;MORE INFO&quot;,&quot;bg_text_effect&quot;:&quot;slide&quot;,&quot;bg_text_overlay&quot;:{&quot;url&quot;:&quot;&quot;},&quot;bg_text_left&quot;:{&quot;size&quot;:&quot;&quot;,&quot;unit&quot;:&quot;%&quot;},&quot;bg_text_top&quot;:{&quot;unit&quot;:&quot;%&quot;,&quot;size&quot;:-3,&quot;sizes&quot;:[]},&quot;bg_text_z_index&quot;:{&quot;unit&quot;:&quot;px&quot;,&quot;size&quot;:&quot;&quot;,&quot;sizes&quot;:[]},&quot;bg_text_marquee&quot;:{&quot;unit&quot;:&quot;px&quot;,&quot;size&quot;:&quot;&quot;,&quot;sizes&quot;:[]},&quot;bg_text_marquee_hover&quot;:&quot;&quot;,&quot;bg_text_marquee_margin&quot;:{&quot;size&quot;:&quot;50&quot;,&quot;unit&quot;:&quot;px&quot;},&quot;bg_text_reverse&quot;:0,&quot;bg_text_accelerate&quot;:0,&quot;bg_text_delimiter_icon&quot;:&quot;&quot;,&quot;bg_text_delimiter_image&quot;:&quot;&quot;,&quot;bg_text_delimiter_svg&quot;:&quot;&quot;,&quot;bg_text_delimiter_rotation&quot;:0}\" data-id=\"7eabae8\" data-element_type=\"container\">\n\t\t\t\t<div class=\"elementor-element elementor-element-3d0903c sc_fly_static elementor-widget elementor-widget-heading\" data-id=\"3d0903c\" data-element_type=\"widget\" data-widget_type=\"heading.default\">\n\t\t\t\t<div class=\"elementor-widget-container\">\n\t\t\t\t\t<h6 class=\"elementor-heading-title elementor-size-default\">Daugiau informacijos<\/h6>\t\t\t\t<\/div>\n\t\t\t\t<\/div>\n\t\t\t\t<div class=\"elementor-element elementor-element-d793a25 sc_fly_static elementor-widget elementor-widget-trx_sc_layouts_iconed_text\" data-id=\"d793a25\" data-element_type=\"widget\" data-widget_type=\"trx_sc_layouts_iconed_text.default\">\n\t\t\t\t<div class=\"elementor-widget-container\">\n\t\t\t\t\t<div class=\"sc_layouts_iconed_text\" ><span class=\"sc_layouts_item_icon sc_layouts_iconed_text_icon icon-locator sc_icon_type_icons\"><\/span><span class=\"sc_layouts_item_details sc_layouts_iconed_text_details\"><span class=\"sc_layouts_item_details_line1 sc_layouts_iconed_text_line1\">Naujoji Zelandija<\/span><\/span><\/div>\t\t\t\t<\/div>\n\t\t\t\t<\/div>\n\t\t\t\t<div class=\"elementor-element elementor-element-a27e7ba sc_fly_static elementor-widget elementor-widget-trx_sc_layouts_iconed_text\" data-id=\"a27e7ba\" data-element_type=\"widget\" data-widget_type=\"trx_sc_layouts_iconed_text.default\">\n\t\t\t\t<div class=\"elementor-widget-container\">\n\t\t\t\t\t<div class=\"sc_layouts_iconed_text\" ><a href=\"https:\/\/lincolnagritech.co.nz\/\" class=\"sc_layouts_item_link sc_layouts_iconed_text_link\" target=\"_blank\" rel=\"noopener noreferrer nofollow\"><span class=\"sc_layouts_item_icon sc_layouts_iconed_text_icon icon-sphere sc_icon_type_icons\"><\/span><span class=\"sc_layouts_item_details sc_layouts_iconed_text_details\"><span class=\"sc_layouts_item_details_line1 sc_layouts_iconed_text_line1\">lincolnagritech.co.nz<\/span><\/span><\/a><\/div>\t\t\t\t<\/div>\n\t\t\t\t<\/div>\n\t\t\t\t<div class=\"elementor-element elementor-element-e9852ed sc_fly_static elementor-widget elementor-widget-trx_sc_socials\" data-id=\"e9852ed\" data-element_type=\"widget\" data-widget_type=\"trx_sc_socials.default\">\n\t\t\t\t<div class=\"elementor-widget-container\">\n\t\t\t\t\t<div  \n\t\tclass=\"sc_socials sc_socials_default sc_align_none\" ><div class=\"socials_wrap sc_item_content\"><a target=\"_blank\" rel=\"nofollow\" href=\"https:\/\/www.linkedin.com\/company\/lincoln-agritech-limited\/\" class=\"social_item social_item_style_icons sc_icon_type_icons social_item_type_icons\"><span class=\"social_icon social_icon_linkedin\" style=\"\"><span class=\"screen-reader-text\">linkedin<\/span><span class=\"icon-linkedin\"><\/span><\/span><\/a><a target=\"_blank\" rel=\"nofollow\" href=\"https:\/\/www.facebook.com\/LincolnAgritech\" class=\"social_item social_item_style_icons sc_icon_type_icons social_item_type_icons\"><span class=\"social_icon social_icon_facebook\" style=\"\"><span class=\"screen-reader-text\">facebook<\/span><span class=\"icon-facebook\"><\/span><\/span><\/a><a target=\"_blank\" rel=\"nofollow\" href=\"https:\/\/twitter.com\/LincolnAgritech\" class=\"social_item social_item_style_icons sc_icon_type_icons social_item_type_icons\"><span class=\"social_icon social_icon_twitter-x\" style=\"\"><span class=\"screen-reader-text\">twitter-x<\/span><span class=\"trx_addons_icon-twitter-x\"><\/span><\/span><\/a><a target=\"_blank\" rel=\"nofollow\" href=\"https:\/\/www.youtube.com\/channel\/UCchc2JG3ITc62d01Ya4LEFg\" class=\"social_item social_item_style_icons sc_icon_type_icons social_item_type_icons\"><span class=\"social_icon social_icon_youtube2\" style=\"\"><span class=\"screen-reader-text\">youtube2<\/span><span class=\"trx_addons_icon-youtube2\"><\/span><\/span><\/a><\/div><\/div>\t\t\t\t<\/div>\n\t\t\t\t<\/div>\n\t\t\t\t<\/div>\n\t\t<div class=\"elementor-element elementor-element-e49ca50 e-con-full e-flex sc_layouts_column_icons_position_left e-con e-child\" data-id=\"e49ca50\" data-element_type=\"container\">\n\t\t\t\t<div class=\"elementor-element elementor-element-e73c340 sc_fly_static elementor-widget elementor-widget-heading\" data-id=\"e73c340\" data-element_type=\"widget\" data-widget_type=\"heading.default\">\n\t\t\t\t<div class=\"elementor-widget-container\">\n\t\t\t\t\t<h6 class=\"elementor-heading-title elementor-size-default\">Kontaktinis asmuo<\/h6>\t\t\t\t<\/div>\n\t\t\t\t<\/div>\n\t\t\t\t<div class=\"elementor-element elementor-element-4378ec5 elementor-author-box--align-left sc_fly_static elementor-widget elementor-widget-author-box\" data-id=\"4378ec5\" data-element_type=\"widget\" data-widget_type=\"author-box.default\">\n\t\t\t\t<div class=\"elementor-widget-container\">\n\t\t\t\t\t\t\t<div class=\"elementor-author-box\">\n\t\t\t\n\t\t\t<div class=\"elementor-author-box__text\">\n\t\t\t\t\t\t\t\t\t<div >\n\t\t\t\t\t\t<h4 class=\"elementor-author-box__name\">\n\t\t\t\t\t\t\tDr. Armin Werner\t\t\t\t\t\t<\/h4>\n\t\t\t\t\t<\/div>\n\t\t\t\t\n\t\t\t\t\n\t\t\t\t\t\t\t\t\t<a class=\"elementor-author-box__button elementor-button elementor-size-xs\" href=\"mailto:Armin.Werner@LincolnAgritech.co.nz\">\n\t\t\t\t\t\tKontaktas\t\t\t\t\t<\/a>\n\t\t\t\t\t\t\t<\/div>\n\t\t<\/div>\n\t\t\t\t\t\t<\/div>\n\t\t\t\t<\/div>\n\t\t\t\t<\/div>\n\t\t\t\t\t<\/div>\n\t\t\t\t<\/div>\n\t\t\t\t<\/div>","protected":false},"excerpt":{"rendered":"<p>LAL LINCOLN AGRITECH LIMITED Lincoln Agritech Ltd (LAL) is a for-purpose, leading-edge research and development&hellip;<\/p>","protected":false},"author":2,"featured_media":37319,"parent":4047,"menu_order":14,"comment_status":"closed","ping_status":"closed","template":"","meta":{"iawp_total_views":57,"footnotes":""},"class_list":["post-39119","page","type-page","status-publish","has-post-thumbnail","hentry"],"_links":{"self":[{"href":"https:\/\/stella-pss.eu\/lt\/wp-json\/wp\/v2\/pages\/39119","targetHints":{"allow":["GET"]}}],"collection":[{"href":"https:\/\/stella-pss.eu\/lt\/wp-json\/wp\/v2\/pages"}],"about":[{"href":"https:\/\/stella-pss.eu\/lt\/wp-json\/wp\/v2\/types\/page"}],"author":[{"embeddable":true,"href":"https:\/\/stella-pss.eu\/lt\/wp-json\/wp\/v2\/users\/2"}],"replies":[{"embeddable":true,"href":"https:\/\/stella-pss.eu\/lt\/wp-json\/wp\/v2\/comments?post=39119"}],"version-history":[{"count":0,"href":"https:\/\/stella-pss.eu\/lt\/wp-json\/wp\/v2\/pages\/39119\/revisions"}],"up":[{"embeddable":true,"href":"https:\/\/stella-pss.eu\/lt\/wp-json\/wp\/v2\/pages\/4047"}],"wp:featuredmedia":[{"embeddable":true,"href":"https:\/\/stella-pss.eu\/lt\/wp-json\/wp\/v2\/media\/37319"}],"wp:attachment":[{"href":"https:\/\/stella-pss.eu\/lt\/wp-json\/wp\/v2\/media?parent=39119"}],"curies":[{"name":"wp","href":"https:\/\/api.w.org\/{rel}","templated":true}]}}